{"id":83,"date":"2017-01-09T14:56:42","date_gmt":"2017-01-09T13:56:42","guid":{"rendered":"https:\/\/oekosozial.at\/wien\/?page_id=83"},"modified":"2025-10-11T08:13:11","modified_gmt":"2025-10-11T06:13:11","slug":"werte","status":"publish","type":"page","link":"https:\/\/oekosozial.at\/wien\/ueber-uns\/werte\/","title":{"rendered":"Unsere Werte &amp; die \u00d6kosoziale Idee"},"content":{"rendered":"\n<p>Als kleiner, gemeinn\u00fctziger Verein sind wir eine lebendige Wertegemeinschaft. Wir setzen uns aktiv f\u00fcr unsere Vision ein, und wollen diese lokal umsetzen. Wir arbeiten dabei eng mit Einrichtungen der Stadt Wien und anderen Partnern zusammen. Wertsch\u00e4tzung, Offenheit und ein l\u00f6sungsorientiertes Miteinander sind die Grundhaltungen unserer Arbeit. <\/p>\n\n\n\n<p>Die <strong>\u00d6KOSOZIALE IDEE<\/strong> ist f\u00fcr uns die \u00dcbertragung der \u00d6kosozialen Prinzipien in das lebendigen, nachhaltigen und solidarischen Zusammenlebens von Menschen &#8211; getragen vom respektvollen, schonenden und bewussten Umgang mit der Natur als unserer Lebensgrundlage, unseren Mitlebewesen und unseren nat\u00fcrlichen Ressourcen. Daher nehmen Bewusstseinsbildung, Sensibilisierung, Wissensvermittlung und die F\u00f6rderung einer positiven Naturbeziehung einen zentralen Stellenwert in unserer Arbeit f\u00fcr ein nachhaltiges Wien ein. <\/p>\n\n\n\n<p>Besonderes Augenmerk legen wir auf Teilhabe, Inklusivit\u00e4t und sozialen Zusammenhalt. Wir sehen unseren Auftrag darin, mit unseren Projekten eine <strong>\u00d6KO-SOZIALE<\/strong> Br\u00fccke zu schlagen, um mit unseren Angeboten Mehrwert f\u00fcr die Wiener Bev\u00f6lkerung in einem Gro\u00dfteil ihrer Breite zu schaffen &#8211; nicht nur f\u00fcr einzelne, durch Wissen oder Geld privilegiertere gesellschaftliche Gruppen. Das bedeutet, dass wir unsere Projekte so konzipieren, dass viele unterschiedliche Gruppen von Menschen, aus unseren Angeboten, Veranstaltungen, Publikationen und Wissenssammlungen, Impulse f\u00fcr Nachhaltigkeit, Gesundheit und Soziales Miteinander mitzunehmen k\u00f6nnen. <\/p>\n\n\n\n<p>Wir sehen uns aber auch als \u00d6kosoziales <strong>FORUM<\/strong> &#8211; als ein Forum f\u00fcr Austausch und Dialog zu \u00f6kosozialen Fragen, Herausforderungen und Chancen. <\/p>\n\n\n\n<p>F\u00fcr diese wichtigen Aufgaben sind unsere vielen Partnerschaften mit anderen Organisationen wesentlich. <\/p>\n\n\n\n<p><\/p>\n\n\n\n<div class=\"wp-block-buttons is-layout-flex wp-block-buttons-is-layout-flex\">\n<div class=\"wp-block-button\"><a class=\"wp-block-button__link has-white-color has-text-color has-background wp-element-button\" href=\"https:\/\/oekosozial.at\/wien\/wp-content\/uploads\/sites\/4\/2024\/08\/OeSF-Wien_Leitbild-2022-final.pdf\" style=\"background-color:#9fbf43\">Leitbild des \u00d6kosozialen Forums Wien<\/a><\/div>\n<\/div>\n\n\n<\/p>\n<p><div class=\"x-resp-embed x-is-video x-is-youtube\"><iframe loading=\"lazy\" title=\"\u00d6kosoziales Forum Wien - Das Prinzip Miteinander\" width=\"758\" height=\"426\" src=\"https:\/\/www.youtube.com\/embed\/_845jv2tl8Q?feature=oembed\" frameborder=\"0\" allow=\"accelerometer; autoplay; clipboard-write; encrypted-media; gyroscope; picture-in-picture; web-share\" referrerpolicy=\"strict-origin-when-cross-origin\" allowfullscreen><\/iframe><\/div><\/p>\n<\/p>\n<p><span style=\"color: #008000\">\u00a0<\/span><\/p>\n<\/p>\n\n\n<p>#dasist\u00f6kosozial #dasprinzipmiteinander<\/p>\n","protected":false},"excerpt":{"rendered":"<p>Als kleiner, gemeinn\u00fctziger Verein sind wir eine lebendige Wertegemeinschaft. Wir setzen uns aktiv f\u00fcr unsere Vision ein, und wollen diese lokal umsetzen. Wir arbeiten dabei eng mit Einrichtungen der Stadt Wien und anderen Partnern zusammen. Wertsch\u00e4tzung, Offenheit und ein l\u00f6sungsorientiertes Miteinander sind die Grundhaltungen unserer Arbeit. Die \u00d6KOSOZIALE IDEE ist f\u00fcr uns die \u00dcbertragung der \u00d6kosozialen Prinzipien in das lebendigen, &#8230;<\/p>\n","protected":false},"author":24,"featured_media":0,"parent":4217,"menu_order":0,"comment_status":"closed","ping_status":"closed","template":"","meta":{"footnotes":""},"class_list":["post-83","page","type-page","status-publish","hentry","no-post-thumbnail"],"_links":{"self":[{"href":"https:\/\/oekosozial.at\/wien\/wp-json\/wp\/v2\/pages\/83","targetHints":{"allow":["GET"]}}],"collection":[{"href":"https:\/\/oekosozial.at\/wien\/wp-json\/wp\/v2\/pages"}],"about":[{"href":"https:\/\/oekosozial.at\/wien\/wp-json\/wp\/v2\/types\/page"}],"author":[{"embeddable":true,"href":"https:\/\/oekosozial.at\/wien\/wp-json\/wp\/v2\/users\/24"}],"replies":[{"embeddable":true,"href":"https:\/\/oekosozial.at\/wien\/wp-json\/wp\/v2\/comments?post=83"}],"version-history":[{"count":10,"href":"https:\/\/oekosozial.at\/wien\/wp-json\/wp\/v2\/pages\/83\/revisions"}],"predecessor-version":[{"id":5807,"href":"https:\/\/oekosozial.at\/wien\/wp-json\/wp\/v2\/pages\/83\/revisions\/5807"}],"up":[{"embeddable":true,"href":"https:\/\/oekosozial.at\/wien\/wp-json\/wp\/v2\/pages\/4217"}],"wp:attachment":[{"href":"https:\/\/oekosozial.at\/wien\/wp-json\/wp\/v2\/media?parent=83"}],"curies":[{"name":"wp","href":"https:\/\/api.w.org\/{rel}","templated":true}]}}