{"id":788,"date":"2019-01-21T14:04:12","date_gmt":"2019-01-21T13:04:12","guid":{"rendered":"https:\/\/oekosozial.at\/wien\/?page_id=788"},"modified":"2026-04-15T14:05:53","modified_gmt":"2026-04-15T12:05:53","slug":"fairteiler-kuehrschraenke-zur-lebensmittelweitergabe","status":"publish","type":"page","link":"https:\/\/oekosozial.at\/wien\/was-wir-tun\/fairteiler-kuehrschraenke-zur-lebensmittelweitergabe\/","title":{"rendered":"FAIRteiler-K\u00fchlschr\u00e4nke zur Lebensmittelweitergabe"},"content":{"rendered":"<p><em>FAIRteilerk\u00fchlschr\u00e4nke &#8211; auch Gr\u00e4tzelk\u00fchlschr\u00e4nke genannt &#8211; sind K\u00fchlschr\u00e4nke im \u00f6ffentlichen Raum, die der Weitergabe genie\u00dfbarer Lebensmittel dienen. Sie dienen der Vermeidung von Lebensmittelabf\u00e4llen, der Bewusstseinsbildung und der Sensibilisierung.<\/em><\/p>\n<p><em>Die K\u00fchlschr\u00e4nke unterst\u00fctzen Menschen mit niedrigeren Einkommen im Zugang zu Lebensmitteln &#8211; FAIRteiler-K\u00fchlschr\u00e4nke richten sich aber nicht ausschlie\u00dflich an sozial schwache oder armutsbetroffene Menschen! Sie sind ein Angebot und eine M\u00f6glichkeit zur Lebensmittelweitergabe F\u00dcR ALLE, regen zu einem verantwortungsvollen Umgang mit Lebensmitteln an und tragen zur Lebensmittelabfallvermeidung bei. Die K\u00fchlschr\u00e4nke sind damit auch Orte der Bewusstseinsbildung im Sinne einer nachhaltigen, umweltschonenden und sozial fairen &#8211;\u00a0 also \u00f6kosozialen &#8211; Ern\u00e4hrung.<\/em><\/p>\n<h2><span style=\"font-size: 18pt\"><strong>&#8222;Hilfswerk FAIR.teiler&#8220;<\/strong><\/span><\/h2>\n<p>Das <strong>Projekt Hilfswerk FAIR.teiler<\/strong> ist eine Kooperation von <strong>\u00d6kosozialem Forum Wien<\/strong>, den <a href=\"http:\/\/www.nachbarschaftszentren.at\/\"><strong>Nachbarschaftszentren des Wiener Hilfswerks<\/strong><\/a> und Foodsharing Vienna. Das Projekt hat sich seither erfolgreich entwickelt: Seit dem Start im M\u00e4rz 2018 wurden 4 FAIRteiler-K\u00fchlschr\u00e4nke er\u00f6ffnet, pro K\u00fchlschrank k\u00f6nnen j\u00e4hrlich <strong>mehr als 1500 Kilogramm Lebensmittel<\/strong> gerettet und weitergegeben werden.\u00a0 Beliefert werden diese vor allem durch die <a href=\"https:\/\/www.facebook.com\/wienfoodsharing\/\"><strong>Foodsharing Wien<\/strong><\/a>, die sich der Rettung und der Weitergabe genie\u00dfbarer Lebensmittel verschrieben hat. Das Projekt soll St\u00fcck f\u00fcr St\u00fcck auf alle Nachbarschaftszentren des Wiener Hilfswerks ausgeweitet werden.<\/p>\n<p><strong><img loading=\"lazy\" decoding=\"async\" class=\" wp-image-1191\" src=\"https:\/\/oekosozial.at\/wien\/wp-content\/uploads\/sites\/4\/2019\/04\/nz_fair-teiler_freecard_ohne1_5e97.jpg\" alt=\"\" width=\"490\" height=\"347\" srcset=\"https:\/\/oekosozial.at\/wien\/wp-content\/uploads\/sites\/4\/2019\/04\/nz_fair-teiler_freecard_ohne1_5e97.jpg 1748w, https:\/\/oekosozial.at\/wien\/wp-content\/uploads\/sites\/4\/2019\/04\/nz_fair-teiler_freecard_ohne1_5e97-300x213.jpg 300w, https:\/\/oekosozial.at\/wien\/wp-content\/uploads\/sites\/4\/2019\/04\/nz_fair-teiler_freecard_ohne1_5e97-768x545.jpg 768w, https:\/\/oekosozial.at\/wien\/wp-content\/uploads\/sites\/4\/2019\/04\/nz_fair-teiler_freecard_ohne1_5e97-1024x726.jpg 1024w, https:\/\/oekosozial.at\/wien\/wp-content\/uploads\/sites\/4\/2019\/04\/nz_fair-teiler_freecard_ohne1_5e97-100x71.jpg 100w, https:\/\/oekosozial.at\/wien\/wp-content\/uploads\/sites\/4\/2019\/04\/nz_fair-teiler_freecard_ohne1_5e97-758x538.jpg 758w, https:\/\/oekosozial.at\/wien\/wp-content\/uploads\/sites\/4\/2019\/04\/nz_fair-teiler_freecard_ohne1_5e97-968x687.jpg 968w\" sizes=\"auto, (max-width: 490px) 100vw, 490px\" \/><\/strong><\/p>\n<h4><strong><span style=\"font-size: 14pt\">Standorte:<\/span><\/strong><\/h4>\n<p>Bitte fragen Sie immer an den jeweiligen Standorten an, ob die K\u00fchlschr\u00e4nke aktuell in Betrieb und gef\u00fcllt sind. (Viele K\u00fchlschr\u00e4nke werden nur ein oder zwei Mal \/ Woche bef\u00fcllt.)<\/p>\n<ul>\n<li><a href=\"https:\/\/www.nachbarschaftszentren.at\/standorte\/nbz3\"><strong>Nachbarschaftszentrum Landstra\u00dfe (1030): <\/strong><\/a>\n<ul>\n<li>\n<div class=\"street\">Barichgasse 8, 1030 Wien<\/div>\n<\/li>\n<\/ul>\n<\/li>\n<li><a href=\"https:\/\/www.nachbarschaftszentren.at\/standorte\/nbz6\"><strong>Nachbarschaftszentrum Mariahilf (1060):<\/strong><\/a>\n<ul>\n<li>B\u00fcrgerspitalgasse 4\u20136 , 1060 Wien<\/li>\n<\/ul>\n<\/li>\n<li><a href=\"https:\/\/www.nachbarschaftszentren.at\/standorte\/nbz8\"><strong>Nachbarschaftszentrum Josefstadt (1080):<\/strong><\/a>\n<ul>\n<li>Hilfswerk Nachbarschaftszentrum 8, Florianigasse 24, 1080 Wien<\/li>\n<\/ul>\n<\/li>\n<li><a href=\"https:\/\/www.nachbarschaftszentren.at\/standorte\/nbz12\"><strong>Nachbarschaftszentrum Meidling (1120):<\/strong><\/a>\n<ul>\n<li>Hilfswerk Nachbarschaftszentrum 12, Am Sch\u00f6pfwerk 31, Stiege 3 Raum 1, 1120 Wien<\/li>\n<\/ul>\n<\/li>\n<li><a href=\"https:\/\/www.nachbarschaftszentren.at\/standorte\/nbz15\"><strong>Nachbarschaftszentrum RHFH (1150):<\/strong><\/a> <span style=\"color: #ff0000\">COMING SOON<\/span>\n<ul>\n<li>Nachbarschaftszentrum 17, Hernalser Hauptstra\u00dfe 53, 1170 Wien<\/li>\n<\/ul>\n<\/li>\n<li><a href=\"https:\/\/www.nachbarschaftszentren.at\/standorte\/nbz17\"><strong>Nachbarschaftszentrum Hernals (1170):<\/strong><\/a>\n<ul>\n<li>Nachbarschaftszentrum 17, Hernalser Hauptstra\u00dfe 53, 1170 Wien<\/li>\n<\/ul>\n<\/li>\n<li><a href=\"https:\/\/www.nachbarschaftszentren.at\/standorte\/nbz22\"><strong>Nachbarschaftszentrum Donaustadt (1220)<\/strong><\/a>\n<ul>\n<li>Rennbahnweg 27\/2-3\/R1, Eingang Austerlitzgasse<\/li>\n<\/ul>\n<\/li>\n<\/ul>\n<p><span style=\"font-size: 14pt\"><strong>Weitere FAIRteiler:<\/strong><\/span><\/p>\n<ul>\n<li><a href=\"https:\/\/www.vhs.at\/de\/e\/donaustadt\">Volkshochschule Donaustadt<\/a>, Bernoullistr. 1, 1220 Wien<\/li>\n<li><a href=\"https:\/\/kwp.at\/pensionistenklubs\/klubs\/unsere-klubs\/klub-all-in-penzing\/\">All In Penzing<\/a>, K\u00e4the-Dorsch-Gasse 17\/1, 1140 Wien<\/li>\n<li><a href=\"https:\/\/www.loginsleben.at\/home.html\">Verein LOGIN<\/a>, Weiglgasse 19\/4-6, 1150 Wien<\/li>\n<\/ul>\n<h4><strong>Mehr Informationen rund ums Thema Lebensmittelverschwendung und Lebensmittelweitergabe:<\/strong><\/h4>\n<ul>\n<li>\n<p><span style=\"font-size: 12pt\"><a href=\"https:\/\/www.wien.gv.at\/umweltschutz\/abfall\/lebensmittel\/fakten.html\">Lebensmittelabf\u00e4lle in Zahlen (Stadt Wien | Umweltschutz)<\/a><\/span><\/p>\n<\/li>\n<li>\n<p><span style=\"font-size: 12pt\"><a href=\"https:\/\/oekosozial.at\/wien\/neuer-leitfaden-zur-lebensmittelweitergabe-fuer-wien-erschienen\/\">Leitfaden zur Lebensmittelweitergabe (Stadt Wien | Umweltschutz &amp; \u00d6SF Wien)<\/a><\/span><\/p>\n<\/li>\n<li>\n<p><span lang=\"DE\" style=\"font-size: 12pt\"><a href=\"https:\/\/www.wien.gv.at\/umweltschutz\/nachhaltigkeit\/pdf\/lebensmittelweitergabe-checkliste.pdf\">Anleitung f\u00fcr erfolgreiche Lebensmittelweitergabe-Kooperationen im Gr\u00e4tzel (<\/a><a href=\"https:\/\/www.wien.gv.at\/umweltschutz\/abfall\/lebensmittel\/fakten.html\">Stadt Wien | Umweltschutz<\/a><a href=\"https:\/\/www.wien.gv.at\/umweltschutz\/nachhaltigkeit\/pdf\/lebensmittelweitergabe-checkliste.pdf\">)<\/a><\/span><\/p>\n<\/li>\n<li>\n<p><span style=\"font-size: 12pt\"><a href=\"https:\/\/www.wienertafel.at\/index.php?id=589\">Ist das noch gut? (Wiener Tafel)<\/a><\/span><\/p>\n<\/li>\n<\/ul>\n<p><strong>Projekthistorie:<\/strong><\/p>\n<ul>\n<li><a href=\"https:\/\/www.hilfswerk.at\/wien\/ueber-uns\/presse\/presseaussendungen\/hilfswerk-nachbarschaftszentren-und-oekosoziales-forum-wien-nehmen-fuenften-fair-teiler-kuehlschrank-in-betrieb\/\">November 2019: Hilfswerk-Nachbarschaftszentren und \u00d6kosoziales Forum Wien nehmen f\u00fcnften Fair-Teiler-K\u00fchlschrank in Betrieb<\/a><\/li>\n<li><a href=\"https:\/\/www.hilfswerk.at\/wien\/ueber-uns\/presse\/presseaussendungen\/hilfswerk-nachbarschaftszentrum-meidling-startet-mit-eigenem-fair-teiler-kuehlschrank\/\">Juni 2019: FAIRteiler-K\u00fchlschrank im Nachbarschaftszentrum Meidlung er\u00f6ffnet<\/a><\/li>\n<li><a href=\"https:\/\/oekosozial.at\/wien\/drei-neue-fairteiler-kuehlschraenke-aktiv-gegen-lebnensmittelverschwendung\/\">M\u00e4rz 2018: Drei neue FairTeiler K\u00fchlschr\u00e4nke \u2013 aktiv gegen Lebensmittelverschwendung<\/a><\/li>\n<\/ul>\n<hr \/>\n<p>Unsere FAIRteiler-K\u00fchlschr\u00e4nke sind ein <strong>Beitrag zum Wiener Lebensmittelaktionsplan &#8222;Wien isst gut&#8220; <\/strong>&#8211; dem Aktionsplan der Stadt Wien f\u00fcr ein nachhaltiges, st\u00e4dtisches Ern\u00e4hrungssystem. Mehr unter:\u00a0<\/p>\n<p>https:\/\/www.wien.gv.at\/umweltschutz\/nachhaltigkeit\/wien-isst-gut.html<\/p>\n\n\n<p><\/p>\n","protected":false},"excerpt":{"rendered":"<p>FAIRteilerk\u00fchlschr\u00e4nke &#8211; auch Gr\u00e4tzelk\u00fchlschr\u00e4nke genannt &#8211; sind K\u00fchlschr\u00e4nke im \u00f6ffentlichen Raum, die der Weitergabe genie\u00dfbarer Lebensmittel dienen. Sie dienen der Vermeidung von Lebensmittelabf\u00e4llen, der Bewusstseinsbildung und der Sensibilisierung. Die K\u00fchlschr\u00e4nke unterst\u00fctzen Menschen mit niedrigeren Einkommen im Zugang zu Lebensmitteln &#8211; FAIRteiler-K\u00fchlschr\u00e4nke richten sich aber nicht ausschlie\u00dflich an sozial schwache oder armutsbetroffene Menschen! Sie sind ein Angebot und eine M\u00f6glichkeit zur &#8230;<\/p>\n","protected":false},"author":24,"featured_media":0,"parent":4532,"menu_order":0,"comment_status":"closed","ping_status":"closed","template":"","meta":{"footnotes":""},"class_list":["post-788","page","type-page","status-publish","hentry","no-post-thumbnail"],"_links":{"self":[{"href":"https:\/\/oekosozial.at\/wien\/wp-json\/wp\/v2\/pages\/788","targetHints":{"allow":["GET"]}}],"collection":[{"href":"https:\/\/oekosozial.at\/wien\/wp-json\/wp\/v2\/pages"}],"about":[{"href":"https:\/\/oekosozial.at\/wien\/wp-json\/wp\/v2\/types\/page"}],"author":[{"embeddable":true,"href":"https:\/\/oekosozial.at\/wien\/wp-json\/wp\/v2\/users\/24"}],"replies":[{"embeddable":true,"href":"https:\/\/oekosozial.at\/wien\/wp-json\/wp\/v2\/comments?post=788"}],"version-history":[{"count":10,"href":"https:\/\/oekosozial.at\/wien\/wp-json\/wp\/v2\/pages\/788\/revisions"}],"predecessor-version":[{"id":6225,"href":"https:\/\/oekosozial.at\/wien\/wp-json\/wp\/v2\/pages\/788\/revisions\/6225"}],"up":[{"embeddable":true,"href":"https:\/\/oekosozial.at\/wien\/wp-json\/wp\/v2\/pages\/4532"}],"wp:attachment":[{"href":"https:\/\/oekosozial.at\/wien\/wp-json\/wp\/v2\/media?parent=788"}],"curies":[{"name":"wp","href":"https:\/\/api.w.org\/{rel}","templated":true}]}}