{"id":619,"date":"2018-12-11T12:03:22","date_gmt":"2018-12-11T11:03:22","guid":{"rendered":"https:\/\/oekosozial.at\/wien\/?page_id=619"},"modified":"2024-05-28T19:36:24","modified_gmt":"2024-05-28T17:36:24","slug":"agenda2030-sdgs","status":"publish","type":"page","link":"https:\/\/oekosozial.at\/wien\/unsere-themen\/agenda2030-sdgs\/","title":{"rendered":"Agenda 2030 &amp; Ziele f\u00fcr nachhaltige Entwicklung (SDGs)"},"content":{"rendered":"<p><span style=\"font-family: Georgia, Palatino;color: #008000;font-size: 14pt\"><em>Ein gutes Leben f\u00fcr Alle in einer gesunden Umwelt &#8211; auf einem gesunden Planeten. Das ist das Ziel der Agenda 2030 und ihrer 17 Ziele f\u00fcr Nachhaltige Entwicklung (SDGs).<\/em><\/span><\/p>\n<p><strong><span style=\"color: #008000\">\u00dcber die Agenda 2030 und ihre 17 &#8222;SDGs&#8220;<\/span><\/strong><\/p>\n<p><img loading=\"lazy\" decoding=\"async\" class=\"wp-image-745 alignleft\" src=\"https:\/\/oekosozial.at\/wien\/wp-content\/uploads\/sites\/4\/2019\/01\/SDGs-DE_4887x2392px-1024x501.png\" alt=\"\" width=\"300\" height=\"147\" srcset=\"https:\/\/oekosozial.at\/wien\/wp-content\/uploads\/sites\/4\/2019\/01\/SDGs-DE_4887x2392px-1024x501.png 1024w, https:\/\/oekosozial.at\/wien\/wp-content\/uploads\/sites\/4\/2019\/01\/SDGs-DE_4887x2392px-300x147.png 300w, https:\/\/oekosozial.at\/wien\/wp-content\/uploads\/sites\/4\/2019\/01\/SDGs-DE_4887x2392px-768x376.png 768w, https:\/\/oekosozial.at\/wien\/wp-content\/uploads\/sites\/4\/2019\/01\/SDGs-DE_4887x2392px-100x49.png 100w, https:\/\/oekosozial.at\/wien\/wp-content\/uploads\/sites\/4\/2019\/01\/SDGs-DE_4887x2392px-758x371.png 758w, https:\/\/oekosozial.at\/wien\/wp-content\/uploads\/sites\/4\/2019\/01\/SDGs-DE_4887x2392px-968x474.png 968w\" sizes=\"auto, (max-width: 300px) 100vw, 300px\" \/>Die Agenda 2030 ist ein weltweiter Masterplan der Vereinten Nationen (UNO). Sie wurde 2015 von allen 193 UNO-Staaten beschlossen- mit ihr soll ein gutes Leben f\u00fcr Alle auf einem gesunden Planeten erreicht werden. Die Agenda beruht auf dem Prinzip einer Nachhaltigen Entwicklung \u2013 also der Balance von Umwelt, Sozialem, Wirtschaft. Das langfristige Wohl aller Menschen und der Schutz und Erhalt unserer Natur &amp; Umwelt sollen gemeinsam erreicht werden. Dazu sind viele fundamentale gesellschaftliche Ver\u00e4nderungen notwendig. Herzst\u00fcck der Agenda sind daher 17 Ziele, die bis 2030 umgesetzt werden sollen: die weltweit g\u00fcltigen \u201eZiele f\u00fcr Nachhaltige Entwicklung\u201c (Sustainable Development Goals \u2013 kurz: \u201eSDGs\u201c). Diese sind universelle Orientierungspunkte f\u00fcr den Weg in eine lebenswerte Zukunft.<\/p>\n<p>Wir beziehen uns in unserem Einsatz f\u00fcr die &#8222;\u00f6kosoziale Idee&#8220; &#8211; also die Balance zwischen Lebensqualit\u00e4t, einer intakten Umwelt und einer zukunftsf\u00e4higen wirtschaftlichen Entwicklung &#8211;\u00a0<strong> auf die Agenda 2030 und ihre 17 Ziele f\u00fcr Nachhaltige Entwicklung (Sustainable Development Goals &#8211; &#8222;SDGs&#8220;)<\/strong>. Die 17 Ziele sind weltweit der derzeit wichtigste gesellschaftspolitische Kompass f\u00fcr eine nachhaltige Entwicklung, und in der Praxis in jeder Hinsicht h\u00f6chst relevant und sehr gut nutzbar.<\/p>\n<p><span style=\"font-size: 14pt;color: #94b93f\"><strong><a style=\"color: #94b93f\" href=\"https:\/\/oekosozial.at\/wien\/was-wir-tun\/\">Zu unseren Projekten und Aktivit\u00e4ten<\/a><\/strong><\/span><\/p>\n\n\n<p><\/p>\n","protected":false},"excerpt":{"rendered":"<p>Ein gutes Leben f\u00fcr Alle in einer gesunden Umwelt &#8211; auf einem gesunden Planeten. Das ist das Ziel der Agenda 2030 und ihrer 17 Ziele f\u00fcr Nachhaltige Entwicklung (SDGs). \u00dcber die Agenda 2030 und ihre 17 &#8222;SDGs&#8220; Die Agenda 2030 ist ein weltweiter Masterplan der Vereinten Nationen (UNO). Sie wurde 2015 von allen 193 UNO-Staaten beschlossen- mit ihr soll ein &#8230;<\/p>\n","protected":false},"author":24,"featured_media":0,"parent":594,"menu_order":0,"comment_status":"closed","ping_status":"closed","template":"","meta":{"footnotes":""},"class_list":["post-619","page","type-page","status-publish","hentry","no-post-thumbnail"],"_links":{"self":[{"href":"https:\/\/oekosozial.at\/wien\/wp-json\/wp\/v2\/pages\/619","targetHints":{"allow":["GET"]}}],"collection":[{"href":"https:\/\/oekosozial.at\/wien\/wp-json\/wp\/v2\/pages"}],"about":[{"href":"https:\/\/oekosozial.at\/wien\/wp-json\/wp\/v2\/types\/page"}],"author":[{"embeddable":true,"href":"https:\/\/oekosozial.at\/wien\/wp-json\/wp\/v2\/users\/24"}],"replies":[{"embeddable":true,"href":"https:\/\/oekosozial.at\/wien\/wp-json\/wp\/v2\/comments?post=619"}],"version-history":[{"count":10,"href":"https:\/\/oekosozial.at\/wien\/wp-json\/wp\/v2\/pages\/619\/revisions"}],"predecessor-version":[{"id":4625,"href":"https:\/\/oekosozial.at\/wien\/wp-json\/wp\/v2\/pages\/619\/revisions\/4625"}],"up":[{"embeddable":true,"href":"https:\/\/oekosozial.at\/wien\/wp-json\/wp\/v2\/pages\/594"}],"wp:attachment":[{"href":"https:\/\/oekosozial.at\/wien\/wp-json\/wp\/v2\/media?parent=619"}],"curies":[{"name":"wp","href":"https:\/\/api.w.org\/{rel}","templated":true}]}}