{"id":5421,"date":"2025-05-27T10:08:05","date_gmt":"2025-05-27T08:08:05","guid":{"rendered":"https:\/\/oekosozial.at\/wien\/?page_id=5421"},"modified":"2026-04-13T22:53:46","modified_gmt":"2026-04-13T20:53:46","slug":"wiwi-wiener-wildbienen","status":"publish","type":"page","link":"https:\/\/oekosozial.at\/wien\/unsere-themen\/stadtnatur\/wiwi-wiener-wildbienen\/","title":{"rendered":"WiWi &#8211; Wiener Wildbienen"},"content":{"rendered":"\n<p>Herzlich willkommen bei &#8222;<strong>WiWi<\/strong>&#8220; &#8211; dem p\u00e4dagogisch-didaktischen <strong>Programm f\u00fcr Wildbienen in Wien<\/strong>! <\/p>\n\n\n\n<figure class=\"wp-block-image size-full\"><img loading=\"lazy\" decoding=\"async\" width=\"1013\" height=\"243\" src=\"https:\/\/oekosozial.at\/wien\/wp-content\/uploads\/sites\/4\/2026\/04\/WiWi-Bildleiste.png\" alt=\"\" class=\"wp-image-6203\" srcset=\"https:\/\/oekosozial.at\/wien\/wp-content\/uploads\/sites\/4\/2026\/04\/WiWi-Bildleiste.png 1013w, https:\/\/oekosozial.at\/wien\/wp-content\/uploads\/sites\/4\/2026\/04\/WiWi-Bildleiste-300x72.png 300w, https:\/\/oekosozial.at\/wien\/wp-content\/uploads\/sites\/4\/2026\/04\/WiWi-Bildleiste-768x184.png 768w, https:\/\/oekosozial.at\/wien\/wp-content\/uploads\/sites\/4\/2026\/04\/WiWi-Bildleiste-100x24.png 100w, https:\/\/oekosozial.at\/wien\/wp-content\/uploads\/sites\/4\/2026\/04\/WiWi-Bildleiste-758x182.png 758w, https:\/\/oekosozial.at\/wien\/wp-content\/uploads\/sites\/4\/2026\/04\/WiWi-Bildleiste-968x232.png 968w\" sizes=\"auto, (max-width: 1013px) 100vw, 1013px\" \/><\/figure>\n\n\n\n<div style=\"height:20px\" aria-hidden=\"true\" class=\"wp-block-spacer\"><\/div>\n\n\n\n<p class=\"has-white-color has-luminous-vivid-amber-background-color has-text-color has-background has-link-color wp-elements-52477aa6eb012cd7684056dfa0b71748\"><strong>Was ist WiWi?<\/strong><\/p>\n\n\n\n<p>Hier dreht sich alles um ganz besonders sympathische Stadtschw\u00e4rmer: die Mauerbienen! Und um das, was Kinder (und auch Erwachsene) von den Mauerbienen lernen k\u00f6nnen!<\/p>\n\n\n\n<p><em>WiWi<\/em> ist ein p\u00e4dagogisch-didaktisch konzipiertes Wildbienenprogramm, an dem p\u00e4dagogisch ausgerichtete Einrichtungen (Kinderg\u00e4rten\/Horte, Schulen, Einrichtungen und Angebote der Freizeitp\u00e4dagogik, Jugendzentren, Gartenprojekte, Abenteuerspielpl\u00e4tze, gartenp\u00e4dagogische Einrichtungen) unkompliziert in Eigeninitiative mitmachen k\u00f6nnen.<\/p>\n\n\n\n<p class=\"has-white-color has-luminous-vivid-amber-background-color has-text-color has-background has-link-color wp-elements-090bfca352e1123d8f8e03ccc0805c36\"><strong>Worum geht\u00b4s?<\/strong><\/p>\n\n\n\n<p>Die sympathischen Stadtschw\u00e4rmer, die bei WiWi die Hauptrolle spielen, sind die Mauerbienen. Genauer gesagt die geh\u00f6rnten Mauerbienen (Osmia Cornuta). Die sind gut erforscht, in der p\u00e4dagogischen Arbeit gut beobachtbar und dar\u00fcber hinaus ungef\u00e4hrlich f\u00fcr die Menschen. Sie bilden keine Schw\u00e4rme und haben keinen Stachel, mit dem sie Menschen gef\u00e4hrlich werden k\u00f6nnten. Sie sind \u00fcberaus zahm und wenig scheu &#8211; sie krabbeln auch mal gern auf einer Hand. An ihrem Leben k\u00f6nnen wir &#8211; wenn wir uns die Zeit nehmen, zu beobachten &#8211; viel \u00fcber die lebendige Natur und ihre Zusammenh\u00e4nge und Kreisl\u00e4ufe lernen. <\/p>\n\n\n\n<p><\/p>\n\n\n\n<p class=\"has-white-color has-luminous-vivid-amber-background-color has-text-color has-background has-link-color wp-elements-46c91ebc49f97debdf5a229c939d5a43\"><strong>Sie m\u00f6chten mitmachen?<\/strong><\/p>\n\n\n\n<p><strong>Was wird ben\u00f6tigt? Gl\u00fccklicherweise nicht allzu viel!<\/strong><\/p>\n\n\n\n<ol class=\"wp-block-list\">\n<li><strong>Eine erwachsene Person<\/strong>, die sich f\u00fcr das Thema interessiert und das Programm betreut (Anbringen und Einwintern des Mauerbienen-Nistkastens, Einbeziehen des Projektes in die p\u00e4dagogische Arbeit)<\/li>\n\n\n\n<li><strong>Ein Mauerbienen-Nistkasten incl. Starterpopulation<\/strong> (wir empfehlen den <a href=\"https:\/\/www.wildbienen-shop.at\/product\/nistbloecke\/\">mittleren oder gro\u00dfen Nistkasten<\/a>, je nach Anzahl der teilnehmenden Kinder \/ Jugendlichen)<\/li>\n\n\n\n<li>Ein <strong>geeigneter Standplatz f\u00fcr den Nistkasten<\/strong> (S\u00fcdostausrichtung, regen- und wettergesch\u00fctzt (auch durch ein Wetterschutzgeh\u00e4use zu gew\u00e4hrleisten)<\/li>\n\n\n\n<li>Eine <strong>Gr\u00fcnfl\u00e4che bzw. geeignete Futterpflanzen<\/strong> in unmittelbarer N\u00e4he zum Nistkasten. (diese k\u00f6nnen auch gepflanzt werden)<\/li>\n\n\n\n<li><strong>Interessierte Kinder- und Jugendliche<\/strong><\/li>\n<\/ol>\n\n\n\n<p><\/p>\n\n\n\n<p class=\"has-white-color has-luminous-vivid-amber-background-color has-text-color has-background has-link-color wp-elements-328acd0e625264cf25ca265d622dae0a\"><strong>Wobei unterst\u00fctzt Sie das Programm?<\/strong><\/p>\n\n\n\n<ul class=\"wp-block-list\">\n<li><strong>In der praktischen Handhabe<\/strong>\n<ul class=\"wp-block-list\">\n<li>Erm\u00e4\u00dfigte Bestellm\u00f6glichkeit f\u00fcr die Nistk\u00e4sten<\/li>\n\n\n\n<li>Tipps und Hinweise zum Aufstellen des Nistkastens &#8211; beispielsweise betreffend Regenschutz<\/li>\n\n\n\n<li>Tipps und Infos f\u00fcr wildbienenfreundliche Pflanzen (insbesondere Futterpflanzen) sowie Ma\u00dfnahmen, die andere Bed\u00fcrfnisse der Tiere betreffen (z.B. Baumaterial, Wasser).<\/li>\n<\/ul>\n<\/li>\n\n\n\n<li><strong>In der p\u00e4dagogischen Arbeit mit den Nistk\u00e4sten<\/strong>\n<ul class=\"wp-block-list\">\n<li>P\u00e4dagogische Handreichung und Linksammlung<\/li>\n\n\n\n<li>Empfehlungen, Tipps und Materialien<\/li>\n<\/ul>\n<\/li>\n\n\n\n<li><strong>Expert:innenwissen<\/strong>\n<ul class=\"wp-block-list\">\n<li>Zusammenstellung an Informationen<\/li>\n\n\n\n<li>Workshops, in denen Wissen \u00fcber die Mauerbienen vermittelt wird<\/li>\n<\/ul>\n<\/li>\n\n\n\n<li><strong>Netzwerk f\u00fcr Fragen und Austausch<\/strong><\/li>\n<\/ul>\n\n\n\n<p><\/p>\n\n\n\n<div class=\"wp-block-buttons is-layout-flex wp-block-buttons-is-layout-flex\">\n<div class=\"wp-block-button\"><a class=\"wp-block-button__link has-black-color has-luminous-vivid-amber-to-luminous-vivid-orange-gradient-background has-text-color has-background has-link-color wp-element-button\" href=\"https:\/\/oekosozial.at\/wien\/wp-content\/uploads\/sites\/4\/2026\/02\/WiWi_Infoblatt_Rahmenbedingungen_V1.pdf\">Anforderungen f\u00fcr die Programmteilnahme &amp; Standplatz Nistkasten (PDF)<\/a><\/div>\n\n\n\n<div class=\"wp-block-button\"><a class=\"wp-block-button__link has-black-color has-luminous-vivid-amber-to-luminous-vivid-orange-gradient-background has-text-color has-background has-link-color wp-element-button\" href=\"https:\/\/oekosozial.at\/wien\/wp-content\/uploads\/sites\/4\/2026\/04\/Anleitung_Bau_Wetterschutzgehaeuse_OeSFW-WiWi2026.pdf\">Anleitung: Bau eines Wetterschutzkastens<\/a><\/div>\n<\/div>\n\n\n\n<div style=\"height:33px\" aria-hidden=\"true\" class=\"wp-block-spacer\"><\/div>\n\n\n\n<p class=\"has-white-color has-luminous-vivid-amber-background-color has-text-color has-background has-link-color wp-elements-2ed74aff589ce0b9d617323ddd6d60a3\"><strong>Jahresplanung<\/strong><\/p>\n\n\n\n<ul class=\"wp-block-list\">\n<li>Mauerbienen sind von <strong>Mitte M\u00e4rz bis Juni <\/strong>aktiv. Danach endet die Flugzeit. Dieser Zeitraum ist also sehr wichtig f\u00fcr die Teilnahme am Programm. Die aktive Lebenszeit der Weibchen betr\u00e4gt insgesamt nur 6-8 Wochen. Der Nistkasten sollte bei erstmaliger Teilnahme bis sp\u00e4testens Mitte April aufgestellt werden (incl. Aussiedeln der Starterpopulation). <\/li>\n\n\n\n<li><strong>Ab ca. Oktober<\/strong> besteht die M\u00f6glichkeit, die Nistk\u00e4sten zu \u00f6ffnen, die Kokons herauszunehmen, zu s\u00e4ubern und separat gek\u00fchlt zu lagern. Die Laden k\u00f6nnen dann geputzt und im n\u00e4chsten Jahr neu bezogen werden.<\/li>\n\n\n\n<li>Im <strong>Herbst \/ Winter<\/strong> sollten die Nistk\u00e4sten k\u00fchl, trocken und schattig gelagert werden, um das Material zu schonen und l\u00e4nger zu erhalten.<\/li>\n<\/ul>\n\n\n\n<p><\/p>\n\n\n\n<p class=\"has-white-color has-luminous-vivid-amber-background-color has-text-color has-background has-link-color wp-elements-c6cebe952740e4f7f4474b743371b9bb\"><strong>Entstehung des Programms und aktueller Stand<\/strong><\/p>\n\n\n\n<p>Grundlage f\u00fcr das Programm WiWi ist ein gemeinsamer Pilotversuch der Partnerorganisationen <strong>\u00d6kosoziales Forum Wien, <a href=\"https:\/\/kinderfreunde.at\/angebote\/detail\/robinson-spielplatz\">Wiener Kinderfreunde Aktiv &#8211; Robinsonspielplatz<\/a><\/strong> und <strong><a href=\"https:\/\/www.cityfarm.wien\/\">City Farm Augarten<\/a> <\/strong>in den Jahren 2024 und 2025. Die Partner haben selbst Mauerbienennistk\u00e4sten aufgestellt und erste Erfahrungen damit gesammelt.<\/p>\n\n\n\n<p>2025 haben mit der <a href=\"https:\/\/vs-priessnitzgasse.schule.wien.at\/\"><strong>VS Prie\u00dfnitzgasse 1<\/strong><\/a><strong> in Floridsdorf <\/strong>auch eine erste Schule und mit dem <strong><a href=\"https:\/\/www.jugendzentren.at\/standorte\/sovie\/\">Jugendtreff &#8222;SOVIE&#8220;<\/a> in Favoriten<\/strong> (hier geht\u00b4s zum <a href=\"https:\/\/www.instagram.com\/jt_sovie\/\">instagram Account<\/a>) ein erstes Jugendzentrum dem Programm angeschlossen. <\/p>\n\n\n\n<p>Im Fr\u00fchjahr 2026 haben sich insgesamt 34 neue Einrichtungen f\u00fcr die Teilnahme am Programm WiWi entschlossen &#8211; ein gro\u00dfer Erfolg! Darunter finden sich Volksschulen ebenso wie zahlreiche Kinderg\u00e4rten der Kinderfreunde Wien und anderer Tr\u00e4ger, aber auch gartenp\u00e4dagogische Einrichtungen. Damit nehmen aktuell insgesamt <strong>40 Einrichtungen in ganz Wien<\/strong> am Programm WiWi teil.<\/p>\n\n\n\n<p class=\"has-white-color has-luminous-vivid-amber-background-color has-text-color has-background has-link-color wp-elements-f5920cccc0b7616ffd72f07832b08205\"><strong>Mitmachen<\/strong><\/p>\n\n\n\n<p>Wir freuen uns, wenn auch Sie am Programm <em>WiWi<\/em> mitmachen und einigen sympathischen Stadtschw\u00e4rmern ein neues Zuhause bieten wollen! <strong>Schreiben Sie uns bitte an <a href=\"mailto:wien@oekosozial.at?subject=Wiener Wildbienen\">wien@oekosozial.at<\/a>!<\/strong><\/p>\n\n\n\n<p class=\"has-black-color has-text-color has-link-color wp-elements-253c32d3ec0f14a9530c685c324c3f57\"><mark style=\"background-color:#fcb900\" class=\"has-inline-color has-white-color\">Das Programm WiWi ist f\u00fcr 2026 bereits gestartet. Bei Interesse mailen Sie uns bitte an <a href=\"mailto:wien@oekosozial.at\">wien@oekosozial.at<\/a>, damit wir Sie f\u00fcr WiWi 2027 vormerken k\u00f6nnen.<\/mark><\/p>\n\n\n\n<p>Wir danken <a href=\"https:\/\/www.wildbienen-shop.at\/product\/nistbloecke\/\">Wildbienenshop.at<\/a> f\u00fcr die Kooperation bei der Bereitstellung von Nisthilfen!<\/p>\n\n\n\n<figure class=\"wp-block-image size-large is-resized\"><a href=\"https:\/\/www.wildbienen-shop.at\/product\/nistbloecke\/\"><img loading=\"lazy\" decoding=\"async\" width=\"1024\" height=\"191\" src=\"https:\/\/oekosozial.at\/wien\/wp-content\/uploads\/sites\/4\/2024\/05\/Logo_Farbe-1024x191.jpg\" alt=\"\" class=\"wp-image-4644\" style=\"width:302px;height:auto\" srcset=\"https:\/\/oekosozial.at\/wien\/wp-content\/uploads\/sites\/4\/2024\/05\/Logo_Farbe-1024x191.jpg 1024w, https:\/\/oekosozial.at\/wien\/wp-content\/uploads\/sites\/4\/2024\/05\/Logo_Farbe-300x56.jpg 300w, https:\/\/oekosozial.at\/wien\/wp-content\/uploads\/sites\/4\/2024\/05\/Logo_Farbe-768x143.jpg 768w, https:\/\/oekosozial.at\/wien\/wp-content\/uploads\/sites\/4\/2024\/05\/Logo_Farbe-1536x287.jpg 1536w, https:\/\/oekosozial.at\/wien\/wp-content\/uploads\/sites\/4\/2024\/05\/Logo_Farbe-2048x382.jpg 2048w, https:\/\/oekosozial.at\/wien\/wp-content\/uploads\/sites\/4\/2024\/05\/Logo_Farbe-100x19.jpg 100w, https:\/\/oekosozial.at\/wien\/wp-content\/uploads\/sites\/4\/2024\/05\/Logo_Farbe-758x142.jpg 758w, https:\/\/oekosozial.at\/wien\/wp-content\/uploads\/sites\/4\/2024\/05\/Logo_Farbe-968x181.jpg 968w\" sizes=\"auto, (max-width: 1024px) 100vw, 1024px\" \/><\/a><\/figure>\n\n\n\n<p><\/p>\n","protected":false},"excerpt":{"rendered":"<p>Herzlich willkommen bei &#8222;WiWi&#8220; &#8211; dem p\u00e4dagogisch-didaktischen Programm f\u00fcr Wildbienen in Wien! Was ist WiWi? Hier dreht sich alles um ganz besonders sympathische Stadtschw\u00e4rmer: die Mauerbienen! Und um das, was Kinder (und auch Erwachsene) von den Mauerbienen lernen k\u00f6nnen! WiWi ist ein p\u00e4dagogisch-didaktisch konzipiertes Wildbienenprogramm, an dem p\u00e4dagogisch ausgerichtete Einrichtungen (Kinderg\u00e4rten\/Horte, Schulen, Einrichtungen und Angebote der Freizeitp\u00e4dagogik, Jugendzentren, Gartenprojekte, Abenteuerspielpl\u00e4tze, &#8230;<\/p>\n","protected":false},"author":24,"featured_media":0,"parent":3053,"menu_order":0,"comment_status":"closed","ping_status":"closed","template":"","meta":{"footnotes":""},"class_list":["post-5421","page","type-page","status-publish","hentry","no-post-thumbnail"],"_links":{"self":[{"href":"https:\/\/oekosozial.at\/wien\/wp-json\/wp\/v2\/pages\/5421","targetHints":{"allow":["GET"]}}],"collection":[{"href":"https:\/\/oekosozial.at\/wien\/wp-json\/wp\/v2\/pages"}],"about":[{"href":"https:\/\/oekosozial.at\/wien\/wp-json\/wp\/v2\/types\/page"}],"author":[{"embeddable":true,"href":"https:\/\/oekosozial.at\/wien\/wp-json\/wp\/v2\/users\/24"}],"replies":[{"embeddable":true,"href":"https:\/\/oekosozial.at\/wien\/wp-json\/wp\/v2\/comments?post=5421"}],"version-history":[{"count":10,"href":"https:\/\/oekosozial.at\/wien\/wp-json\/wp\/v2\/pages\/5421\/revisions"}],"predecessor-version":[{"id":6210,"href":"https:\/\/oekosozial.at\/wien\/wp-json\/wp\/v2\/pages\/5421\/revisions\/6210"}],"up":[{"embeddable":true,"href":"https:\/\/oekosozial.at\/wien\/wp-json\/wp\/v2\/pages\/3053"}],"wp:attachment":[{"href":"https:\/\/oekosozial.at\/wien\/wp-json\/wp\/v2\/media?parent=5421"}],"curies":[{"name":"wp","href":"https:\/\/api.w.org\/{rel}","templated":true}]}}