{"id":5391,"date":"2025-05-26T07:02:53","date_gmt":"2025-05-26T05:02:53","guid":{"rendered":"https:\/\/oekosozial.at\/wien\/?page_id=5391"},"modified":"2026-04-14T08:05:16","modified_gmt":"2026-04-14T06:05:16","slug":"spatz-und-biene","status":"publish","type":"page","link":"https:\/\/oekosozial.at\/wien\/unsere-themen\/stadtnatur\/spatz-und-biene\/","title":{"rendered":"Spatz &amp; Biene"},"content":{"rendered":"\n<h5 class=\"wp-block-heading has-text-color has-link-color wp-elements-2c6181ec50277ad60b95991dadd22076\" style=\"color:#0aa537\">Biodiversit\u00e4t findet Stadt!<\/h5>\n\n\n\n<p>Biodiversit\u00e4t \u2013 also biologische Vielfalt \u2013&nbsp;ist laut Umweltbundesamt <em>\u201edie Vielfalt des Lebens auf unserer Erde. Sie umfasst alle Arten und Organisationsstufen von Lebewesen sowie deren genetische Vielfalt, die Vielfalt von Lebensr\u00e4umen und die in diesen Systemen wirkenden Prozesse.&#8220;<\/em><\/p>\n\n\n\n<p>St\u00e4dte sind dabei artenreicher und vielf\u00e4ltiger, als uns das bewusst ist! Sie bieten eine Vielzahl an Nischen f\u00fcr unterschiedlichste Lebewesen. Die Stadt Wien bietet mit ihren rund 50% Gr\u00fcnlandanteil und ihrer abwechslungsreichen Geografie und \u00d6kologie zahlreiche Lebensr\u00e4ume f\u00fcr Tiere und Insekten. Vom Wienerwald bis in die Donauauen, vom Bisamberg, dem n\u00f6rdlichsten Ausl\u00e4ufer der Alpen, bis in die pannonischen Gefielde im S\u00fcden der Stadt: Wien ist eine Stadt voller Kontraste und unterschiedlichster Lebensr\u00e4ume \u2013 auch in \u00f6kologischer Sicht. Auch mitten in der Stadt finden sich tolle Naturorte: vom Wienfluss, der St\u00fcck f\u00fcr St\u00fcck renaturiert wird \u00fcber den Wienerberg bis zum Prater, dem gr\u00f6\u00dften innerst\u00e4dtischen Park.<\/p>\n\n\n\n<p>Aber Natur braucht keine riesigen Fl\u00e4chen, um in der Stadt wirklich heimisch zu sein. Auch kleine Fl\u00e4chen k\u00f6nnen Gro\u00dfes bewirken und f\u00fcr viele Lebewesen Lebensraum und Nahrung bieten. &#8222;Spatz und Biene&#8220; ist dabei ein Pilot-Beispiel f\u00fcr eine solche Fl\u00e4che, die den Tieren in der Stadt gewidmet ist und der Wildnis ein Zuhause auf kleinstem Raum gibt. Die Fl\u00e4che wurde 2025 im Zuge der Ausstellung &#8222;Gesichter der Vielfalt&#8220; auf Anregung der Wiener Umweltanwaltschaft, des \u00d6kosozialen Forums Wien und der Kleinen Galerie von der Bezirksvertretung Landstra\u00dfe zur Biodiversit\u00e4tsfl\u00e4che gewidmet und von den Wiener Stadtg\u00e4rten entsprechend umgestaltet. Den auch kleine Fl\u00e4chen k\u00f6nnen eben einen gro\u00dfen Unterschied machen!<\/p>\n\n\n\n<h4 class=\"wp-block-heading\">Die Stadt lebt auf<\/h4>\n\n\n\n<p>Die Gr\u00fcnfl\u00e4che, die sie neben der Galerie sehen, war bis zum Fr\u00fchjahr 2025 noch eine strukturarme Wiese mit zwei Str\u00e4uchern und einem Baum. Anhand der Konzeption mit den Zielarten Wildbienen und Haussperling (Spatz) wurde f\u00fcr diese kleine Biodiversit\u00e4tsinsel der klingenden Namen \u201eSpatz und Biene\u201c gew\u00e4hlt. Denn diese Arten k\u00f6nnen Support durch Lebensraum und Nahrungsquellen gut gebrauchen.<\/p>\n\n\n\n<p>Strukturen wurden angelegt, ein zweiter Baum und heimische Str\u00e4ucher wurden gepflanzt. Auch ein Totholzstamm und ein kleiner Totholzhaufen aus \u00c4sten, die am Baum abfallen, bereichern das Mini-Habitat. Eine Nisthilfe &#8211; h\u00e4ufig &#8222;Insektenhotel&#8220; genannt &#8211; bietet am Baum Nistpl\u00e4tze f\u00fcr heimische Wildbienenarten. Str\u00e4ucher und Totholz f\u00f6rdern Insekten, die wiederum als Nahrung f\u00fcr heimische V\u00f6gel herhalten m\u00fcssen.&nbsp;<\/p>\n\n\n\n<p>Die Fl\u00e4che bildet damit einen lebendigen Kontrastpunkt zur Kunstinstallation &#8222;Warten auf V\u00f6gel&#8220; von Josef Bernhardt<sup data-fn=\"72897164-9f40-4e48-8b81-b91675a353cd\" class=\"fn\"><a href=\"#72897164-9f40-4e48-8b81-b91675a353cd\" id=\"72897164-9f40-4e48-8b81-b91675a353cd-link\">1<\/a><\/sup>, im Volksmund als &#8222;Vogelh\u00e4userlpark&#8220; bezeichnet, die anhand ihrer naturferne Tristesse, Regelm\u00e4\u00dfigkeit und die Einfalt menschlicher Gestaltung zum Ausdruck bringt. W\u00e4hrend diese Kunstinstallation &#8211; zahllose Nistk\u00e4sten ohne Nutzen, eine Fl\u00e4che ohne Lebendigkeit &#8211; Aufmerksamkeit erregt und sensibilisieren will, bietet <em>Spatz und Biene<\/em> mit einfachsten Mitteln als Biodiversit\u00e4tsfl\u00e4che einen echten Kontrast dazu. Die K\u00fcnstlerin dahinter spricht hier allerdings keine nicht auf Vernissagen mit blumigen Worten \u00fcber ihr Werk und findet keine Worte und Titel f\u00fcr ihre Arbeit &#8211; denn die K\u00fcnstlerin ist in diesem Fall die Natur selbst.<\/p>\n\n\n\n<figure class=\"wp-block-image size-full\"><img loading=\"lazy\" decoding=\"async\" width=\"852\" height=\"309\" src=\"https:\/\/oekosozial.at\/wien\/wp-content\/uploads\/sites\/4\/2025\/05\/Spatz-und-Biene.jpg\" alt=\"\" class=\"wp-image-5382\" srcset=\"https:\/\/oekosozial.at\/wien\/wp-content\/uploads\/sites\/4\/2025\/05\/Spatz-und-Biene.jpg 852w, https:\/\/oekosozial.at\/wien\/wp-content\/uploads\/sites\/4\/2025\/05\/Spatz-und-Biene-300x109.jpg 300w, https:\/\/oekosozial.at\/wien\/wp-content\/uploads\/sites\/4\/2025\/05\/Spatz-und-Biene-768x279.jpg 768w, https:\/\/oekosozial.at\/wien\/wp-content\/uploads\/sites\/4\/2025\/05\/Spatz-und-Biene-100x36.jpg 100w, https:\/\/oekosozial.at\/wien\/wp-content\/uploads\/sites\/4\/2025\/05\/Spatz-und-Biene-758x275.jpg 758w\" sizes=\"auto, (max-width: 852px) 100vw, 852px\" \/><\/figure>\n\n\n\n<figure class=\"wp-block-image size-large\"><img loading=\"lazy\" decoding=\"async\" width=\"1024\" height=\"726\" src=\"https:\/\/oekosozial.at\/wien\/wp-content\/uploads\/sites\/4\/2026\/04\/Schild-Spatz-und-Biene-1-1024x726.png\" alt=\"\" class=\"wp-image-6212\" srcset=\"https:\/\/oekosozial.at\/wien\/wp-content\/uploads\/sites\/4\/2026\/04\/Schild-Spatz-und-Biene-1-1024x726.png 1024w, https:\/\/oekosozial.at\/wien\/wp-content\/uploads\/sites\/4\/2026\/04\/Schild-Spatz-und-Biene-1-300x213.png 300w, https:\/\/oekosozial.at\/wien\/wp-content\/uploads\/sites\/4\/2026\/04\/Schild-Spatz-und-Biene-1-768x545.png 768w, https:\/\/oekosozial.at\/wien\/wp-content\/uploads\/sites\/4\/2026\/04\/Schild-Spatz-und-Biene-1-1536x1090.png 1536w, https:\/\/oekosozial.at\/wien\/wp-content\/uploads\/sites\/4\/2026\/04\/Schild-Spatz-und-Biene-1-100x71.png 100w, https:\/\/oekosozial.at\/wien\/wp-content\/uploads\/sites\/4\/2026\/04\/Schild-Spatz-und-Biene-1-758x538.png 758w, https:\/\/oekosozial.at\/wien\/wp-content\/uploads\/sites\/4\/2026\/04\/Schild-Spatz-und-Biene-1-968x687.png 968w, https:\/\/oekosozial.at\/wien\/wp-content\/uploads\/sites\/4\/2026\/04\/Schild-Spatz-und-Biene-1.png 1748w\" sizes=\"auto, (max-width: 1024px) 100vw, 1024px\" \/><\/figure>\n\n\n\n<p><\/p>\n","protected":false},"excerpt":{"rendered":"<p>Biodiversit\u00e4t findet Stadt! Biodiversit\u00e4t \u2013 also biologische Vielfalt \u2013&nbsp;ist laut Umweltbundesamt \u201edie Vielfalt des Lebens auf unserer Erde. Sie umfasst alle Arten und Organisationsstufen von Lebewesen sowie deren genetische Vielfalt, die Vielfalt von Lebensr\u00e4umen und die in diesen Systemen wirkenden Prozesse.&#8220; St\u00e4dte sind dabei artenreicher und vielf\u00e4ltiger, als uns das bewusst ist! Sie bieten eine Vielzahl an Nischen f\u00fcr unterschiedlichste &#8230;<\/p>\n","protected":false},"author":24,"featured_media":0,"parent":3053,"menu_order":0,"comment_status":"closed","ping_status":"closed","template":"","meta":{"footnotes":"[]"},"class_list":["post-5391","page","type-page","status-publish","hentry","no-post-thumbnail"],"_links":{"self":[{"href":"https:\/\/oekosozial.at\/wien\/wp-json\/wp\/v2\/pages\/5391","targetHints":{"allow":["GET"]}}],"collection":[{"href":"https:\/\/oekosozial.at\/wien\/wp-json\/wp\/v2\/pages"}],"about":[{"href":"https:\/\/oekosozial.at\/wien\/wp-json\/wp\/v2\/types\/page"}],"author":[{"embeddable":true,"href":"https:\/\/oekosozial.at\/wien\/wp-json\/wp\/v2\/users\/24"}],"replies":[{"embeddable":true,"href":"https:\/\/oekosozial.at\/wien\/wp-json\/wp\/v2\/comments?post=5391"}],"version-history":[{"count":10,"href":"https:\/\/oekosozial.at\/wien\/wp-json\/wp\/v2\/pages\/5391\/revisions"}],"predecessor-version":[{"id":6213,"href":"https:\/\/oekosozial.at\/wien\/wp-json\/wp\/v2\/pages\/5391\/revisions\/6213"}],"up":[{"embeddable":true,"href":"https:\/\/oekosozial.at\/wien\/wp-json\/wp\/v2\/pages\/3053"}],"wp:attachment":[{"href":"https:\/\/oekosozial.at\/wien\/wp-json\/wp\/v2\/media?parent=5391"}],"curies":[{"name":"wp","href":"https:\/\/api.w.org\/{rel}","templated":true}]}}