{"id":5286,"date":"2025-05-21T08:03:12","date_gmt":"2025-05-21T06:03:12","guid":{"rendered":"https:\/\/oekosozial.at\/wien\/?page_id=5286"},"modified":"2026-04-09T21:34:51","modified_gmt":"2026-04-09T19:34:51","slug":"station-6-teil-der-natur","status":"publish","type":"page","link":"https:\/\/oekosozial.at\/wien\/gesichter-der-vielfalt-guide\/station-6-teil-der-natur\/","title":{"rendered":"Station 6: Teil der Natur?"},"content":{"rendered":"\n<h5 class=\"wp-block-heading\">Mensch und Natur<\/h5>\n\n\n\n<p><\/p>\n\n\n\n<div class=\"wp-block-buttons is-layout-flex wp-block-buttons-is-layout-flex\">\n<div class=\"wp-block-button is-style-outline is-style-outline--1\"><a class=\"wp-block-button__link has-vivid-cyan-blue-color has-text-color has-link-color wp-element-button\">TONSPUR ANH\u00d6REN<\/a><\/div>\n<\/div>\n\n\n\n<p><\/p>\n\n\n\n<p><em>Die Wand mit ihren vielf\u00e4ltigen, seltsamen, so noch nicht gesehenen Lebewesen. Dann der Blick in den Spiegel: Ein Mensch als Gegen\u00fcber. Teil der Natur? Oder doch ganz etwas anderes?<\/em>\u00a0<\/p>\n\n\n\n<p>Das Naturverh\u00e4ltnis von uns Menschen macht dem Planeten zu schaffen. Die \u00f6kologischen Krisen spitzen sich zu. Nicht nur der Klimawandel z\u00e4hlt zu den gro\u00dfen, globalen Herausforderungen &#8211; um nicht zu sagen: Bedrohungen. Auch die Artenvielfalt leidet unter den negativen Einfl\u00fcssen der menschlichen Gesellschaften. In der Wissenschaftswelt spricht man davon, dass das Artensterben auf dem Planeten durch menschlichen Einfluss dramatisch beschleunigt ist<sup data-fn=\"8e0e3336-43d7-4380-b202-93688e47bd8f\" class=\"fn\"><a href=\"#8e0e3336-43d7-4380-b202-93688e47bd8f\" id=\"8e0e3336-43d7-4380-b202-93688e47bd8f-link\">1<\/a><\/sup>. Der Mensch hat die Natur in gigantischem Ausma\u00df zu seiner Ressource gemacht und lie\u00df ihr weniger und weniger Raum. Das Resultat sind \u00f6kologische Krisen, die sich mittlerweile zur echten Gefahr f\u00fcr uns selbst entwickelt haben.&nbsp;&nbsp;<\/p>\n\n\n\n<p>Das ist nicht nur in fernen L\u00e4ndern ein Problem, wo Regenw\u00e4lder gerodet oder gigantische Monokulturen errichtet werden. Auch hier bei uns ist die Natur in keinem guten Zustand<sup data-fn=\"b04d8903-e49c-41e0-bd47-bcffa6590b7c\" class=\"fn\"><a href=\"#b04d8903-e49c-41e0-bd47-bcffa6590b7c\" id=\"b04d8903-e49c-41e0-bd47-bcffa6590b7c-link\">2<\/a><\/sup>. Begradigte Fl\u00fcsse, versiegelte B\u00f6den, landwirtschaftliche Monokulturen, sauber bewirtschaftete Forste und Fl\u00e4chen, denen die Vielfalt nat\u00fcrlicher Strukturen fehlt: Auch hier in \u00d6sterreich, in Europa ist die Artenvielfalt stark in Bedr\u00e4ngnis.&nbsp;<\/p>\n\n\n\n<p>Ohne die Lebensr\u00e4ume und Nahrungsketten, die zuvor bereits beschrieben wurden, kann sich das Leben der Natur nicht entfalten. Ohne Pf\u00fctzen, seichte D\u00fcmpel und Teiche keine Larven und Kaulquappen, keine Libellen, keine Fr\u00f6sche. Insekten wie etwa Wildbienen, Fliegen und Schmetterlinge wiederum brauchen Wiesen, bl\u00fchende Blumen und B\u00e4ume, Totholz und sandige B\u00f6den. Sie alle sind wieder Nahrungsquelle f\u00fcr gr\u00f6\u00dfere Tiere wie V\u00f6gel oder Kleins\u00e4uger.&nbsp;Spechte und viele andere Arten brauchen Totholz, in dem sie leben oder von dem sie sich ern\u00e4hren k\u00f6nnen. V\u00f6gel wie etwa die Mauersegler sind auf kleine Nischen in Geb\u00e4uden, Nistk\u00e4sten oder H\u00f6hlen in B\u00e4umen angewiesen, in denen sie br\u00fcten k\u00f6nnen. Diese Aufz\u00e4hlung k\u00f6nnte noch sehr lange fortgef\u00fchrt werden. Leider sind mit der Zeit viele dieser Nischen, Strukturen und Lebensr\u00e4ume verschwunden &#8211; und mit ihnen die Pflanzen und Tiere, die sie bewohnen.<\/p>\n\n\n\n<p>Jahrhunderte und Jahrtausende lang hat der Mensch im engen Kontakt mit der Natur gelebt und engen Bezug zu ihr gehabt. Seit der industriellen und sp\u00e4ter der technischen Revolution hat der Naturkontakt immer mehr abgenommen. Heute bewegen sich viele Menschen beinah auf einem Minimum an Kontakt mit der Natur. Im Denken haben sich die Menschen oft \u00fcber \u00fcber die Natur &#8222;erhoben&#8220;. <\/p>\n\n\n\n<p>Unsere Ausstellung l\u00e4dt sie ein, sich folgende Fragen zu stellen. Sie sollen dazu anregen, unsere individuelle Naturbeziehung zu reflektieren und zu hinterfrage. Nehmen wir das Lebendige um uns herum \u00fcberhaupt noch wahr?<\/p>\n\n\n\n<details class=\"wp-block-details has-background is-layout-flow wp-block-details-is-layout-flow\" style=\"background-color:#bd79954d\"><summary>Reflexionsfragen<\/summary>\n<ul class=\"wp-block-list\">\n<li>Wann kommen wir eigentlich noch in Kontakt mit der Natur?&nbsp;<\/li>\n\n\n\n<li>Ist die Natur noch ein Gegen\u00fcber f\u00fcr uns? Bekommen wir das Lebendige um uns herum noch mit?&nbsp;<\/li>\n\n\n\n<li>Sp\u00fcren wir eine Verbindung zur Natur, zum Lebendigen?&nbsp;&nbsp;<\/li>\n\n\n\n<li>Sehen wir uns selbst als Teil dieses lebendigen Kreislaufes, als Teil der Natur? Oder als ihr Gegen\u00fcber und Beherrscher?&nbsp;<\/li>\n<\/ul>\n<\/details>\n\n\n\n<p><\/p>\n\n\n\n<details class=\"wp-block-details has-background is-layout-flow wp-block-details-is-layout-flow\" style=\"background-color:#bd79954d\"><summary>Text &#8222;Natur &amp; Wir&#8220; (Dr. Martin Scheuch, 2024)<\/summary>\n<p><a href=\"https:\/\/oekosozial.at\/wien\/wp-content\/uploads\/sites\/4\/2024\/02\/2024_Natur_Wir_Geleitworte_Martin-Scheuch.pdf\">Zum Text<\/a><\/p>\n<\/details>\n\n\n\n<p><\/p>\n\n\n\n<details class=\"wp-block-details has-background is-layout-flow wp-block-details-is-layout-flow\" style=\"background-color:#bd79954d\"><summary>Musikalische Referenz<\/summary>\n<p class=\"has-background\" style=\"background-color:#bd799500\">Die Musikgruppe Massive Attack hat in ihrem Lied &#8222;Hymn of the big wheel&#8220; thematisiert, wie es einem einzelnen Menschen mit gesellschaftlichen und \u00f6kologische Krisen geht. Und dennoch: &#8222;The big wheel keeps on turning&#8220; <a href=\"https:\/\/www.youtube.com\/watch?v=odHmsIF4IWA\"><strong>Massive Attack: &#8222;Hmyn of the big wheel&#8220;<\/strong><\/a><\/p>\n<\/details>\n\n\n\n<p><\/p>\n\n\n\n<div class=\"wp-block-buttons is-layout-flex wp-block-buttons-is-layout-flex\">\n<div class=\"wp-block-button is-style-outline is-style-outline--2\"><a class=\"wp-block-button__link wp-element-button\" href=\"https:\/\/oekosozial.at\/wien\/gesichter-der-vielfalt-guide\/station-7-kein-widerspruch\/\">Weiter zu Station 7<\/a><\/div>\n<\/div>\n\n\n\n<p><\/p>\n\n\n\n<h5 class=\"wp-block-heading\"><a href=\"https:\/\/oekosozial.at\/wien\/gesichter-der-vielfalt-guide\/\">Zur\u00fcck zur \u00dcbersicht<\/a><\/h5>\n\n\n\n<p><\/p>\n\n\n\n<p class=\"has-cyan-bluish-gray-color has-text-color has-link-color wp-elements-f05e8feb850aaef6a446fb475d03a36a\">Text: Ren\u00e9 Hartinger | Tonspur: Barbara Mithlinger<\/p>\n\n\n\n<p><\/p>\n\n\n<ol class=\"wp-block-footnotes\"><li id=\"8e0e3336-43d7-4380-b202-93688e47bd8f\">z.B. <a href=\"https:\/\/www.uninetz.at\/en\/contributions\/globales-artensterben\">&#8222;Globales Artensterben und der Zustand der \u00d6kosysteme&#8220; (UniNetZ)<\/a> <a href=\"#8e0e3336-43d7-4380-b202-93688e47bd8f-link\" aria-label=\"Zur Fu\u00dfnotenreferenz 1 navigieren\">\u21a9\ufe0e<\/a><\/li><li id=\"b04d8903-e49c-41e0-bd47-bcffa6590b7c\">siehe dazu zum Beispiel <a href=\"https:\/\/oekosozial.at\/wien\/fokus-renaturierung\/\">Fokus: Renaturierung<\/a> <a href=\"#b04d8903-e49c-41e0-bd47-bcffa6590b7c-link\" aria-label=\"Zur Fu\u00dfnotenreferenz 2 navigieren\">\u21a9\ufe0e<\/a><\/li><\/ol>","protected":false},"excerpt":{"rendered":"<p>Mensch und Natur Die Wand mit ihren vielf\u00e4ltigen, seltsamen, so noch nicht gesehenen Lebewesen. Dann der Blick in den Spiegel: Ein Mensch als Gegen\u00fcber. Teil der Natur? Oder doch ganz etwas anderes?\u00a0 Das Naturverh\u00e4ltnis von uns Menschen macht dem Planeten zu schaffen. Die \u00f6kologischen Krisen spitzen sich zu. Nicht nur der Klimawandel z\u00e4hlt zu den gro\u00dfen, globalen Herausforderungen &#8211; um &#8230;<\/p>\n","protected":false},"author":24,"featured_media":0,"parent":5230,"menu_order":0,"comment_status":"closed","ping_status":"closed","template":"","meta":{"footnotes":"[{\"id\":\"8e0e3336-43d7-4380-b202-93688e47bd8f\",\"content\":\"z.B. <a href=\\\"https:\\\/\\\/www.uninetz.at\\\/en\\\/contributions\\\/globales-artensterben\\\">\\\"Globales Artensterben und der Zustand der \\u00d6kosysteme\\\" (UniNetZ)<\\\/a>\"},{\"id\":\"b04d8903-e49c-41e0-bd47-bcffa6590b7c\",\"content\":\"siehe dazu zum Beispiel <a href=\\\"https:\\\/\\\/oekosozial.at\\\/wien\\\/fokus-renaturierung\\\/\\\">Fokus: Renaturierung<\\\/a>\"}]"},"class_list":["post-5286","page","type-page","status-publish","hentry","no-post-thumbnail"],"_links":{"self":[{"href":"https:\/\/oekosozial.at\/wien\/wp-json\/wp\/v2\/pages\/5286","targetHints":{"allow":["GET"]}}],"collection":[{"href":"https:\/\/oekosozial.at\/wien\/wp-json\/wp\/v2\/pages"}],"about":[{"href":"https:\/\/oekosozial.at\/wien\/wp-json\/wp\/v2\/types\/page"}],"author":[{"embeddable":true,"href":"https:\/\/oekosozial.at\/wien\/wp-json\/wp\/v2\/users\/24"}],"replies":[{"embeddable":true,"href":"https:\/\/oekosozial.at\/wien\/wp-json\/wp\/v2\/comments?post=5286"}],"version-history":[{"count":9,"href":"https:\/\/oekosozial.at\/wien\/wp-json\/wp\/v2\/pages\/5286\/revisions"}],"predecessor-version":[{"id":6167,"href":"https:\/\/oekosozial.at\/wien\/wp-json\/wp\/v2\/pages\/5286\/revisions\/6167"}],"up":[{"embeddable":true,"href":"https:\/\/oekosozial.at\/wien\/wp-json\/wp\/v2\/pages\/5230"}],"wp:attachment":[{"href":"https:\/\/oekosozial.at\/wien\/wp-json\/wp\/v2\/media?parent=5286"}],"curies":[{"name":"wp","href":"https:\/\/api.w.org\/{rel}","templated":true}]}}