{"id":5265,"date":"2025-05-21T07:15:31","date_gmt":"2025-05-21T05:15:31","guid":{"rendered":"https:\/\/oekosozial.at\/wien\/?page_id=5265"},"modified":"2026-04-10T11:31:17","modified_gmt":"2026-04-10T09:31:17","slug":"station-4-death-is-not-the-end","status":"publish","type":"page","link":"https:\/\/oekosozial.at\/wien\/gesichter-der-vielfalt-guide\/station-4-death-is-not-the-end\/","title":{"rendered":"Station 4: Death is not the end"},"content":{"rendered":"\n<h5 class=\"wp-block-heading\">Totholz: Wertvolle Lebensraumstruktur<\/h5>\n\n\n\n<p><\/p>\n\n\n\n<div class=\"wp-block-buttons is-layout-flex wp-block-buttons-is-layout-flex\">\n<div class=\"wp-block-button is-style-outline is-style-outline--1\"><a class=\"wp-block-button__link has-vivid-cyan-blue-color has-text-color has-link-color wp-element-button\" href=\"https:\/\/www.beratinger.at\/wordpress\/wp-content\/uploads\/2026\/04\/Station-4-_neu.wav\">TONSPUR ANH\u00d6REN<\/a><\/div>\n<\/div>\n\n\n\n<p><\/p>\n\n\n\n<p>Alles Leben in der Natur findet im Kreislauf statt. Das Absterben eines Lebewesens hat meist wenig von der Dramatik und Absolutheit, in der wir Menschen mit dem Ende eines Lebens umgehen. Es geh\u00f6rt eher zu den gew\u00f6hnlichen Dingen &#8211; und ist die Voraussetzung daf\u00fcr, dass neues Leben entsteht. Ein fortlaufendes Werden und Vergehen &#8211; ein gro\u00dfer Kreislauf des Lebens.&nbsp;<br><br>Das Absterben eines Baumes beispielsweise kann auch st\u00fcckweise vonstatten gehen. Vitale Bestandteile und absterbende Teile &#8211; beispielsweise abgebrochene oder kranke \u00c4ste, die nicht mehr versorgt werden und absterben &#8211; k\u00f6nnen auf ein und derselben Pflanze koexistieren.&nbsp;<\/p>\n\n\n\n<p>Im abgestorbenen Holz kommt es zu Zersetzungsprozessen. Durch Austrocknung l\u00f6sen sich die einzelnen Schichten voneinander (beispielsweise die Borke vom Holz) und die faserige Struktur l\u00f6st sich auf &#8211; teilsweise bis in kleinste Einzelteile. Da die Bestandteile und Schichten von Holz unterschiedlich fest sind bleibt manches besser erhalten, anderes l\u00f6st sich auf. Das Holz springt und rei\u00dft. Risse, Spalte, morsche Stellen &#8211; all das bietet ein Eldorado f\u00fcr viele Arten von kleinen und kleinsten Lebewesen.<br>&nbsp;<br>Diese Bewohner des Totholzes ern\u00e4hren sich davon, zersetzen es weiter und machen es wieder f\u00fcr den nat\u00fcrlichen Kreislauf verf\u00fcgbar.&nbsp;Das Totholz ist also \u00e4u\u00dferst lebendig. Es wird von einer wahren Vielzahl an Insekten, Larven und Pilzen bev\u00f6lkert.<\/p>\n\n\n\n<p class=\"has-black-color has-text-color has-background has-link-color wp-elements-cbd5b3a04ffc452e864b08d8dce6aa48\" style=\"background-color:#ededed\">Die Natur als K\u00fcnstlerin | Sie sehen vor sich Totholz aus den W\u00e4ldern im Westen Wiens, die als Exponate dargeboten werden. Der Kontrast mit dem klaren Wei\u00df der Galerieumgebung l\u00e4sst sie wie Objekte wirken und uns genauer hinsehen. Zwei Fotografien von Kai Kolodziej (Specht und Hirschk\u00e4fer) und sowie eine Fotografie von Edward Ehab (Schleimpilze) zeigen typische Totholzbewohner. Eine Drahtskulptur von Gerti Hopf erg\u00e4nzt erg\u00e4nzt die Darbietung. <\/p>\n\n\n\n<p>F\u00fcr Hirschk\u00e4fer ist Totholz wichtig, denn seine Larven leben mehrere Jahre in morschem Holz, ehe sich adulte Tiere entwickeln. Auch die gro\u00dfen, sch\u00f6ne Holzbienen nisten &#8211; der Name ist Programm &#8211; im abgestorbenem Holz.&nbsp;<\/p>\n\n\n\n<p>Das Leben im Totholz ist aber keine Freikarte f\u00fcr ein gefahrloses Dasein. Totholzbewohner stehen auf dem Speiseplan zahlreicher Tiere. Ein bekannter J\u00e4ger, der das Totholz liebt und braucht, ist der Specht. Er sucht vor allem in der Rinde und in h\u00f6hergelegenen, morschen, abgestorbenen Bereichen gro\u00dfer alter B\u00e4ume nach Insekten, um diese herauszupicken und gen\u00fcsslich zu verzehren.&nbsp;<br><br>Teilweise h\u00e4lt das Totholz aber auch als Baumaterial her. Wespen beispielsweise machen mit Altholzfasern einen Brei als Baumaterial f\u00fcr ihre Neste.&nbsp;<br>&nbsp;&nbsp;<br>Also ist der Tod das Ende? Die Natur sagt: Nein.&nbsp;<\/p>\n\n\n\n<p><\/p>\n\n\n\n<details class=\"wp-block-details has-black-color has-text-color has-background has-link-color wp-elements-a861edb2ab5381d5340603f259e1a9c2 is-layout-flow wp-block-details-is-layout-flow\" style=\"background-color:#bd79954d\"><summary>Reflexionsfragen<\/summary>\n<p><\/p>\n\n\n\n<p>Sie haben nun einiges \u00fcber den hohen \u00f6kologischen Wert von Totholz erfahren. Sie sehen hier nun Totholz aus Wien. Die Exponate erlauben uns, unser \u00e4sthetisches Empfinden zu befragen:&nbsp;&nbsp;<\/p>\n\n\n\n<ul class=\"wp-block-list\">\n<li>Wie wirkt das ausgestellte Totholz auf mich?&nbsp;&nbsp;<\/li>\n<\/ul>\n\n\n\n<ul class=\"wp-block-list\">\n<li>W\u00fcrde ich es aus meinem Garten wegr\u00e4umen?&nbsp;<\/li>\n<\/ul>\n\n\n\n<ul class=\"wp-block-list\">\n<li>Graust es mir vielleicht sogar?&nbsp;<\/li>\n<\/ul>\n\n\n\n<ul class=\"wp-block-list\">\n<li>Erlebe und erkenne ich das Totholz als etwas Lebendiges?&nbsp;<\/li>\n<\/ul>\n\n\n\n<p><\/p>\n<\/details>\n\n\n\n<p><\/p>\n\n\n\n<p class=\"has-cyan-bluish-gray-color has-text-color has-link-color wp-elements-5b2ffa2541d6e745c6fa98d3c74ce8f8\">Text: Ren\u00e9 Hartinger; Tonspur: Barbara Mithlinger<\/p>\n\n\n\n<p><\/p>\n\n\n\n<div class=\"wp-block-buttons is-layout-flex wp-block-buttons-is-layout-flex\">\n<div class=\"wp-block-button is-style-outline is-style-outline--2\"><a class=\"wp-block-button__link wp-element-button\" href=\"https:\/\/oekosozial.at\/wien\/gesichter-der-vielfalt-guide\/station-5-oekosysteme\/\">Weiter zu Station 5<\/a><\/div>\n<\/div>\n\n\n\n<p><\/p>\n\n\n\n<h5 class=\"wp-block-heading\"><a href=\"https:\/\/oekosozial.at\/wien\/gesichter-der-vielfalt-guide\/\">Zur\u00fcck zur \u00dcbersicht<\/a><\/h5>\n\n\n\n<p><sub>Inspiration zum Titel: <a href=\"https:\/\/www.youtube.com\/watch?v=BXtDlD9U9iY\">Nick Cave \/ Kylie Minogue &#8222;Death is not the end&#8220;<\/a><\/sub><\/p>\n\n\n\n<p><\/p>\n","protected":false},"excerpt":{"rendered":"<p>Totholz: Wertvolle Lebensraumstruktur Alles Leben in der Natur findet im Kreislauf statt. Das Absterben eines Lebewesens hat meist wenig von der Dramatik und Absolutheit, in der wir Menschen mit dem Ende eines Lebens umgehen. Es geh\u00f6rt eher zu den gew\u00f6hnlichen Dingen &#8211; und ist die Voraussetzung daf\u00fcr, dass neues Leben entsteht. Ein fortlaufendes Werden und Vergehen &#8211; ein gro\u00dfer Kreislauf &#8230;<\/p>\n","protected":false},"author":24,"featured_media":0,"parent":5230,"menu_order":0,"comment_status":"closed","ping_status":"closed","template":"","meta":{"footnotes":"[]"},"class_list":["post-5265","page","type-page","status-publish","hentry","no-post-thumbnail"],"_links":{"self":[{"href":"https:\/\/oekosozial.at\/wien\/wp-json\/wp\/v2\/pages\/5265","targetHints":{"allow":["GET"]}}],"collection":[{"href":"https:\/\/oekosozial.at\/wien\/wp-json\/wp\/v2\/pages"}],"about":[{"href":"https:\/\/oekosozial.at\/wien\/wp-json\/wp\/v2\/types\/page"}],"author":[{"embeddable":true,"href":"https:\/\/oekosozial.at\/wien\/wp-json\/wp\/v2\/users\/24"}],"replies":[{"embeddable":true,"href":"https:\/\/oekosozial.at\/wien\/wp-json\/wp\/v2\/comments?post=5265"}],"version-history":[{"count":10,"href":"https:\/\/oekosozial.at\/wien\/wp-json\/wp\/v2\/pages\/5265\/revisions"}],"predecessor-version":[{"id":6177,"href":"https:\/\/oekosozial.at\/wien\/wp-json\/wp\/v2\/pages\/5265\/revisions\/6177"}],"up":[{"embeddable":true,"href":"https:\/\/oekosozial.at\/wien\/wp-json\/wp\/v2\/pages\/5230"}],"wp:attachment":[{"href":"https:\/\/oekosozial.at\/wien\/wp-json\/wp\/v2\/media?parent=5265"}],"curies":[{"name":"wp","href":"https:\/\/api.w.org\/{rel}","templated":true}]}}