{"id":5243,"date":"2025-05-21T06:43:03","date_gmt":"2025-05-21T04:43:03","guid":{"rendered":"https:\/\/oekosozial.at\/wien\/?page_id=5243"},"modified":"2026-04-09T21:28:31","modified_gmt":"2026-04-09T19:28:31","slug":"station-1-biodiversitaet","status":"publish","type":"page","link":"https:\/\/oekosozial.at\/wien\/gesichter-der-vielfalt-guide\/station-1-biodiversitaet\/","title":{"rendered":"Station 1: Biodiversit\u00e4t"},"content":{"rendered":"\n<h5 class=\"wp-block-heading\">Eines der gro\u00dfen Umweltthemen unserer Zeit<\/h5>\n\n\n\n<p><\/p>\n\n\n\n<div class=\"wp-block-buttons is-layout-flex wp-block-buttons-is-layout-flex\">\n<div class=\"wp-block-button is-style-outline is-style-outline--1\"><a class=\"wp-block-button__link has-vivid-cyan-blue-color has-text-color has-link-color wp-element-button\" href=\"http:\/\/Gesichter der Vielfalt ist eine Wanderausstellung, die erstmalig von Mi, 21. Mai bis Fr. 27. Juni kostenlos in der Kleinen Galerie zu besichtigen war. Sie wird von der Kleinen Galerie und dem \u00d6kosozialen Forum Wien gemeinsam kuratiert.\u00a0\u00a0 Die Ausstellung ist bereits f\u00fcr weitere Termine gebucht - diese werden bald ver\u00f6ffentlicht.\">TONSPUR ANH\u00d6REN<\/a><\/div>\n<\/div>\n\n\n\n<p><\/p>\n\n\n\n<p>Diese Ausstellung widmet sich der Vielfalt des Lebendigen \u2013 der Biodiversit\u00e4t. Aber was ist Biodiversit\u00e4t? Wor\u00fcber sprechen wir, wenn wir \u00fcber Biodiversit\u00e4t sprechen?&nbsp;<\/p>\n\n\n\n<p>Laut Umweltbundesamt<sup>1<\/sup> ist Biodiversit\u00e4t &#8211; also biologische Vielfalt &#8211; <em>&#8222;die Vielfalt des Lebens auf unserer Erde. Sie umfasst alle Arten und Organisationsstufen von Lebewesen sowie deren genetische Vielfalt, die Vielfalt von Lebensr\u00e4umen und die in diesen Systemen wirkenden Prozesse.&#8220;&nbsp;<\/em>&nbsp;<\/p>\n\n\n\n<p>Das Umwelt- und Landwirtschaftsministerium<sup>2<\/sup> f\u00fchrt aus: <em>&#8222;Biologische Vielfalt, auch Biodiversit\u00e4t genannt, bezeichnet ganz allgemein die Vielfalt von Leben. Alle Lebewesen, ob Tier oder Pflanze, unterscheiden sich individuell und geben diese Einzigartigkeit auch an ihre Nachkommen weiter. Alle Tier- und Pflanzenarten haben Anspr\u00fcche an ihren Lebensraum und definieren und gestalten diesen selbst. Ein komplexes Funktionsgef\u00fcge formt so die uns bekannten \u00d6kosysteme wie zum Beispiel W\u00e4lder, Wiesen, Gew\u00e4sser, und so weiter. Durch eine nat\u00fcrliche Dynamik entsteht ein Mosaik aus Lebensr\u00e4umen mit einer hohen Anzahl von Arten, die sich gegenseitig positiv beeinflussen und den Energiefluss und N\u00e4hrstoffkreislauf in einem \u00d6kosystem ankurbeln.&#8220;<\/em>&nbsp;<\/p>\n\n\n\n<p>Diese Definitionen zeigen, wie vielschichtig Biodiversit\u00e4t ist. Ab sie werfen auch Fragen auf:&nbsp;<\/p>\n\n\n\n<ul class=\"wp-block-list\">\n<li>Was stellen wir uns konkret unter Biodiversit\u00e4t vor?&nbsp;<\/li>\n<\/ul>\n\n\n\n<ul class=\"wp-block-list\">\n<li>Welche Tiere und Pflanzen leben eigentlich in den Gr\u00fcnr\u00e4umen Wiens?&nbsp;<\/li>\n<\/ul>\n\n\n\n<ul class=\"wp-block-list\">\n<li>In welcher Beziehung stehen sie zueinander?&nbsp;&nbsp;<\/li>\n<\/ul>\n\n\n\n<ul class=\"wp-block-list\">\n<li>Welche Eigenschaften machen einen Lebensraum vielf\u00e4ltig und nat\u00fcrliche Vielfalt m\u00f6glich?&nbsp;<\/li>\n<\/ul>\n\n\n\n<ul class=\"wp-block-list\">\n<li>Und wer kehrt zur\u00fcck, wenn wir Fl\u00e4chen in ihren nat\u00fcrlichen Zustand zur\u00fcckf\u00fchren &#8211; also renaturieren?&nbsp;<\/li>\n<\/ul>\n\n\n\n<p>Mit diesen Fragen wollen wir uns in der Ausstellung besch\u00e4ftigen: neugierig, forschend und mit dem Blick auf das Leben um uns herum, das oft \u00fcbersehen wird.&nbsp;<\/p>\n\n\n\n<p class=\"has-background\" style=\"background-color:#ededed\">Sie sehen vor sich Fotografien von <strong>Edward Ehab<\/strong> und <strong><strong>Kai Kolodziej<\/strong><\/strong>, auf denen Amphibien und Insekten abgebildet sind. Insekten beispielsweise sind die artenreichste Organismengruppe der Welt. Allein in Wien nimmt man an, dass es rund 40.000 verschiedene Insektenarten gibt. Wer die Biodiversit\u00e4t erkundet und erforscht, erforscht also eine immense Viefalt an unterschiedlichen Lebewesen sowie ihrer Beziehungen zueinander. In der Mitte finden sich aber auch Schleimpilze, von Edward Ehab fotografiert. An diesen seltsamen Lebewesen zeigt sich, dass man vieles auch noch nicht wei\u00df. Diese einzelligen Lebewesen zeigen Eigenschaften von&nbsp;Tieren&nbsp;und&nbsp;Pilzen&nbsp;gleicherma\u00dfen, geh\u00f6ren aber zu keiner der beiden Gruppen. Trotz ihres Namens sind sie also keine Pilze<sup data-fn=\"7d668510-73ed-4db2-aa96-689904b0f11a\" class=\"fn\"><a href=\"#7d668510-73ed-4db2-aa96-689904b0f11a\" id=\"7d668510-73ed-4db2-aa96-689904b0f11a-link\">1<\/a><\/sup>. Sie sind also auch den Forscher:innen noch ein ziemliches R\u00e4tsel.<\/p>\n\n\n\n<p><\/p>\n\n\n\n<p class=\"has-cyan-bluish-gray-color has-text-color has-link-color wp-elements-5b2ffa2541d6e745c6fa98d3c74ce8f8\">Text: Ren\u00e9 Hartinger; Tonspur: Barbara Mithlinger<\/p>\n\n\n\n<p><\/p>\n\n\n\n<div class=\"wp-block-buttons is-layout-flex wp-block-buttons-is-layout-flex\">\n<div class=\"wp-block-button is-style-outline is-style-outline--2\"><a class=\"wp-block-button__link wp-element-button\" href=\"https:\/\/oekosozial.at\/wien\/gesichter-der-vielfalt-guide\/station-2-auf-du-und-du\/\">Weiter zu Station 2<\/a><\/div>\n<\/div>\n\n\n\n<p><\/p>\n\n\n\n<h5 class=\"wp-block-heading\"><a href=\"https:\/\/oekosozial.at\/wien\/gesichter-der-vielfalt-guide\/\">Zur\u00fcck zur \u00dcbersicht<\/a><\/h5>\n\n\n\n<p><\/p>\n\n\n<ol class=\"wp-block-footnotes\"><li id=\"7d668510-73ed-4db2-aa96-689904b0f11a\"><a href=\"https:\/\/de.wikipedia.org\/wiki\/Schleimpilze\">wikipedia<\/a> (Mai 2025) <a href=\"#7d668510-73ed-4db2-aa96-689904b0f11a-link\" aria-label=\"Zur Fu\u00dfnotenreferenz 1 navigieren\">\u21a9\ufe0e<\/a><\/li><\/ol>","protected":false},"excerpt":{"rendered":"<p>Eines der gro\u00dfen Umweltthemen unserer Zeit Diese Ausstellung widmet sich der Vielfalt des Lebendigen \u2013 der Biodiversit\u00e4t. Aber was ist Biodiversit\u00e4t? Wor\u00fcber sprechen wir, wenn wir \u00fcber Biodiversit\u00e4t sprechen?&nbsp; Laut Umweltbundesamt1 ist Biodiversit\u00e4t &#8211; also biologische Vielfalt &#8211; &#8222;die Vielfalt des Lebens auf unserer Erde. Sie umfasst alle Arten und Organisationsstufen von Lebewesen sowie deren genetische Vielfalt, die Vielfalt von &#8230;<\/p>\n","protected":false},"author":24,"featured_media":0,"parent":5230,"menu_order":0,"comment_status":"closed","ping_status":"closed","template":"","meta":{"footnotes":"[{\"id\":\"7d668510-73ed-4db2-aa96-689904b0f11a\",\"content\":\"<a href=\\\"https:\\\/\\\/de.wikipedia.org\\\/wiki\\\/Schleimpilze\\\">wikipedia<\\\/a> (Mai 2025)\"}]"},"class_list":["post-5243","page","type-page","status-publish","hentry","no-post-thumbnail"],"_links":{"self":[{"href":"https:\/\/oekosozial.at\/wien\/wp-json\/wp\/v2\/pages\/5243","targetHints":{"allow":["GET"]}}],"collection":[{"href":"https:\/\/oekosozial.at\/wien\/wp-json\/wp\/v2\/pages"}],"about":[{"href":"https:\/\/oekosozial.at\/wien\/wp-json\/wp\/v2\/types\/page"}],"author":[{"embeddable":true,"href":"https:\/\/oekosozial.at\/wien\/wp-json\/wp\/v2\/users\/24"}],"replies":[{"embeddable":true,"href":"https:\/\/oekosozial.at\/wien\/wp-json\/wp\/v2\/comments?post=5243"}],"version-history":[{"count":9,"href":"https:\/\/oekosozial.at\/wien\/wp-json\/wp\/v2\/pages\/5243\/revisions"}],"predecessor-version":[{"id":6158,"href":"https:\/\/oekosozial.at\/wien\/wp-json\/wp\/v2\/pages\/5243\/revisions\/6158"}],"up":[{"embeddable":true,"href":"https:\/\/oekosozial.at\/wien\/wp-json\/wp\/v2\/pages\/5230"}],"wp:attachment":[{"href":"https:\/\/oekosozial.at\/wien\/wp-json\/wp\/v2\/media?parent=5243"}],"curies":[{"name":"wp","href":"https:\/\/api.w.org\/{rel}","templated":true}]}}