{"id":4217,"date":"2024-02-26T18:55:33","date_gmt":"2024-02-26T17:55:33","guid":{"rendered":"https:\/\/oekosozial.at\/wien\/?page_id=4217"},"modified":"2024-08-29T14:06:29","modified_gmt":"2024-08-29T12:06:29","slug":"ueber-uns","status":"publish","type":"page","link":"https:\/\/oekosozial.at\/wien\/ueber-uns\/","title":{"rendered":"\u00dcber uns"},"content":{"rendered":"<div id=\"cs-content\" class=\"cs-content\"><div class=\"x-section e4217-e1 m395-0\"><div class=\"x-row x-container max width e4217-e2 m395-1 m395-2 m395-3\"><div class=\"x-row-inner\"><div class=\"x-col e4217-e3 m395-6\"><div class=\"x-text x-content e4217-e4 m395-7\"><p>Wir vom &Ouml;kosozialen Forum Wien engagieren uns - von Vizekanzler a.D. Josef Riegler und Bgm. a.D. Michael H&auml;upl gegr&uuml;ndet - seit mittlerweile 25 Jahren f&uuml;r ein nachhaltiges, vielf&auml;ltiges, sozial inklusives und lebenswertes Wien. Unser Motto dabei lautet:<\/p><\/div><hr class=\"x-line e4217-e5 m395-8\"\/><div class=\"x-text x-content e4217-e6 m395-7\"><h5><em><span style=\"color: #0f8e2e\">F\u00fcr die Menschen in unserer Stadt und unsere st\u00e4dtische Umwelt - f\u00fcr eine lebenswerte Gegenwart und Zukunft!<\/span><\/em><\/h5><\/div><hr class=\"x-line e4217-e7 m395-8\"\/><\/div><\/div><\/div><div class=\"x-row x-container max width e4217-e8 m395-1 m395-2 m395-4\"><div class=\"x-row-inner\"><div class=\"x-col e4217-e9 m395-6\"><span class=\"x-image e4217-e10 m395-9\"><img decoding=\"async\" src=\"https:\/\/oekosozial.at\/wien\/wp-content\/uploads\/sites\/4\/2018\/09\/Sailer_Neu_2015-Kopie-Ausschnitt_kl.jpg\" width=\"344\" height=\"393\" alt=\"Image\" loading=\"lazy\"><\/span><\/div><div class=\"x-col e4217-e11 m395-6\"><blockquote class=\"x-quote e4217-e12 m395-a\"><div class=\"x-quote-content\"><div class=\"x-quote-text\"><p>&nbsp;<\/p>\n<p><span style=\"color: #0f8e2e\"><em data-rich-text-format-boundary=\"true\">&bdquo;Soziale Gerechtigkeit, Schutz der Umwelt und wirtschaftlicher Erfolg sind die Eckpunkte einer zufriedenen und nachhaltigen Gesellschaft. Die gro&szlig;e Herausforderung ist es, diese Aufgaben &bdquo;unter einen Hut&ldquo; zu bringen. Die &ouml;kosoziale Marktwirtschaft wurde genau daf&uuml;r entwickelt. Das &ouml;kosoziale Forum Wien leistet im Rahmen seiner M&ouml;glichkeiten einen Beitrag zur lokalen Durchsetzung dieser Ziele und tr&auml;gt, wo es kann, zu einer enkerlgerechten und zukunftsfitten Stadt Wien bei.&ldquo;<\/em><\/span><\/p><\/div><footer class=\"x-quote-cite\"><span class=\"x-quote-cite-text\">DI HANS SAILER, Pr&auml;sident des &Ouml;kosozialen Forums Wien<\/span><\/footer><\/div><\/blockquote><\/div><\/div><\/div><div class=\"x-row x-container max width e4217-e13 m395-1 m395-2 m395-5\"><div class=\"x-row-inner\"><div class=\"x-col e4217-e14 m395-6\"><hr class=\"x-line e4217-e15 m395-8\"\/><div class=\"x-text x-content e4217-e16 m395-7\"><hr class=\"x-line e27-e13 mr-8\" \/>\n<div class=\"x-text x-content e27-e14 mr-7\">\n<p>Wir &uuml;bersetzen die &ouml;kosoziale Idee - die nachhaltige Balance von Umwelt, Sozialem und Wirtschaft - gemeinsam mit unseren Partnerorganisationen in innovative Impulse f&uuml;r die Wiener Stadtwirklichkeit. Wir sehen unsere Mission darin, <em><strong>mit der &Ouml;kosozialen Idee bei den Menschen<\/strong><\/em> zu sein.&nbsp;<\/p>\n<p>Mit unseren Projekten und Aktivit&auml;ten laden wir dazu ein, Nachhaltigkeit mit allen Sinnen zu (er)leben &ndash; zu f&uuml;hlen, zu sp&uuml;ren, zu schmecken und zu denken. Das <em><strong>&bdquo;Begreifen&ldquo; mit Herz und H&auml;nden<\/strong><\/em>&nbsp;ist uns ebenso wichtig wie das&nbsp;<em><strong>&bdquo;Verstehen&ldquo; mit dem Kopf<\/strong><\/em>.<\/p>\n<p>Ein Aspekt, der uns dabei besonders wichtig ist, ist <strong>soziale Teilhabe und Inklusivit&auml;t<\/strong>. Dies bedeutet, dass wir jenen besondere Aufmerksamkeit schenken, deren Lebensrealit&auml;ten weniger privilegiert sind.<\/p>\n<\/div><\/div><hr class=\"x-line e4217-e17 m395-8\"\/><a class=\"x-image e4217-e18 m395-9\" href=\"https:\/\/www.youtube.com\/watch?v=fswTfTL8XGM\" target=\"_blank\" rel=\"noopener noreferrer\"><img decoding=\"async\" src=\"https:\/\/oekosozial.at\/wien\/wp-content\/uploads\/sites\/4\/2019\/03\/Website.jpg\" width=\"559\" height=\"313\" alt=\"Image\" loading=\"lazy\"><\/a><hr class=\"x-line e4217-e19 m395-8\"\/><\/div><\/div><\/div><\/div><\/div>\n","protected":false},"excerpt":{"rendered":"<p>Wir vom &Ouml;kosozialen Forum Wien engagieren uns &#8211; von Vizekanzler a.D. Josef Riegler und Bgm. a.D. Michael H&auml;upl gegr&uuml;ndet &#8211; seit mittlerweile 25 Jahren f&uuml;r ein nachhaltiges, vielf&auml;ltiges, sozial inklusives und lebenswertes Wien. Unser Motto dabei lautet:F\u00fcr die Menschen in unserer Stadt und unsere st\u00e4dtische Umwelt &#8211; f\u00fcr eine lebenswerte Gegenwart und Zukunft!&nbsp; &bdquo;Soziale Gerechtigkeit, Schutz der Umwelt und wirtschaftlicher &#8230;<\/p>\n","protected":false},"author":24,"featured_media":0,"parent":0,"menu_order":0,"comment_status":"closed","ping_status":"closed","template":"","meta":{"footnotes":""},"class_list":["post-4217","page","type-page","status-publish","hentry","no-post-thumbnail"],"_links":{"self":[{"href":"https:\/\/oekosozial.at\/wien\/wp-json\/wp\/v2\/pages\/4217","targetHints":{"allow":["GET"]}}],"collection":[{"href":"https:\/\/oekosozial.at\/wien\/wp-json\/wp\/v2\/pages"}],"about":[{"href":"https:\/\/oekosozial.at\/wien\/wp-json\/wp\/v2\/types\/page"}],"author":[{"embeddable":true,"href":"https:\/\/oekosozial.at\/wien\/wp-json\/wp\/v2\/users\/24"}],"replies":[{"embeddable":true,"href":"https:\/\/oekosozial.at\/wien\/wp-json\/wp\/v2\/comments?post=4217"}],"version-history":[{"count":8,"href":"https:\/\/oekosozial.at\/wien\/wp-json\/wp\/v2\/pages\/4217\/revisions"}],"predecessor-version":[{"id":4870,"href":"https:\/\/oekosozial.at\/wien\/wp-json\/wp\/v2\/pages\/4217\/revisions\/4870"}],"wp:attachment":[{"href":"https:\/\/oekosozial.at\/wien\/wp-json\/wp\/v2\/media?parent=4217"}],"curies":[{"name":"wp","href":"https:\/\/api.w.org\/{rel}","templated":true}]}}