{"id":2884,"date":"2022-04-27T15:06:06","date_gmt":"2022-04-27T13:06:06","guid":{"rendered":"https:\/\/oekosozial.at\/wien\/?page_id=2884"},"modified":"2025-06-10T18:50:21","modified_gmt":"2025-06-10T16:50:21","slug":"broschuere","status":"publish","type":"page","link":"https:\/\/oekosozial.at\/wien\/gut-und-guenstig-essen\/broschuere\/","title":{"rendered":"Brosch\u00fcre &#8222;G.U.T. und g\u00fcnstig essen&#8220;"},"content":{"rendered":"\n<div class=\"wp-block-media-text alignwide is-stacked-on-mobile\" style=\"grid-template-columns:22% auto\"><figure class=\"wp-block-media-text__media\"><img loading=\"lazy\" decoding=\"async\" width=\"713\" height=\"1024\" src=\"https:\/\/oekosozial.at\/wien\/wp-content\/uploads\/sites\/4\/2025\/04\/GUT-2025-Cover-713x1024.png\" alt=\"\" class=\"wp-image-5127 size-full\" srcset=\"https:\/\/oekosozial.at\/wien\/wp-content\/uploads\/sites\/4\/2025\/04\/GUT-2025-Cover-713x1024.png 713w, https:\/\/oekosozial.at\/wien\/wp-content\/uploads\/sites\/4\/2025\/04\/GUT-2025-Cover-209x300.png 209w, https:\/\/oekosozial.at\/wien\/wp-content\/uploads\/sites\/4\/2025\/04\/GUT-2025-Cover-768x1103.png 768w, https:\/\/oekosozial.at\/wien\/wp-content\/uploads\/sites\/4\/2025\/04\/GUT-2025-Cover-100x144.png 100w, https:\/\/oekosozial.at\/wien\/wp-content\/uploads\/sites\/4\/2025\/04\/GUT-2025-Cover-758x1089.png 758w, https:\/\/oekosozial.at\/wien\/wp-content\/uploads\/sites\/4\/2025\/04\/GUT-2025-Cover.png 876w\" sizes=\"auto, (max-width: 713px) 100vw, 713px\" \/><\/figure><div class=\"wp-block-media-text__content\">\n<p><strong>G.U.T. zu essen &#8211; das bedeutet:&nbsp;<\/strong><\/p>\n\n\n\n<ul class=\"wp-block-list\">\n<li><strong>G<\/strong>esund und&nbsp;genussvoll&nbsp;<\/li>\n\n\n\n<li><strong>U<\/strong>mwelt- und klimafreundlich&nbsp;<\/li>\n\n\n\n<li><strong>T<\/strong>ierfair<\/li>\n<\/ul>\n\n\n\n<p>Unsere Brosch\u00fcre GUT und g\u00fcnstig essen &#8211; <span class=\"has-inline-color has-black-color\">Ihr Wegweiser f\u00fcr Ihre pers\u00f6nliche gesunde, nachhaltige und tierfaire Ern\u00e4hrungsumstellung!<\/span><\/p>\n\n\n\n<p>Erstauflage: Mai 2022, Neuauflage: M\u00e4rz 2025<\/p>\n\n\n\n<p><em><strong><span class=\"has-inline-color has-luminous-vivid-orange-color\">Lassen Sie es sich G.U.T. schmecken!<\/span><\/strong><\/em><\/p>\n<\/div><\/div>\n\n\n\n<p><\/p>\n\n\n\n<div class=\"wp-block-buttons is-layout-flex wp-block-buttons-is-layout-flex\">\n<div class=\"wp-block-button\"><a class=\"wp-block-button__link has-white-color has-text-color has-background wp-element-button\" href=\"https:\/\/oekosozial.at\/wien\/wp-content\/uploads\/sites\/4\/2025\/04\/GUT_und_guenstig_essen_Broschuere_2025_fin.pdf\" style=\"background-color:#94c11c\">Kostenloser Download Brosch\u00fcre<\/a><\/div>\n\n\n\n<div class=\"wp-block-button\"><a class=\"wp-block-button__link has-black-color has-text-color has-background wp-element-button\" href=\"https:\/\/oekosozial.at\/wien\/wp-content\/uploads\/sites\/4\/2025\/04\/GUT_und_guenstig_essen_2025_Poster_GUT-Teller_fin.pdf\" style=\"background-color:#ffdd00\">Poster &#8222;G.U.T.-Teller&#8220;<\/a><\/div>\n\n\n\n<div class=\"wp-block-button\"><a class=\"wp-block-button__link has-background wp-element-button\" href=\"https:\/\/oekosozial.at\/wien\/wp-content\/uploads\/sites\/4\/2025\/04\/GUT_und_guenstig_essen_2025_Poster_Richtig_lagern_fin.pdf\" style=\"background-color:#0aa537\">Poster &#8222;Richtig lagern&#8220;<\/a><\/div>\n\n\n\n<div class=\"wp-block-button\"><a class=\"wp-block-button__link has-background wp-element-button\" href=\"https:\/\/oekosozial.at\/wien\/gut-und-guenstig-essen\/ganz-einfach\/\" style=\"background-color:#293681\">Infos in Einfacher Sprache<\/a><\/div>\n<\/div>\n\n\n\n<div style=\"height:16px\" aria-hidden=\"true\" class=\"wp-block-spacer\"><\/div>\n\n\n\n<p>Die Druckversion ist kostenlos erh\u00e4ltlich bei der <strong><a href=\"https:\/\/www.wien.gv.at\/kontakte\/stadtservice\/stadtinfo.html\">Stadtinfo im Rathaus<\/a><\/strong>. und in den <a href=\"https:\/\/www.nachbarschaftszentren.at\/\"><strong>Nachbarschaftszentren des Wiener Hilfswerk<\/strong><\/a>.<\/p>\n\n\n\n<h5 class=\"wp-block-heading\"><em><strong>#GUTundguenstigessen #WienisstGUT<\/strong><\/em><\/h5>\n\n\n\n<hr class=\"wp-block-separator has-css-opacity\" \/>\n\n\n\n<h5 class=\"wp-block-heading\"><a href=\"https:\/\/oekosozial.at\/wien\/gut-und-guenstig-essen\/\">Zur\u00fcck zur Wissensplattform<\/a><\/h5>\n\n\n\n<p><\/p>\n","protected":false},"excerpt":{"rendered":"<p>Die Druckversion ist kostenlos erh\u00e4ltlich bei der Stadtinfo im Rathaus. und in den Nachbarschaftszentren des Wiener Hilfswerk. #GUTundguenstigessen #WienisstGUT Zur\u00fcck zur Wissensplattform<\/p>\n","protected":false},"author":24,"featured_media":0,"parent":2607,"menu_order":0,"comment_status":"closed","ping_status":"closed","template":"","meta":{"footnotes":""},"class_list":["post-2884","page","type-page","status-publish","hentry","no-post-thumbnail"],"_links":{"self":[{"href":"https:\/\/oekosozial.at\/wien\/wp-json\/wp\/v2\/pages\/2884","targetHints":{"allow":["GET"]}}],"collection":[{"href":"https:\/\/oekosozial.at\/wien\/wp-json\/wp\/v2\/pages"}],"about":[{"href":"https:\/\/oekosozial.at\/wien\/wp-json\/wp\/v2\/types\/page"}],"author":[{"embeddable":true,"href":"https:\/\/oekosozial.at\/wien\/wp-json\/wp\/v2\/users\/24"}],"replies":[{"embeddable":true,"href":"https:\/\/oekosozial.at\/wien\/wp-json\/wp\/v2\/comments?post=2884"}],"version-history":[{"count":10,"href":"https:\/\/oekosozial.at\/wien\/wp-json\/wp\/v2\/pages\/2884\/revisions"}],"predecessor-version":[{"id":5576,"href":"https:\/\/oekosozial.at\/wien\/wp-json\/wp\/v2\/pages\/2884\/revisions\/5576"}],"up":[{"embeddable":true,"href":"https:\/\/oekosozial.at\/wien\/wp-json\/wp\/v2\/pages\/2607"}],"wp:attachment":[{"href":"https:\/\/oekosozial.at\/wien\/wp-json\/wp\/v2\/media?parent=2884"}],"curies":[{"name":"wp","href":"https:\/\/api.w.org\/{rel}","templated":true}]}}