{"id":2869,"date":"2022-04-27T14:21:17","date_gmt":"2022-04-27T12:21:17","guid":{"rendered":"https:\/\/oekosozial.at\/wien\/?page_id=2869"},"modified":"2024-07-08T18:08:25","modified_gmt":"2024-07-08T16:08:25","slug":"veranstaltungen","status":"publish","type":"page","link":"https:\/\/oekosozial.at\/wien\/archiv\/veranstaltungen\/","title":{"rendered":"Veranstaltung &#8222;Gutes Essen f\u00fcr alle!"},"content":{"rendered":"<div id=\"cs-content\" class=\"cs-content\"><div class=\"x-section e2869-e1 m27p-0\"><div class=\"x-row x-container max width e2869-e2 m27p-1 m27p-2\"><div class=\"x-row-inner\"><div class=\"x-col e2869-e3 m27p-3\"><div class=\"x-text x-content e2869-e4 m27p-4\"><p><span style=\"text-decoration: underline\"><strong>4. April 2022 \/ Gesundheitsf\u00f6rderung, Nachhaltige Ern\u00e4hrung<\/strong><\/span><\/p>\n<p><\/p><\/div><div class=\"x-text x-content e2869-e5 m27p-4\"><p><div class=\"x-embed x-is-rich x-is-oekosoziales-forum-wien\"><blockquote class=\"wp-embedded-content\" data-secret=\"Sx4hvCRMr1\"><a href=\"https:\/\/oekosozial.at\/wien\/veranstaltungsrueckschau-gutes-essen-fuer-alle\/\">Veranstaltungsr\u00fcckschau: Gutes Essen f\u00fcr alle! Nachhaltige Ern\u00e4hrungskompetenz durch Stadtteilarbeit f\u00f6rdern<\/a><\/blockquote><iframe loading=\"lazy\" class=\"wp-embedded-content\" sandbox=\"allow-scripts\" security=\"restricted\" style=\"position: absolute; clip: rect(1px, 1px, 1px, 1px);\" title=\"&#8222;Veranstaltungsr\u00fcckschau: Gutes Essen f\u00fcr alle! Nachhaltige Ern\u00e4hrungskompetenz durch Stadtteilarbeit f\u00f6rdern&#8220; &#8212; \u00d6kosoziales Forum Wien\" src=\"https:\/\/oekosozial.at\/wien\/veranstaltungsrueckschau-gutes-essen-fuer-alle\/embed\/#?secret=Sx4hvCRMr1\" data-secret=\"Sx4hvCRMr1\" width=\"600\" height=\"338\" frameborder=\"0\" marginwidth=\"0\" marginheight=\"0\" scrolling=\"no\"><\/iframe><\/div><\/p><\/div><div class=\"x-text x-content e2869-e6 m27p-4\">Kooperationsveranstaltung mit den <strong><a href=\"https:\/\/nachbarschaftszentren.at\/\">Wiener Hilfswerk Nachbarschaftszentren<\/a><\/strong>.<\/div><\/div><\/div><\/div><\/div><\/div>\n","protected":false},"excerpt":{"rendered":"<p>4. April 2022 \/ Gesundheitsf\u00f6rderung, Nachhaltige Ern\u00e4hrung Veranstaltungsr\u00fcckschau: Gutes Essen f\u00fcr alle! Nachhaltige Ern\u00e4hrungskompetenz durch Stadtteilarbeit f\u00f6rdernKooperationsveranstaltung mit den Wiener Hilfswerk Nachbarschaftszentren.<\/p>\n","protected":false},"author":24,"featured_media":0,"parent":1550,"menu_order":0,"comment_status":"closed","ping_status":"closed","template":"","meta":{"footnotes":""},"class_list":["post-2869","page","type-page","status-publish","hentry","no-post-thumbnail"],"_links":{"self":[{"href":"https:\/\/oekosozial.at\/wien\/wp-json\/wp\/v2\/pages\/2869","targetHints":{"allow":["GET"]}}],"collection":[{"href":"https:\/\/oekosozial.at\/wien\/wp-json\/wp\/v2\/pages"}],"about":[{"href":"https:\/\/oekosozial.at\/wien\/wp-json\/wp\/v2\/types\/page"}],"author":[{"embeddable":true,"href":"https:\/\/oekosozial.at\/wien\/wp-json\/wp\/v2\/users\/24"}],"replies":[{"embeddable":true,"href":"https:\/\/oekosozial.at\/wien\/wp-json\/wp\/v2\/comments?post=2869"}],"version-history":[{"count":8,"href":"https:\/\/oekosozial.at\/wien\/wp-json\/wp\/v2\/pages\/2869\/revisions"}],"predecessor-version":[{"id":4797,"href":"https:\/\/oekosozial.at\/wien\/wp-json\/wp\/v2\/pages\/2869\/revisions\/4797"}],"up":[{"embeddable":true,"href":"https:\/\/oekosozial.at\/wien\/wp-json\/wp\/v2\/pages\/1550"}],"wp:attachment":[{"href":"https:\/\/oekosozial.at\/wien\/wp-json\/wp\/v2\/media?parent=2869"}],"curies":[{"name":"wp","href":"https:\/\/api.w.org\/{rel}","templated":true}]}}