{"id":171,"date":"2017-02-10T15:03:27","date_gmt":"2017-02-10T14:03:27","guid":{"rendered":"https:\/\/oekosozial.at\/wien\/?page_id=171"},"modified":"2025-07-28T19:09:55","modified_gmt":"2025-07-28T17:09:55","slug":"lebensmittel-ernaehrung-stadtlandwirtschaft","status":"publish","type":"page","link":"https:\/\/oekosozial.at\/wien\/unsere-themen\/lebensmittel-ernaehrung-stadtlandwirtschaft\/","title":{"rendered":"Lebensmittel &#8211; Ern\u00e4hrung &#8211; Stadtlandwirtschaft"},"content":{"rendered":"<p><span style=\"font-size: 18pt\"><em><span style=\"font-family: Georgia, Palatino;color: #008000;font-size: 14pt\">Gute Ern\u00e4hrung f\u00fcr ein gutes, gesundes und gl\u00fcckliches Leben. F\u00fcr Alle!<\/span><br \/>\n<\/em><\/span><\/p>\n<p>Ern\u00e4hrung ist ein wichtiger, besonders <strong>pers\u00f6nlicher Zugang zu nachhaltiger Entwicklung<\/strong>&#8211; denn was wir essen, nehmen wir physisch zu uns, mit all dem, was an Inhaltstoffen und Herstellungsgeschichte in den jeweiligen Produkten steckt. Was wir essen hat vielf\u00e4ltige Auswirkungen auf unsere Gesundheit, unsere Vitalit\u00e4t und unser Wohlbefinden, aber auch auf Klima und Umwelt, das Tierwohl sowie die Arbeitsbedingungen der Menschen in der Produktion.<\/p>\n<p>Ern\u00e4hrung ein wesentliches Element der<strong> Gesundheitsf\u00f6rderung,<\/strong> tr\u00e4gt wesentlich zu <strong>Lebensqualit\u00e4t und Wohlbefinden<\/strong> bei und ist auch im Sinne des sozialen Miteinanders wichtig &#8211; denn miteinander zu Essen ist auch ein sozial verbindender Akt. (Daher sagen wir immer dazu: gemeinsam kochen und genie\u00dfen!)<\/p>\n<p>Daher stellt sich die Frage: Gesund, genussvoll und nachhaltig Essen &#8211; aber wie? Das zeigt das di\u00e4tologisch-ern\u00e4hrungswissenschaftlich fundierte Modell des <strong>G.U.T.-Tellers<\/strong>. Es steht im Zentrum unseres Konzeptes <strong>&#8222;G.U.T. &amp; g\u00fcnstig essen&#8220;<\/strong>, welches ern\u00e4hrungsmedizinische Grundlagen auf Basis der Planetary Health Diet mit den Prinzipien des <a href=\"https:\/\/www.wien.gv.at\/umweltschutz\/nachhaltigkeit\/wien-isst-gut.html\">Wiener Lebensmittelaktionsplan &#8222;Wien isst G.U.T.&#8220;<\/a> in Einklang bringt.<\/p>\n<p>Mit diesem f\u00f6rdern wir auf praxisbezogene Weise das Wissen und das Bewusstsein rund um das Thema Ern\u00e4hrung. Wir setzen aber auch auf das Ausprobieren, Mitmachen und Kosten. Unsere Aktivit\u00e4ten laden die Menschen ein, sich dem Thema Ern\u00e4hrung mit allen Sinnen zu n\u00e4hern. Besonders freuen wir uns, wenn Menschen daraus Impulse mitnehmen, die sie in einer eigenen, pers\u00f6nlichen Ern\u00e4hrungsver\u00e4nderung umsetzen. Basis f\u00fcr unsere erfolgreiche Arbeit in diesem Bereich ist unsere langj\u00e4hrige Zusammenarbeit mit dem Verein f\u00fcr Ern\u00e4hrungsgesundheit <a href=\"https:\/\/pan-int.org\/de\/branches\/austria\/\">PAN Austria<\/a>.<\/p>\n<p>Mit unseren Aktivit\u00e4ten zur<strong> Lebensmittelweitergabe \/ Sozialer Transfer<\/strong> sind wir mit der Bereitstellung von K\u00fchlger\u00e4ten zur Lebensmittelweitergabe (FAIRteiler, Lebensmittelausgabestellen, Wohnh\u00e4user) und mit Kochaktionen aktiv. Diese Aktivit\u00e4ten setzen wir mit Partnerorganisationen wie der Wiener Tafel, den Nachbarschaftszentren des Wiener Hilfswerks, der Volkshilfe Wien, dem Arbeitersamariterbund Wien und selbstverst\u00e4ndlich Partnern, die uns Lebensmittel zur Verf\u00fcgung stellen.<\/p>\n<p>Wir sind der Meinung, dass alle Menschen das Recht auf eine hochwertige, nachhaltige und gesunde Ern\u00e4hrung haben sollten. Daher fokussieren wir unter dem <strong>Motto G.U.T.es Essen f\u00fcr alle!<\/strong> in allen unsere Aktivit\u00e4ten speziell auf die weniger privilegierten Menschen in unserer Gesellschaft. Wir wollen den Zugang f\u00fcr diese Menschen verbessern, indem wir Wissen und Bewusstsein \u00fcber gesundheitsf\u00f6rderliche Ern\u00e4hrung vermitteln und die Verf\u00fcgbarkeit von hochwertigen, frischen Lebensmitteln im Rahmen des sozialen Transfers verbessern.<\/p>\n<p>Im Bereich der <strong>Stadtlandwirtschaft<\/strong> sind wir Netzwerkpartner und Dialogpartner, beispielsweise im Kontext des Wiener Lebensmittelaktionsplans, der Wiener <a href=\"https:\/\/oekosozial.at\/wien\/was-wir-tun\/pestizidminimierung-in-wien\/\">Strategie zur Pestizidminimierung<\/a> oder der Dachmarke &#8222;Stadternte Wien&#8220;.<\/p>\n<p><img loading=\"lazy\" decoding=\"async\" class=\"alignnone size-full wp-image-4844\" src=\"https:\/\/oekosozial.at\/wien\/wp-content\/uploads\/sites\/4\/2024\/08\/GUT-Teller-1-e1722598729640.png\" alt=\"\" width=\"2070\" height=\"1193\" srcset=\"https:\/\/oekosozial.at\/wien\/wp-content\/uploads\/sites\/4\/2024\/08\/GUT-Teller-1-e1722598729640.png 2070w, https:\/\/oekosozial.at\/wien\/wp-content\/uploads\/sites\/4\/2024\/08\/GUT-Teller-1-e1722598729640-300x173.png 300w, https:\/\/oekosozial.at\/wien\/wp-content\/uploads\/sites\/4\/2024\/08\/GUT-Teller-1-e1722598729640-1024x590.png 1024w, https:\/\/oekosozial.at\/wien\/wp-content\/uploads\/sites\/4\/2024\/08\/GUT-Teller-1-e1722598729640-768x443.png 768w, https:\/\/oekosozial.at\/wien\/wp-content\/uploads\/sites\/4\/2024\/08\/GUT-Teller-1-e1722598729640-1536x885.png 1536w, https:\/\/oekosozial.at\/wien\/wp-content\/uploads\/sites\/4\/2024\/08\/GUT-Teller-1-e1722598729640-2048x1180.png 2048w, https:\/\/oekosozial.at\/wien\/wp-content\/uploads\/sites\/4\/2024\/08\/GUT-Teller-1-e1722598729640-100x58.png 100w, https:\/\/oekosozial.at\/wien\/wp-content\/uploads\/sites\/4\/2024\/08\/GUT-Teller-1-e1722598729640-758x437.png 758w, https:\/\/oekosozial.at\/wien\/wp-content\/uploads\/sites\/4\/2024\/08\/GUT-Teller-1-e1722598729640-968x558.png 968w\" sizes=\"auto, (max-width: 2070px) 100vw, 2070px\" \/><\/p>\n<p>Der GUT-Teller f\u00fcr eine ausgewogene Zusammensetzung einer Mahlzeit: 1\/2 Gem\u00fcse und Obst, 1\/4 kohlenhydratreiche Lebensmittel, 1\/4 eiwei\u00dfreiche Lebensmittel. Dazu hochwetrige \u00d6le und Gew\u00fcrze und ausreichend trinken! (Arrangement: Daniela Bergthaler; Bild: Elisabeth Pollak)<\/p>\n<p style=\"text-align: center\">***<\/p>\n<p style=\"text-align: center\"><span style=\"font-size: 14pt\"><a href=\"https:\/\/oekosozial.at\/wien\/was-wir-tun\/\">Zur vollst\u00e4ndigen Projekt\u00fcbersicht<\/a><\/span><\/p>\n<p style=\"text-align: center\">&#8212;<\/p>\n<p style=\"text-align: center\"><span style=\"font-size: 14pt\"><a href=\"https:\/\/oekosozial.at\/wien\/gut-und-guenstig-essen\/\">Zum Wissensportal &#8222;G.U.T. und g\u00fcnstig essen&#8220;<\/a><\/span><\/p>\n<p style=\"text-align: center\">&#8212;<\/p>\n<h3 style=\"text-align: center\"><a href=\"https:\/\/oekosozial.at\/wien\/gut-und-guenstig-essen\/ganz-einfach\/\"><span style=\"color: #008000\"><strong>Infos in Leichter Sprache<\/strong><\/span><\/a><\/h3>\n<p style=\"text-align: left\"><span style=\"font-size: 14pt;color: #94b93f\">\u00a0<\/span><\/p>\n<h3><\/h3>\n<p><span style=\"font-size: 14pt\">\u00a0<\/span><\/p>\n","protected":false},"excerpt":{"rendered":"<p>Gute Ern\u00e4hrung f\u00fcr ein gutes, gesundes und gl\u00fcckliches Leben. F\u00fcr Alle! Ern\u00e4hrung ist ein wichtiger, besonders pers\u00f6nlicher Zugang zu nachhaltiger Entwicklung&#8211; denn was wir essen, nehmen wir physisch zu uns, mit all dem, was an Inhaltstoffen und Herstellungsgeschichte in den jeweiligen Produkten steckt. Was wir essen hat vielf\u00e4ltige Auswirkungen auf unsere Gesundheit, unsere Vitalit\u00e4t und unser Wohlbefinden, aber auch auf &#8230;<\/p>\n","protected":false},"author":7,"featured_media":0,"parent":594,"menu_order":0,"comment_status":"closed","ping_status":"closed","template":"","meta":{"footnotes":""},"class_list":["post-171","page","type-page","status-publish","hentry","no-post-thumbnail"],"_links":{"self":[{"href":"https:\/\/oekosozial.at\/wien\/wp-json\/wp\/v2\/pages\/171","targetHints":{"allow":["GET"]}}],"collection":[{"href":"https:\/\/oekosozial.at\/wien\/wp-json\/wp\/v2\/pages"}],"about":[{"href":"https:\/\/oekosozial.at\/wien\/wp-json\/wp\/v2\/types\/page"}],"author":[{"embeddable":true,"href":"https:\/\/oekosozial.at\/wien\/wp-json\/wp\/v2\/users\/7"}],"replies":[{"embeddable":true,"href":"https:\/\/oekosozial.at\/wien\/wp-json\/wp\/v2\/comments?post=171"}],"version-history":[{"count":10,"href":"https:\/\/oekosozial.at\/wien\/wp-json\/wp\/v2\/pages\/171\/revisions"}],"predecessor-version":[{"id":5673,"href":"https:\/\/oekosozial.at\/wien\/wp-json\/wp\/v2\/pages\/171\/revisions\/5673"}],"up":[{"embeddable":true,"href":"https:\/\/oekosozial.at\/wien\/wp-json\/wp\/v2\/pages\/594"}],"wp:attachment":[{"href":"https:\/\/oekosozial.at\/wien\/wp-json\/wp\/v2\/media?parent=171"}],"curies":[{"name":"wp","href":"https:\/\/api.w.org\/{rel}","templated":true}]}}