{"id":16,"date":"2017-01-05T16:47:51","date_gmt":"2017-01-05T15:47:51","guid":{"rendered":"https:\/\/oekosozial.at\/wien\/?page_id=16"},"modified":"2025-10-16T13:36:42","modified_gmt":"2025-10-16T11:36:42","slug":"kontakt","status":"publish","type":"page","link":"https:\/\/oekosozial.at\/wien\/kontakt\/","title":{"rendered":"Kontakt | Bilder | Presse"},"content":{"rendered":"<h1><span style=\"font-size: 14pt;color: #008000\"><strong>\u00d6kosoziales Forum Wien <\/strong><\/span><span style=\"font-size: 14pt;font-family: Helvetica;color: #008000\"><img loading=\"lazy\" decoding=\"async\" class=\"wp-image-3184 alignright\" src=\"https:\/\/oekosozial.at\/wien\/wp-content\/uploads\/sites\/4\/2022\/09\/cropped-Logoquadratisch.png\" alt=\"\" width=\"107\" height=\"107\" srcset=\"https:\/\/oekosozial.at\/wien\/wp-content\/uploads\/sites\/4\/2022\/09\/cropped-Logoquadratisch.png 512w, https:\/\/oekosozial.at\/wien\/wp-content\/uploads\/sites\/4\/2022\/09\/cropped-Logoquadratisch-300x300.png 300w, https:\/\/oekosozial.at\/wien\/wp-content\/uploads\/sites\/4\/2022\/09\/cropped-Logoquadratisch-150x150.png 150w, https:\/\/oekosozial.at\/wien\/wp-content\/uploads\/sites\/4\/2022\/09\/cropped-Logoquadratisch-100x100.png 100w, https:\/\/oekosozial.at\/wien\/wp-content\/uploads\/sites\/4\/2022\/09\/cropped-Logoquadratisch-270x270.png 270w, https:\/\/oekosozial.at\/wien\/wp-content\/uploads\/sites\/4\/2022\/09\/cropped-Logoquadratisch-192x192.png 192w, https:\/\/oekosozial.at\/wien\/wp-content\/uploads\/sites\/4\/2022\/09\/cropped-Logoquadratisch-180x180.png 180w, https:\/\/oekosozial.at\/wien\/wp-content\/uploads\/sites\/4\/2022\/09\/cropped-Logoquadratisch-32x32.png 32w\" sizes=\"auto, (max-width: 107px) 100vw, 107px\" \/><\/span><\/h1>\n<p>ZVR: 777619751<\/p>\n<p>Stadiongasse 6-8 \/ T\u00fcr 8, 1010 Wien<\/p>\n<p><strong>Mail:<\/strong> wien{et}oekosozial.at<\/p>\n<p><strong>Telefon:<\/strong> 0699 \/ 1010 9119<span style=\"color: #99cc00\"><a href=\"https:\/\/www.flickr.com\/photos\/167078778@N08\/albums\/with\/72157674181248598\"><img loading=\"lazy\" decoding=\"async\" class=\"wp-image-1361  alignright\" src=\"https:\/\/oekosozial.at\/wien\/wp-content\/uploads\/sites\/4\/2019\/06\/flickr-1024x533.png\" alt=\"\" width=\"302\" height=\"158\" srcset=\"https:\/\/oekosozial.at\/wien\/wp-content\/uploads\/sites\/4\/2019\/06\/flickr-1024x533.png 1024w, https:\/\/oekosozial.at\/wien\/wp-content\/uploads\/sites\/4\/2019\/06\/flickr-300x156.png 300w, https:\/\/oekosozial.at\/wien\/wp-content\/uploads\/sites\/4\/2019\/06\/flickr-768x400.png 768w, https:\/\/oekosozial.at\/wien\/wp-content\/uploads\/sites\/4\/2019\/06\/flickr-100x52.png 100w, https:\/\/oekosozial.at\/wien\/wp-content\/uploads\/sites\/4\/2019\/06\/flickr-758x395.png 758w, https:\/\/oekosozial.at\/wien\/wp-content\/uploads\/sites\/4\/2019\/06\/flickr-968x504.png 968w, https:\/\/oekosozial.at\/wien\/wp-content\/uploads\/sites\/4\/2019\/06\/flickr.png 1239w\" sizes=\"auto, (max-width: 302px) 100vw, 302px\" \/><\/a><\/span><\/p>\n<ul>\n<li><span style=\"color: #99cc00\"><a style=\"color: #99cc00\" href=\"mailto:wien@oekosozial.at\"><strong>Mailen<\/strong> Sie uns!<\/a><\/span><\/li>\n<li><a href=\"https:\/\/www.facebook.com\/oekosozial.wien\/\"><span style=\"color: #99cc00\">Besuchen sie uns auf <strong>facebook<\/strong>!<\/span><\/a><\/li>\n<li><span style=\"color: #99cc00\"><a style=\"color: #99cc00\" href=\"https:\/\/www.instagram.com\/p\/Cxp2dqWsuVr\/?img_index=1\">Besuchen Sie uns auf <strong>instagram<\/strong>!<\/a><\/span><\/li>\n<li><span style=\"color: #99cc00\"><a style=\"color: #99cc00\" href=\"https:\/\/www.flickr.com\/photos\/167078778@N08\/albums\/with\/72157674181248598\"><span style=\"font-size: 12pt\">Besuchen sie auch unser Online-<strong>Bildergallerie auf flickr<\/strong>!<\/span><\/a><\/span><\/li>\n<\/ul>\n<hr \/>\n<h1><span style=\"font-size: 14pt;color: #008000\"><strong>Pressemeldungen<\/strong><\/span><\/h1>\n<ul>\n<li>16. Oktober 2025: <strong><a href=\"https:\/\/www.ots.at\/presseaussendung\/OTS_20251016_OTS0113\/welternaehrungstag-2025-zukunft-der-lebensmittelrettung-versorgung-armutsbetroffener-oder-schleichende-kommerzialisierung\">Weltern\u00e4hrungstag 2025: Zukunft der Lebensmittelrettung &#8211; Versorgung Armutsbetroffener oder schleichende Kommerzialisierung?<\/a><\/strong> (APA-OTS)<\/li>\n<li>7. April 2025: <a href=\"https:\/\/www.ots.at\/presseaussendung\/OTS_20250407_OTS0049\/gemeinsames-statement-zum-weltgesundheitstag-gutes-essen-fuer-alle\"><strong>Gemeinsames Statement zum Weltgesundheitstag: G.U.T.es Essen f\u00fcr alle!<\/strong><\/a> (APA-OTS)<\/li>\n<li>11. November 2024: <a href=\"https:\/\/www.w24.at\/News\/2024\/11\/25-Jahre-Oekosoziales-Forum-Wien\"><strong>&#8222;25 Jahre \u00d6kosoziales Forum Wien&#8220;<\/strong><\/a>\u00a0(w24 Videobericht)<\/li>\n<li>16. Oktober 2024: <a href=\"https:\/\/www.ots.at\/presseaussendung\/OTS_20241016_OTS0065\/welternaehrungstag-2024-gemeinsam-gegen-ernaehrungsarmut-und-lebensmittelverschwendung\"><strong>&#8222;Weltern\u00e4hrungstag 2024: Gemeinsam gegen Ern\u00e4hrungsarmut und Lebensmittelverschwendung&#8220;<\/strong><\/a> (APA-OTS)<\/li>\n<li>9. Oktober 2024: <strong><a href=\"https:\/\/www.ots.at\/presseaussendung\/OTS_20241009_OTS0009\/aviso-welternaehrungstag-2024\">&#8222;Weltern\u00e4hrungstag 2024 &#8211; Einblicke und Expert:innengespr\u00e4ch am Vortag des World Food Day 2024&#8220;<\/a><\/strong> (APA-OTS)<\/li>\n<li>05. Juni 2024: <a href=\"https:\/\/www.ots.at\/presseaussendung\/OTS_20240605_OTS0121\/weltumwelttag-2024-naturbeziehung-staerken-umwelt-schuetzen-gesundheit-und-lebensqualitaet-foerdern\">&#8222;<strong>Weltumwelttag 2024: Naturbeziehung st\u00e4rken, Umwelt sch\u00fctzen, Gesundheit und Lebensqualit\u00e4t f\u00f6rdern&#8220;<\/strong><\/a> (APA-OTS)<\/li>\n<li>05. Juni 2024: &#8222;<a href=\"http:\/\/Weltumwelttag 2024: Renaturierung im Fokus\" data-wplink-url-error=\"true\"><strong>Weltumwelttag 2024: Renaturierung im Fokus<\/strong>&#8220; (APA-OTS)<\/a><\/li>\n<li>22. Mai 2024: <a href=\"https:\/\/www.ots.at\/presseaussendung\/OTS_20240522_OTS0171\/welttag-der-biodiversitaet-chance-nuetzen-natur-schuetzen-eu-renaturierungsverordnung\">&#8222;<strong>Welttag der Biodiversit\u00e4t: Chance n\u00fctzen \u2013 Natur sch\u00fctzen!<\/strong> (EU-Renaturierungsverordnung)&#8220; (APA-OTS)<\/a><\/li>\n<li>22. M\u00e4rz 2024: <a href=\"https:\/\/www.ots.at\/presseaussendung\/OTS_20240322_OTS0103\/lebensgrundlage-wasser-veranstaltung-zum-weltwassertag-2024\">&#8222;<strong>Lebensgrundlage Wasser&#8220;<\/strong> &#8211; Veranstaltung zum Weltwassertag 2024 (OTS)<\/a><\/li>\n<li>26. September 2023: <a href=\"https:\/\/www.meinbezirk.at\/meidling\/c-regionauten-community\/oekosoziales-forum-wien-wieder-zu-gast-beim-samariter-suppentopf_a6275658\"><strong>\u00d6kosoziales Forum Wien wieder zu Gast bei Samariter Suppentopf<\/strong> (meinbezirk.at)<\/a><\/li>\n<li>08. M\u00e4rz 2023: <a href=\"https:\/\/www.ots.at\/presseaussendung\/OTS_20230308_OTS0099\/gutes-essen-fuer-alle-gemeinsame-kochaktion-zum-weltfrauentag\"><strong>G.U.T.es Essen f\u00fcr alle! Gemeinsame Kochaktion zum Weltfrauentag<\/strong> (APA-OTS)<\/a><\/li>\n<li>14. Dezember 2022: 85 junge Obstb\u00e4ume f\u00fcr die Steinhofgr\u00fcnde (APA-OTS)<\/li>\n<li>24. April 2022: <a href=\"https:\/\/www.ots.at\/presseaussendung\/OTS_20220424_OTS0015\/apfel-marille-und-co-obststadt-wien-erblueht-auf-den-steinhofgruenden\"><strong>Apfel, Marille und Co &#8211; Obststadt Wien erbl\u00fcht auf den Steinhofgr\u00fcnden<\/strong> (APA-OTS)<\/a><\/li>\n<li>1. April 2022: <a href=\"https:\/\/www.ots.at\/presseaussendung\/OTS_20220401_OTS0122\/meilenstein-fuer-pestizidminimierung-bild\"><strong>Meilenstein f\u00fcr Pestizidminimierung<\/strong> (APA-OTS)<\/a><\/li>\n<li>31. M\u00e4rz 2022: <a href=\"https:\/\/www.ots.at\/presseaussendung\/OTS_20220331_OTS0069\/insektenvielfalt-biodiversitaetczernohorszky-pestizide-dauerhaft-und-nachhaltig-minimieren\"><strong>Insektenvielfalt &amp; Biodiversit\u00e4t\/Czernohorszky: Pestizide dauerhaft und nachhaltig minimieren<\/strong> (APA-OTS)<\/a><\/li>\n<li>24. M\u00e4rz 2022: <a href=\"https:\/\/www.ots.at\/presseaussendung\/OTS_20220324_OTS0114\/nachhaltige-ernaehrungskompetenz-durch-stadtteilarbeit-foerdern\">Veranstaltung <strong>&#8222;Gutes Essen f\u00fcr alle! Nachhaltige Ern\u00e4hrungskompetenz durch Stadtteilarbeit f\u00f6rdern&#8220;<\/strong> (OTS-Aviso der Wiener Hilfswerk Nachbarschaftszentren)<\/a><\/li>\n<li>November \/ Dezember 2021: Pflanzung der Obstoase Strebersdorf<\/li>\n<li>4. Dezember 2021:\u00a0<a href=\"https:\/\/www.wienerzeitung.at\/meinung\/gastkommentare\/2130090-Die-Regierungskrise-und-die-Steuerreform.html\"><strong>Die Regierungskrise und die Steuerreform<\/strong> (Gastkommentar Hans Sailer &#8211; Wiener Zeitung)<\/a><\/li>\n<li>28. Mai 2021:\u00a0<a href=\"https:\/\/www.hilfswerk.at\/wien\/ueber-uns\/presse\/presseaussendungen\/nachbarschaftstag-2021\/\"><strong>Wiens Nachbarschaften bl\u00fchen auf<\/strong> (Wiener Hilfswerk)<\/a><\/li>\n<li>30. M\u00e4rz 2021:\u00a0<a href=\"https:\/\/www.kdz.eu\/de\/presse\/sdg-kommunalcheck-fuer-nachhaltige-investitionen-staedten-und-gemeinden\"><strong>SDG-Check f\u00fcr nachhaltige Investitionen in St\u00e4dten und Gemeinden<\/strong> (KDZ &#8211; Zentrum f\u00fcr Verwaltungsforschung)<\/a><\/li>\n<li>2. Oktober 2020:\u00a0<a href=\"https:\/\/www.wien.gv.at\/presse\/2020\/10\/02\/runder-tisch-fuer-umwelt-und-tierwohl-verabschiedet-massnahmen\"><strong>Runder Tisch f\u00fcr Umwelt und Tierwohl verabschiedet Ma\u00dfnahmen<\/strong> (Rathauskorrespondenz)<\/a><\/li>\n<li>13. Juli 2020: <a href=\"https:\/\/www.meinbezirk.at\/wien\/c-freizeit\/kinder-erleben-die-natur-und-die-herkunft-von-lebensmitteln-hautnah_a4142712\">&#8222;<strong>City Farm Augarten, LGV und \u00d6SF Wien laden Kinder zu Gartenspasswochen ein<\/strong>&#8220; (meinbezirk.at)<\/a><\/li>\n<li>7. November 2019:\u00a0<a href=\"https:\/\/www.hilfswerk.at\/wien\/ueber-uns\/presse\/presseaussendungen\/hilfswerk-nachbarschaftszentren-und-oekosoziales-forum-wien-nehmen-fuenften-fair-teiler-kuehlschrank-in-betrieb\/\">&#8222;<strong>Hilfswerk-Nachbarschaftszentren und \u00d6kosoziales Forum Wien nehmen f\u00fcnften Fair-Teiler-K\u00fchlschrank in Betrieb<\/strong>&#8220; (Hilfswerk Presseaussendung)<\/a><\/li>\n<li>24. August 2019:\u00a0<a href=\"https:\/\/www.ots.at\/presseaussendung\/OTS_20190824_OTS0003\/weniger-pestizide-fuer-mehr-insekten\">&#8222;<strong>Weniger Pestizide f\u00fcr mehr Insekten<\/strong>&#8220; (Rathauskorrespondenz)<\/a><\/li>\n<li>17. Juni 2019:\u00a0<a href=\"https:\/\/www.wien.gv.at\/presse\/2019\/06\/17\/ein-leitfaden-fuer-die-rettung-von-lebensmitteln\">&#8222;<strong>Ein Leitfaden f\u00fcr die Rettung von Lebensmitteln<\/strong>&#8220; (Rathauskorrespondenz)<\/a><\/li>\n<li>13. Juni 2019:\u00a0<a href=\"https:\/\/www.hilfswerk.at\/wien\/ueber-uns\/presse\/presseaussendungen\/hilfswerk-nachbarschaftszentrum-meidling-startet-mit-eigenem-fair-teiler-kuehlschrank\/\">&#8222;<strong>Hilfswerk-Nachbarschaftszentrum Meidling startet mit eigenem-Fair-Teiler-K\u00fchlschrank<\/strong>&#8220; (Hilfswerk Presseaussendung)<\/a><\/li>\n<li>27. M\u00e4rz 2019:\u00a0<a href=\"https:\/\/oekosozial.at\/wien\/wp-content\/uploads\/sites\/4\/2019\/03\/Pressetext_20Jahre_\u00d6kosoziales_Forum_Wien-FIN.pdf\">&#8222;<strong>Mit der \u00f6kosozialen Idee bei den Menschen \u2013 seit 20 Jahren<\/strong>&#8220; (Pressetext zum 20-j\u00e4hrigen Vereinsjubil\u00e4um)<\/a><\/li>\n<li>14. Oktober 2018:\u00a0\u201eObststadt Wien ins Leben gerufen: 30 Obstb\u00e4ume auf der Donauinsel gepflanzt\u201c<\/li>\n<\/ul>\n\n\n<p><\/p>\n","protected":false},"excerpt":{"rendered":"<p>\u00d6kosoziales Forum Wien ZVR: 777619751 Stadiongasse 6-8 \/ T\u00fcr 8, 1010 Wien Mail: wien{et}oekosozial.at Telefon: 0699 \/ 1010 9119 Mailen Sie uns! Besuchen sie uns auf facebook! Besuchen Sie uns auf instagram! Besuchen sie auch unser Online-Bildergallerie auf flickr! Pressemeldungen 16. Oktober 2025: Weltern\u00e4hrungstag 2025: Zukunft der Lebensmittelrettung &#8211; Versorgung Armutsbetroffener oder schleichende Kommerzialisierung? (APA-OTS) 7. April 2025: Gemeinsames Statement &#8230;<\/p>\n","protected":false},"author":1,"featured_media":0,"parent":0,"menu_order":0,"comment_status":"closed","ping_status":"closed","template":"","meta":{"footnotes":""},"class_list":["post-16","page","type-page","status-publish","hentry","no-post-thumbnail"],"_links":{"self":[{"href":"https:\/\/oekosozial.at\/wien\/wp-json\/wp\/v2\/pages\/16","targetHints":{"allow":["GET"]}}],"collection":[{"href":"https:\/\/oekosozial.at\/wien\/wp-json\/wp\/v2\/pages"}],"about":[{"href":"https:\/\/oekosozial.at\/wien\/wp-json\/wp\/v2\/types\/page"}],"author":[{"embeddable":true,"href":"https:\/\/oekosozial.at\/wien\/wp-json\/wp\/v2\/users\/1"}],"replies":[{"embeddable":true,"href":"https:\/\/oekosozial.at\/wien\/wp-json\/wp\/v2\/comments?post=16"}],"version-history":[{"count":10,"href":"https:\/\/oekosozial.at\/wien\/wp-json\/wp\/v2\/pages\/16\/revisions"}],"predecessor-version":[{"id":5831,"href":"https:\/\/oekosozial.at\/wien\/wp-json\/wp\/v2\/pages\/16\/revisions\/5831"}],"wp:attachment":[{"href":"https:\/\/oekosozial.at\/wien\/wp-json\/wp\/v2\/media?parent=16"}],"curies":[{"name":"wp","href":"https:\/\/api.w.org\/{rel}","templated":true}]}}