{"id":1550,"date":"2020-01-03T14:16:59","date_gmt":"2020-01-03T13:16:59","guid":{"rendered":"https:\/\/oekosozial.at\/wien\/?page_id=1550"},"modified":"2024-08-02T13:37:46","modified_gmt":"2024-08-02T11:37:46","slug":"archiv","status":"publish","type":"page","link":"https:\/\/oekosozial.at\/wien\/archiv\/","title":{"rendered":"Projektarchiv"},"content":{"rendered":"\n<p>Eine Auswahl unserer abgeschlossenen Projekte:<\/p>\n\n\n\n<hr class=\"wp-block-separator has-alpha-channel-opacity\" \/>\n\n\n\n<h5 class=\"wp-block-heading\"><strong><a href=\"https:\/\/oekosozial.at\/wien\/archiv\/kinderprogramm-der-stadtnatur-auf-der-spur\/?lang=de\">Kinderprogramm &#8222;Der Stadtnatur auf der Spur&#8220; (2021-2023)<\/a><\/strong><\/h5>\n\n\n\n<p>Themenbereich: Stadtnatur \/ Naturvermittlung<\/p>\n\n\n\n<p>Partner: Naturschutzbund Wien u.a.<\/p>\n\n\n\n<hr class=\"wp-block-separator has-alpha-channel-opacity\" \/>\n\n\n\n<h5 class=\"wp-block-heading\"><a href=\"https:\/\/oekosozial.at\/wien\/archiv\/veranstaltungen\/\">Veranstaltung &#8222;Gutes Essen f\u00fcr alle! Nachhaltige Ern\u00e4hrungskompetenz durch Stadtteilarbeit f\u00f6rdern.&#8220;<\/a> <\/h5>\n\n\n\n<p>Pr\u00e4sentation der Brosch\u00fcre &#8222;GUT und g\u00fcnstig essen&#8220; (April 2022)<\/p>\n\n\n\n<p>Partner: Wiener Hilfswerk Nachbarschaftszentren<\/p>\n\n\n\n<hr class=\"wp-block-separator has-alpha-channel-opacity\" \/>\n\n\n\n<h5 class=\"wp-block-heading\"><a href=\"https:\/\/oekosozial.at\/wien\/was-wir-tun\/archiv\/gutes-gewissen-guter-geschmack\/\">Initiative &#8222;Gutes Gewissen &#8211; Guter Geschmack&#8220;<\/a> (2015-2021)<\/h5>\n\n\n\n<p>Themenbereich: Ern\u00e4hrung &#8211; Lebensmittelproduktion &#8211; One Health<\/p>\n\n\n\n<p><em>Partner: MA22 &#8211; Wiener Umweltschutzabteilung &amp; Tierschutzombudsstelle Wien<\/em><\/p>\n\n\n\n<hr class=\"wp-block-separator has-alpha-channel-opacity\" \/>\n\n\n\n<h5 class=\"wp-block-heading\"><strong><a href=\"https:\/\/oekosozial.at\/wien\/workshopreihe-uno-ziele-fuer-nachhaltige-entwicklung-sdgs\/\">Workshop-Reihe &#8222;UNO-Ziele f\u00fcr Nachhaltige Entwicklung (SDGs)&#8220; (2019)<\/a><\/strong><\/h5>\n\n\n\n<p>Themenbereich: UN-Ziele f\u00fcr Nachhaltige Entwicklung (SDGs)<\/p>\n\n\n\n<p><em>Partner: VHS Landstra\u00dfe, WWF \u00d6sterreich, Weltumspannend arbeiten &#8211; der entwicklungspolitische Verein im \u00d6GB, Wiener Umweltschutzabteilung, Institut f\u00fcr Umwelt, Friede und Entwicklung (IUFE), Forum ViA &#8211; Visions in Action, Wiener Umweltanwaltschaft<\/em><\/p>\n\n\n\n<hr class=\"wp-block-separator has-alpha-channel-opacity\" \/>\n\n\n\n<h5 class=\"wp-block-heading\"><a rel=\"noreferrer noopener\" href=\"https:\/\/oekosozial.at\/wien\/was-wir-tun\/archiv\/low-energy-lotsinnen-in-garten-und-ernaehrung\/\" target=\"_blank\">Low Energy Lots*innen in Garten und Ern\u00e4hrung<\/a> (2017-2019)<\/h5>\n\n\n\n<p>Themenbereich: Stadtnatur &#8211; Garteln \/ Ern\u00e4hrung<\/p>\n\n\n\n<p><em>Partner: City Farm Augarten<\/em><\/p>\n\n\n\n<hr class=\"wp-block-separator has-alpha-channel-opacity\" \/>\n\n\n\n<h5 class=\"wp-block-heading\"><a href=\"https:\/\/oekosozial.at\/wien\/was-wir-tun\/archiv\/energieeffizienz-im-haushalt\/\" target=\"_blank\" rel=\"noreferrer noopener\">Energiepartner, Energiechecker und Tipps zum Energieverbrauch im Haushalt<\/a><\/h5>\n\n\n\n<p>Themenbereich: Energie<\/p>\n\n\n\n<p><em>Partner: Wohnpartner, Siedlungsunion<\/em><\/p>\n\n\n\n<hr class=\"wp-block-separator has-alpha-channel-opacity\" \/>\n\n\n\n<p><strong><a href=\"https:\/\/oekosozial.at\/wien\/unsere-themen\/archiv\/oekosoziale-dialoge\/\">\u00d6kosoziale Dialoge (2018)<\/a><\/strong><\/p>\n\n\n\n<p>Themenbereich: Lebensmittel<\/p>\n\n\n\n<p>Partner: \u00d6kosoziales Studierenden Forum, <\/p>\n","protected":false},"excerpt":{"rendered":"<p>Eine Auswahl unserer abgeschlossenen Projekte: Kinderprogramm &#8222;Der Stadtnatur auf der Spur&#8220; (2021-2023) Themenbereich: Stadtnatur \/ Naturvermittlung Partner: Naturschutzbund Wien u.a. Veranstaltung &#8222;Gutes Essen f\u00fcr alle! Nachhaltige Ern\u00e4hrungskompetenz durch Stadtteilarbeit f\u00f6rdern.&#8220; Pr\u00e4sentation der Brosch\u00fcre &#8222;GUT und g\u00fcnstig essen&#8220; (April 2022) Partner: Wiener Hilfswerk Nachbarschaftszentren Initiative &#8222;Gutes Gewissen &#8211; Guter Geschmack&#8220; (2015-2021) Themenbereich: Ern\u00e4hrung &#8211; Lebensmittelproduktion &#8211; One Health Partner: MA22 &#8211; &#8230;<\/p>\n","protected":false},"author":24,"featured_media":0,"parent":0,"menu_order":0,"comment_status":"closed","ping_status":"closed","template":"","meta":{"footnotes":""},"class_list":["post-1550","page","type-page","status-publish","hentry","no-post-thumbnail"],"_links":{"self":[{"href":"https:\/\/oekosozial.at\/wien\/wp-json\/wp\/v2\/pages\/1550","targetHints":{"allow":["GET"]}}],"collection":[{"href":"https:\/\/oekosozial.at\/wien\/wp-json\/wp\/v2\/pages"}],"about":[{"href":"https:\/\/oekosozial.at\/wien\/wp-json\/wp\/v2\/types\/page"}],"author":[{"embeddable":true,"href":"https:\/\/oekosozial.at\/wien\/wp-json\/wp\/v2\/users\/24"}],"replies":[{"embeddable":true,"href":"https:\/\/oekosozial.at\/wien\/wp-json\/wp\/v2\/comments?post=1550"}],"version-history":[{"count":10,"href":"https:\/\/oekosozial.at\/wien\/wp-json\/wp\/v2\/pages\/1550\/revisions"}],"predecessor-version":[{"id":4857,"href":"https:\/\/oekosozial.at\/wien\/wp-json\/wp\/v2\/pages\/1550\/revisions\/4857"}],"wp:attachment":[{"href":"https:\/\/oekosozial.at\/wien\/wp-json\/wp\/v2\/media?parent=1550"}],"curies":[{"name":"wp","href":"https:\/\/api.w.org\/{rel}","templated":true}]}}