{"id":1076,"date":"2019-03-27T13:02:38","date_gmt":"2019-03-27T12:02:38","guid":{"rendered":"https:\/\/oekosozial.at\/wien\/?page_id=1076"},"modified":"2025-06-27T14:32:00","modified_gmt":"2025-06-27T12:32:00","slug":"unsere-geschichte","status":"publish","type":"page","link":"https:\/\/oekosozial.at\/wien\/ueber-uns\/unsere-geschichte\/","title":{"rendered":"Unsere Geschichte"},"content":{"rendered":"\n<p>Unser Verein steht seit seiner Gr\u00fcndung vor mehr als 25 Jahren im Zeichen der werteorientierten und konstruktiven Zusammenarbeit f\u00fcr die Umsetzung der &#8222;\u00d6kosoziale Idee&#8220; in Wien. <\/p>\n\n\n\n<p>Im Geiste solcher Zusammenarbeit haben B\u00fcrgermeister Michael H\u00e4upl und Vizekanzler a.D Josef Riegler in den sp\u00e4ten 90er Jahren das \u00d6kosoziale Forum Wien ins Leben gerufen.<\/p>\n\n\n\n<figure class=\"wp-block-image\"><img loading=\"lazy\" decoding=\"async\" width=\"1024\" height=\"551\" src=\"https:\/\/oekosozial.at\/wien\/wp-content\/uploads\/sites\/4\/2019\/03\/20181025_125526-2-1-1024x551.jpg\" alt=\"\" class=\"wp-image-1105\" srcset=\"https:\/\/oekosozial.at\/wien\/wp-content\/uploads\/sites\/4\/2019\/03\/20181025_125526-2-1-1024x551.jpg 1024w, https:\/\/oekosozial.at\/wien\/wp-content\/uploads\/sites\/4\/2019\/03\/20181025_125526-2-1-300x161.jpg 300w, https:\/\/oekosozial.at\/wien\/wp-content\/uploads\/sites\/4\/2019\/03\/20181025_125526-2-1-768x413.jpg 768w, https:\/\/oekosozial.at\/wien\/wp-content\/uploads\/sites\/4\/2019\/03\/20181025_125526-2-1-100x54.jpg 100w, https:\/\/oekosozial.at\/wien\/wp-content\/uploads\/sites\/4\/2019\/03\/20181025_125526-2-1-758x408.jpg 758w, https:\/\/oekosozial.at\/wien\/wp-content\/uploads\/sites\/4\/2019\/03\/20181025_125526-2-1-968x521.jpg 968w\" sizes=\"auto, (max-width: 1024px) 100vw, 1024px\" \/><figcaption class=\"wp-element-caption\">\u00dcberparteiliche Zusammenarbeit f\u00fcr eine nachhaltige Entwicklung Wiens: Der Gr\u00fcndungsgedanke des \u00d6kosozialen Forums Wien<\/figcaption><\/figure>\n\n\n\n<blockquote class=\"wp-block-quote is-layout-flow wp-block-quote-is-layout-flow\">\n<p><em>&#8222;Die beiden besonderen Anliegen im Rahmen der Gr\u00fcndung waren aus meiner Sicht erstens die Frage, wie man die \u00d6kosoziale Idee ganz konkret unter den Bedingungen einer Gro\u00dfstadt leben und umsetzen kann. Mein zweites Anliegen war immer, das \u00d6kosoziale Forum als eine \u00fcberparteiliche Bewegung zu verstehen, im Bem\u00fchen, alle guten und konstruktiven Kr\u00e4fte, die im Sinne der \u00f6kosozialen Idee und einer guten, lebenswerten Zukunft wirken wollen, zusammenzubringen.&#8220;<\/em><\/p>\n<cite> Gr\u00fcnder des \u00d6kosozialen Forums, Vizekanzler a.D. Dr. Josef Riegler <\/cite><\/blockquote>\n\n\n\n<figure class=\"wp-block-image\"><img loading=\"lazy\" decoding=\"async\" width=\"768\" height=\"641\" src=\"https:\/\/oekosozial.at\/wien\/wp-content\/uploads\/sites\/4\/2019\/03\/Mailing-H\u00e4upl-Riegler.jpg\" alt=\"\" class=\"wp-image-1107\" srcset=\"https:\/\/oekosozial.at\/wien\/wp-content\/uploads\/sites\/4\/2019\/03\/Mailing-H\u00e4upl-Riegler.jpg 768w, https:\/\/oekosozial.at\/wien\/wp-content\/uploads\/sites\/4\/2019\/03\/Mailing-H\u00e4upl-Riegler-300x250.jpg 300w, https:\/\/oekosozial.at\/wien\/wp-content\/uploads\/sites\/4\/2019\/03\/Mailing-H\u00e4upl-Riegler-100x83.jpg 100w, https:\/\/oekosozial.at\/wien\/wp-content\/uploads\/sites\/4\/2019\/03\/Mailing-H\u00e4upl-Riegler-758x633.jpg 758w\" sizes=\"auto, (max-width: 768px) 100vw, 768px\" \/><\/figure>\n\n\n\n<p>Als erster Pr\u00e4sident des \u00d6kosozialen Forums arbeitete <strong>Alfred Ebenbauer<\/strong>, Rektor der Universit\u00e4t Wien mit <strong>Wilhelm Autischer<\/strong> als Gesch\u00e4ftsf\u00fchrer an seiner Seite. Ihnen folgten Professorin <strong>Gerlind Weber<\/strong> von der Universit\u00e4t f\u00fcr Bodenkultur mit <strong>Sigrid Egartner<\/strong> als Gesch\u00e4ftsf\u00fchrerin nach. Das Forum engagierte sich zu dieser Zeit aktiv in gesellschaftspolitischen Debatten und konkreten urbanen Nachhaltigkeitsthemen. Die wissenschaftliche Basis trug viel zur fundierten wissenschaftlichen Erarbeitung \u00f6kosozialer Fragen bei. <\/p>\n\n\n\n<p>Als Vizepr\u00e4sidenten wirken bis heute Landtagspr\u00e4sident a.D. <strong>Heinz Hufnagl<\/strong> und <strong>Georg Kraft-Kinz<\/strong> im Pr\u00e4sidium des Vereines.<\/p>\n\n\n\n<figure class=\"wp-block-image\"><img loading=\"lazy\" decoding=\"async\" width=\"1024\" height=\"547\" src=\"https:\/\/oekosozial.at\/wien\/wp-content\/uploads\/sites\/4\/2019\/03\/10-Jahre-1024x547.jpg\" alt=\"\" class=\"wp-image-1108\" srcset=\"https:\/\/oekosozial.at\/wien\/wp-content\/uploads\/sites\/4\/2019\/03\/10-Jahre-1024x547.jpg 1024w, https:\/\/oekosozial.at\/wien\/wp-content\/uploads\/sites\/4\/2019\/03\/10-Jahre-300x160.jpg 300w, https:\/\/oekosozial.at\/wien\/wp-content\/uploads\/sites\/4\/2019\/03\/10-Jahre-768x410.jpg 768w, https:\/\/oekosozial.at\/wien\/wp-content\/uploads\/sites\/4\/2019\/03\/10-Jahre-100x53.jpg 100w, https:\/\/oekosozial.at\/wien\/wp-content\/uploads\/sites\/4\/2019\/03\/10-Jahre-758x405.jpg 758w, https:\/\/oekosozial.at\/wien\/wp-content\/uploads\/sites\/4\/2019\/03\/10-Jahre-968x517.jpg 968w, https:\/\/oekosozial.at\/wien\/wp-content\/uploads\/sites\/4\/2019\/03\/10-Jahre.jpg 1049w\" sizes=\"auto, (max-width: 1024px) 100vw, 1024px\" \/><\/figure>\n\n\n\n<p><strong>St\u00e4dtische Einrichtungen<\/strong> wie die MA22 &#8211; Wiener Umweltschutzabteilung, die Wiener Umweltanwaltschaft, die Bioforschung Austria oder die Tierschutzombudsstelle der Stadt Wien sind in unserem Verein ebenso vertreten wie die <strong>Landwirtschaftskammer Wien<\/strong> und die <strong>Raiffeisen Landesbank Nieder\u00f6sterreich Wien<\/strong>. <\/p>\n\n\n\n<figure class=\"wp-block-image\"><img loading=\"lazy\" decoding=\"async\" width=\"1024\" height=\"685\" src=\"https:\/\/oekosozial.at\/wien\/wp-content\/uploads\/sites\/4\/2019\/03\/DSC_1919-1024x685.jpg\" alt=\"\" class=\"wp-image-1137\" srcset=\"https:\/\/oekosozial.at\/wien\/wp-content\/uploads\/sites\/4\/2019\/03\/DSC_1919-1024x685.jpg 1024w, https:\/\/oekosozial.at\/wien\/wp-content\/uploads\/sites\/4\/2019\/03\/DSC_1919-300x201.jpg 300w, https:\/\/oekosozial.at\/wien\/wp-content\/uploads\/sites\/4\/2019\/03\/DSC_1919-768x514.jpg 768w, https:\/\/oekosozial.at\/wien\/wp-content\/uploads\/sites\/4\/2019\/03\/DSC_1919-100x67.jpg 100w, https:\/\/oekosozial.at\/wien\/wp-content\/uploads\/sites\/4\/2019\/03\/DSC_1919-758x507.jpg 758w, https:\/\/oekosozial.at\/wien\/wp-content\/uploads\/sites\/4\/2019\/03\/DSC_1919-968x648.jpg 968w\" sizes=\"auto, (max-width: 1024px) 100vw, 1024px\" \/><figcaption class=\"wp-element-caption\"> Eva Persy (Wiener Tierschutzombudsstelle), Karin B\u00fcchl-Krammerst\u00e4tter (MA22), Andrea Schnattinger (Wiener Umweltanwaltschaft) <\/figcaption><\/figure>\n\n\n\n<figure class=\"wp-block-image\"><img loading=\"lazy\" decoding=\"async\" width=\"1024\" height=\"685\" src=\"https:\/\/oekosozial.at\/wien\/wp-content\/uploads\/sites\/4\/2019\/03\/DSC_1916-1024x685.jpg\" alt=\"\" class=\"wp-image-1170\" srcset=\"https:\/\/oekosozial.at\/wien\/wp-content\/uploads\/sites\/4\/2019\/03\/DSC_1916-1024x685.jpg 1024w, https:\/\/oekosozial.at\/wien\/wp-content\/uploads\/sites\/4\/2019\/03\/DSC_1916-300x201.jpg 300w, https:\/\/oekosozial.at\/wien\/wp-content\/uploads\/sites\/4\/2019\/03\/DSC_1916-768x514.jpg 768w, https:\/\/oekosozial.at\/wien\/wp-content\/uploads\/sites\/4\/2019\/03\/DSC_1916-100x67.jpg 100w, https:\/\/oekosozial.at\/wien\/wp-content\/uploads\/sites\/4\/2019\/03\/DSC_1916-758x507.jpg 758w, https:\/\/oekosozial.at\/wien\/wp-content\/uploads\/sites\/4\/2019\/03\/DSC_1916-968x648.jpg 968w\" sizes=\"auto, (max-width: 1024px) 100vw, 1024px\" \/><figcaption class=\"wp-element-caption\"> Andreas R\u00f6mer (MA22), Ludwig Maurer (Bioforschung Austria), Dr. Kurt Ricica (MA22), Franz Windisch (Landwirtschaftskammer Wien) <\/figcaption><\/figure>\n\n\n\n<p>Mit <strong>Hans Sailer<\/strong> als Pr\u00e4sidenten und <strong>Josef Taucher<\/strong> als Gesch\u00e4ftsf\u00fchrer r\u00fcckte der Fokus 2011 weiter hin zur gelebten Praxis. Die \u00d6kosozialen Idee Idee wird seither mit innovativen Ideen und Projekten der Theorie in die Stadtwirklichkeit getragen. <\/p>\n\n\n\n<figure class=\"wp-block-image\"><img loading=\"lazy\" decoding=\"async\" width=\"1024\" height=\"537\" src=\"https:\/\/oekosozial.at\/wien\/wp-content\/uploads\/sites\/4\/2019\/03\/Hans-Joe-1024x537.jpg\" alt=\"\" class=\"wp-image-1171\" srcset=\"https:\/\/oekosozial.at\/wien\/wp-content\/uploads\/sites\/4\/2019\/03\/Hans-Joe-1024x537.jpg 1024w, https:\/\/oekosozial.at\/wien\/wp-content\/uploads\/sites\/4\/2019\/03\/Hans-Joe-300x157.jpg 300w, https:\/\/oekosozial.at\/wien\/wp-content\/uploads\/sites\/4\/2019\/03\/Hans-Joe-768x402.jpg 768w, https:\/\/oekosozial.at\/wien\/wp-content\/uploads\/sites\/4\/2019\/03\/Hans-Joe-100x52.jpg 100w, https:\/\/oekosozial.at\/wien\/wp-content\/uploads\/sites\/4\/2019\/03\/Hans-Joe-758x397.jpg 758w, https:\/\/oekosozial.at\/wien\/wp-content\/uploads\/sites\/4\/2019\/03\/Hans-Joe-968x507.jpg 968w\" sizes=\"auto, (max-width: 1024px) 100vw, 1024px\" \/><figcaption class=\"wp-element-caption\">Hans Sailer, Josef Taucher<\/figcaption><\/figure>\n\n\n\n<blockquote class=\"wp-block-quote is-layout-flow wp-block-quote-is-layout-flow\">\n<p><em>\u201eDas Ziel der \u00d6kosozialen Marktwirtschaft ist die Balance von  Umwelt, Gesellschaft und Wirtschaft. Sp\u00fcrbare Lebensqualit\u00e4t f\u00fcr Generationen ist das Ziel. Wir im \u00d6kosozialen Forum Wien leben das, und tragen die Idee direkt zu den Menschen.\u201c<\/em> <\/p>\n<cite> <br>Hans Sailer, Pr\u00e4sident des \u00d6kosozialen Forums Wien <\/cite><\/blockquote>\n\n\n\n<blockquote class=\"wp-block-quote is-layout-flow wp-block-quote-is-layout-flow\">\n<p><em>\u201eDie \u201akleinen\u2018 Beitr\u00e4ge haben f\u00fcr eine nachhaltige Entwicklung einen unsch\u00e4tzbaren Wert\u201c<\/em>, so <strong>Josef Taucher<\/strong>, Gemeinderat der Stadt Wien und langj\u00e4hriger Generalsekret\u00e4r. &#8222;S<em>ie tragen direkt zur Lebensqualit\u00e4t der Menschen bei, und f\u00f6rdern den  Respekt vor Umwelt, Mensch und Tier. Das \u00d6kosoziale Forum Wien ist in dieser Hinsicht ein  ganz besonderer Verein, denn er tr\u00e4gt die \u00d6kosoziale Idee mit kleinen,  feinen Projekten direkt zu den Menschen.\u201c<\/em><\/p>\n<cite>Josef Taucher<\/cite><\/blockquote>\n\n\n\n<p>Auch der neue Wiener B\u00fcrgermeister <strong>Dr. Michael Ludwig<\/strong> sch\u00e4tzt und unterst\u00fctzt die \u00f6kosoziale Idee und die vielf\u00e4ltige \u00f6kosoziale Arbeit f\u00fcr Wien. Gemeinsam mit Josef Riegler, dem Begr\u00fcnder der \u00d6kosozialen Idee, sowie Stephan Pernkopf, dem Pr\u00e4sidenten des \u00d6kosozialen Forums \u00d6sterreich &amp; Europa, wurde am 26. M\u00e4rz 2019 feierlich das 20-j\u00e4hrige Bestehen unseres Vereins begangen. Die Veranstaltung stand ganz im Zeichen den politischen Miteinanders im Dienste einer nachhaltigen und lebenswerten Stadt Wien, und einer gemeinsamen Bew\u00e4ltigung der gro\u00dfen Herausforderungen. Nachlese: <a href=\"https:\/\/oekosozial.at\/wien\/20-jahre-oekosoziales-forum-wien\/\">20 Jahre \u00d6kosoziales Forum Wien<\/a>. <\/p>\n\n\n\n<figure class=\"wp-block-image\"><img loading=\"lazy\" decoding=\"async\" width=\"1024\" height=\"683\" src=\"https:\/\/oekosozial.at\/wien\/wp-content\/uploads\/sites\/4\/2019\/03\/40508488993_6d139be964_o-1-1024x683.jpg\" alt=\"\" class=\"wp-image-1109\" srcset=\"https:\/\/oekosozial.at\/wien\/wp-content\/uploads\/sites\/4\/2019\/03\/40508488993_6d139be964_o-1-1024x683.jpg 1024w, https:\/\/oekosozial.at\/wien\/wp-content\/uploads\/sites\/4\/2019\/03\/40508488993_6d139be964_o-1-300x200.jpg 300w, https:\/\/oekosozial.at\/wien\/wp-content\/uploads\/sites\/4\/2019\/03\/40508488993_6d139be964_o-1-768x512.jpg 768w, https:\/\/oekosozial.at\/wien\/wp-content\/uploads\/sites\/4\/2019\/03\/40508488993_6d139be964_o-1-100x67.jpg 100w, https:\/\/oekosozial.at\/wien\/wp-content\/uploads\/sites\/4\/2019\/03\/40508488993_6d139be964_o-1-758x505.jpg 758w, https:\/\/oekosozial.at\/wien\/wp-content\/uploads\/sites\/4\/2019\/03\/40508488993_6d139be964_o-1-968x645.jpg 968w\" sizes=\"auto, (max-width: 1024px) 100vw, 1024px\" \/><figcaption class=\"wp-element-caption\">Festakt &#8211; 20 Jahre \u00d6kosoziales Forum Wien: Michael Ludwig, Josef Riegler, Stephan Pernkopf; Bild: Elisabeth Pollak<\/figcaption><\/figure>\n\n\n\n<blockquote class=\"wp-block-quote is-layout-flow wp-block-quote-is-layout-flow\">\n<p><em>\u201eEs geht um die Lebensqualit\u00e4t der Menschen in unserer Stadt und f\u00fcr k\u00fcnftige Generationen. Sozialer Zusammenhalt, Klimawandel \u2013 das alles sind entscheidende Herausforderungen f\u00fcr eine Gro\u00dfstadt. Das \u00d6kosoziale Forum Wien zeigt, wie ein gutes Miteinander geht. Das ist wichtig: F\u00fcr unser Wien, aber vielmehr noch f\u00fcr das Wien unserer Kinder und Enkelkinder.\u201c<\/em> <\/p>\n<cite>Michael Ludwig, B\u00fcrgermeister und Landeshauptmann von Wien<\/cite><\/blockquote>\n\n\n\n<p>W\u00e4hrend der Coronazeit verlegte sich der Verein st\u00e4rker auf publizistische T\u00e4tigkeiten wie etwa die Herausgabe des<a href=\"https:\/\/oekosozial.at\/wien\/sammelband-perspektiven-2030\/\"> Buches &#8222;Perspektiven 2030&#8220; <\/a>\u00fcber die 17 Ziele f\u00fcr Nachhaltige Entwicklung. <\/p>\n\n\n\n<p>Im November 2024 feierte der Verein im Beisein der beiden Gr\u00fcnder, Dr. Michael H\u00e4upl und Dr. Josef Riegler, Stadtrat Mag. J\u00fcrgen Czernohorszky sowie \u00d6SF \u00d6sterreich Vizepr\u00e4sident Josef Taucher sein 25j\u00e4hriges Vereinsjubil\u00e4um. (Nachlese: <a href=\"https:\/\/oekosozial.at\/wien\/festakt-25-jahre-oekosoziales-forum-wien\/\">&#8222;Festakt: 25 Jahre \u00d6kosoziales Forum Wien&#8220;<\/a>)<\/p>\n\n\n\n<figure class=\"wp-block-image size-full is-resized\"><img loading=\"lazy\" decoding=\"async\" width=\"1023\" height=\"707\" src=\"https:\/\/oekosozial.at\/wien\/wp-content\/uploads\/sites\/4\/2025\/06\/54141550851_151dfe6d76_b.jpg\" alt=\"\" class=\"wp-image-5629\" style=\"width:2221px;height:auto\" srcset=\"https:\/\/oekosozial.at\/wien\/wp-content\/uploads\/sites\/4\/2025\/06\/54141550851_151dfe6d76_b.jpg 1023w, https:\/\/oekosozial.at\/wien\/wp-content\/uploads\/sites\/4\/2025\/06\/54141550851_151dfe6d76_b-300x207.jpg 300w, https:\/\/oekosozial.at\/wien\/wp-content\/uploads\/sites\/4\/2025\/06\/54141550851_151dfe6d76_b-768x531.jpg 768w, https:\/\/oekosozial.at\/wien\/wp-content\/uploads\/sites\/4\/2025\/06\/54141550851_151dfe6d76_b-100x69.jpg 100w, https:\/\/oekosozial.at\/wien\/wp-content\/uploads\/sites\/4\/2025\/06\/54141550851_151dfe6d76_b-758x524.jpg 758w, https:\/\/oekosozial.at\/wien\/wp-content\/uploads\/sites\/4\/2025\/06\/54141550851_151dfe6d76_b-968x669.jpg 968w\" sizes=\"auto, (max-width: 1023px) 100vw, 1023px\" \/><\/figure>\n\n\n\n<figure class=\"wp-block-image size-large\"><img loading=\"lazy\" decoding=\"async\" width=\"1024\" height=\"492\" src=\"https:\/\/oekosozial.at\/wien\/wp-content\/uploads\/sites\/4\/2025\/06\/25Jub-2-1024x492.jpg\" alt=\"\" class=\"wp-image-5631\" srcset=\"https:\/\/oekosozial.at\/wien\/wp-content\/uploads\/sites\/4\/2025\/06\/25Jub-2-1024x492.jpg 1024w, https:\/\/oekosozial.at\/wien\/wp-content\/uploads\/sites\/4\/2025\/06\/25Jub-2-300x144.jpg 300w, https:\/\/oekosozial.at\/wien\/wp-content\/uploads\/sites\/4\/2025\/06\/25Jub-2-768x369.jpg 768w, https:\/\/oekosozial.at\/wien\/wp-content\/uploads\/sites\/4\/2025\/06\/25Jub-2-100x48.jpg 100w, https:\/\/oekosozial.at\/wien\/wp-content\/uploads\/sites\/4\/2025\/06\/25Jub-2-758x364.jpg 758w, https:\/\/oekosozial.at\/wien\/wp-content\/uploads\/sites\/4\/2025\/06\/25Jub-2-968x465.jpg 968w, https:\/\/oekosozial.at\/wien\/wp-content\/uploads\/sites\/4\/2025\/06\/25Jub-2.jpg 1394w\" sizes=\"auto, (max-width: 1024px) 100vw, 1024px\" \/><\/figure>\n\n\n\n<figure class=\"wp-block-image size-large\"><img loading=\"lazy\" decoding=\"async\" width=\"1024\" height=\"406\" src=\"https:\/\/oekosozial.at\/wien\/wp-content\/uploads\/sites\/4\/2025\/06\/25Jub-1024x406.jpg\" alt=\"\" class=\"wp-image-5630\" srcset=\"https:\/\/oekosozial.at\/wien\/wp-content\/uploads\/sites\/4\/2025\/06\/25Jub-1024x406.jpg 1024w, https:\/\/oekosozial.at\/wien\/wp-content\/uploads\/sites\/4\/2025\/06\/25Jub-300x119.jpg 300w, https:\/\/oekosozial.at\/wien\/wp-content\/uploads\/sites\/4\/2025\/06\/25Jub-768x305.jpg 768w, https:\/\/oekosozial.at\/wien\/wp-content\/uploads\/sites\/4\/2025\/06\/25Jub-1536x609.jpg 1536w, https:\/\/oekosozial.at\/wien\/wp-content\/uploads\/sites\/4\/2025\/06\/25Jub-100x40.jpg 100w, https:\/\/oekosozial.at\/wien\/wp-content\/uploads\/sites\/4\/2025\/06\/25Jub-758x301.jpg 758w, https:\/\/oekosozial.at\/wien\/wp-content\/uploads\/sites\/4\/2025\/06\/25Jub-968x384.jpg 968w, https:\/\/oekosozial.at\/wien\/wp-content\/uploads\/sites\/4\/2025\/06\/25Jub.jpg 2006w\" sizes=\"auto, (max-width: 1024px) 100vw, 1024px\" \/><\/figure>\n\n\n\n<p>Im Mai 2025 hat der langj\u00e4hrige Pr\u00e4sident, DI Hans Sailer, nach 14 Jahren an der Spitze des Vereins seine Funktion in einer Neuwahl zur\u00fcckgelegt. Ihn folgte <strong>Dr.in Andrea Schnattinger<\/strong>, Umweltanw\u00e4ltin der Stadt Wien a.D., als neue Pr\u00e4sidentin des Vereins nach. (<a href=\"https:\/\/oekosozial.at\/wien\/neuwahl-im-oesf-wien\/\">Nachlese: Neuwahl im \u00d6SF Wien &#8211; \u00dcbergabe der Pr\u00e4sidentschaft<\/a>)<\/p>\n\n\n\n<h4 class=\"wp-block-heading\">Video: Mit der \u00d6kosozialen Idee bei den Menschen &#8211; Das \u00d6kosoziales Forum Wien<\/h4>\n\n\n\n<figure class=\"wp-block-embed alignleft is-type-video is-provider-youtube wp-block-embed-youtube wp-embed-aspect-16-9 wp-has-aspect-ratio\"><div class=\"wp-block-embed__wrapper\">\n<div class=\"x-resp-embed x-is-video x-is-youtube\"><iframe loading=\"lazy\" title=\"Mit der \u00d6kosozialen Idee bei den Menschen - DAS \u00d6KOSOZIALE FORUM WIEN\" width=\"758\" height=\"426\" src=\"https:\/\/www.youtube.com\/embed\/fswTfTL8XGM?feature=oembed\" frameborder=\"0\" allow=\"accelerometer; autoplay; clipboard-write; encrypted-media; gyroscope; picture-in-picture; web-share\" referrerpolicy=\"strict-origin-when-cross-origin\" allowfullscreen><\/iframe><\/div>\n<\/div><\/figure>\n\n\n\n<p><\/p>\n","protected":false},"excerpt":{"rendered":"<p>Unser Verein steht seit seiner Gr\u00fcndung vor mehr als 25 Jahren im Zeichen der werteorientierten und konstruktiven Zusammenarbeit f\u00fcr die Umsetzung der &#8222;\u00d6kosoziale Idee&#8220; in Wien. Im Geiste solcher Zusammenarbeit haben B\u00fcrgermeister Michael H\u00e4upl und Vizekanzler a.D Josef Riegler in den sp\u00e4ten 90er Jahren das \u00d6kosoziale Forum Wien ins Leben gerufen. &#8222;Die beiden besonderen Anliegen im Rahmen der Gr\u00fcndung waren &#8230;<\/p>\n","protected":false},"author":24,"featured_media":1106,"parent":4217,"menu_order":4,"comment_status":"closed","ping_status":"closed","template":"","meta":{"footnotes":""},"class_list":["post-1076","page","type-page","status-publish","has-post-thumbnail","hentry"],"_links":{"self":[{"href":"https:\/\/oekosozial.at\/wien\/wp-json\/wp\/v2\/pages\/1076","targetHints":{"allow":["GET"]}}],"collection":[{"href":"https:\/\/oekosozial.at\/wien\/wp-json\/wp\/v2\/pages"}],"about":[{"href":"https:\/\/oekosozial.at\/wien\/wp-json\/wp\/v2\/types\/page"}],"author":[{"embeddable":true,"href":"https:\/\/oekosozial.at\/wien\/wp-json\/wp\/v2\/users\/24"}],"replies":[{"embeddable":true,"href":"https:\/\/oekosozial.at\/wien\/wp-json\/wp\/v2\/comments?post=1076"}],"version-history":[{"count":9,"href":"https:\/\/oekosozial.at\/wien\/wp-json\/wp\/v2\/pages\/1076\/revisions"}],"predecessor-version":[{"id":5632,"href":"https:\/\/oekosozial.at\/wien\/wp-json\/wp\/v2\/pages\/1076\/revisions\/5632"}],"up":[{"embeddable":true,"href":"https:\/\/oekosozial.at\/wien\/wp-json\/wp\/v2\/pages\/4217"}],"wp:featuredmedia":[{"embeddable":true,"href":"https:\/\/oekosozial.at\/wien\/wp-json\/wp\/v2\/media\/1106"}],"wp:attachment":[{"href":"https:\/\/oekosozial.at\/wien\/wp-json\/wp\/v2\/media?parent=1076"}],"curies":[{"name":"wp","href":"https:\/\/api.w.org\/{rel}","templated":true}]}}