{"id":7,"date":"2017-01-05T16:00:32","date_gmt":"2017-01-05T15:00:32","guid":{"rendered":"https:\/\/oekosozial.at\/steiermark\/?page_id=7"},"modified":"2023-01-08T19:19:39","modified_gmt":"2023-01-08T18:19:39","slug":"startseite","status":"publish","type":"page","link":"https:\/\/oekosozial.at\/steiermark\/","title":{"rendered":"Startseite"},"content":{"rendered":"<div id=\"cs-content\" class=\"cs-content\"><\/div>\n","protected":false},"excerpt":{"rendered":"<p>Europa \u2013 Werte, Wandel, Zukunft: Dr. Josef Riegler bei den Europatagen in Raumberg-Gumpenstein 10. Dezember 2025 R\u00fcckblick: Tag der Sch\u00f6pfungsverantwortung 2025 9. November 2025 Veranstaltungsank\u00fcndigung \u201eKlimawandel &#8211; F\u00fcr Pessimismus ist es zu sp\u00e4t, wir sind Teil der L\u00f6sung\u201c 22. Oktober 2024 R\u00fcckblick Veranstaltung \u201eIst M\u00fcllverbrennung in Graz eine Chance?\u201c 16. M\u00e4rz 2023 Veranstaltung: \u201eIst M\u00fcllverbrennung in Graz eine Chance?&#8220; 7. &#8230;<\/p>\n","protected":false},"author":1,"featured_media":0,"parent":0,"menu_order":0,"comment_status":"closed","ping_status":"closed","template":"template-layout-full-width.php","meta":{"footnotes":""},"class_list":["post-7","page","type-page","status-publish","hentry","no-post-thumbnail"],"_links":{"self":[{"href":"https:\/\/oekosozial.at\/steiermark\/wp-json\/wp\/v2\/pages\/7","targetHints":{"allow":["GET"]}}],"collection":[{"href":"https:\/\/oekosozial.at\/steiermark\/wp-json\/wp\/v2\/pages"}],"about":[{"href":"https:\/\/oekosozial.at\/steiermark\/wp-json\/wp\/v2\/types\/page"}],"author":[{"embeddable":true,"href":"https:\/\/oekosozial.at\/steiermark\/wp-json\/wp\/v2\/users\/1"}],"replies":[{"embeddable":true,"href":"https:\/\/oekosozial.at\/steiermark\/wp-json\/wp\/v2\/comments?post=7"}],"version-history":[{"count":10,"href":"https:\/\/oekosozial.at\/steiermark\/wp-json\/wp\/v2\/pages\/7\/revisions"}],"predecessor-version":[{"id":206,"href":"https:\/\/oekosozial.at\/steiermark\/wp-json\/wp\/v2\/pages\/7\/revisions\/206"}],"wp:attachment":[{"href":"https:\/\/oekosozial.at\/steiermark\/wp-json\/wp\/v2\/media?parent=7"}],"curies":[{"name":"wp","href":"https:\/\/api.w.org\/{rel}","templated":true}]}}