{"id":33,"date":"2017-10-26T11:05:48","date_gmt":"2017-10-26T09:05:48","guid":{"rendered":"https:\/\/oekosozial.at\/steiermark\/?page_id=33"},"modified":"2024-09-20T09:41:10","modified_gmt":"2024-09-20T07:41:10","slug":"unser-team","status":"publish","type":"page","link":"https:\/\/oekosozial.at\/steiermark\/ueber-uns\/unser-team\/","title":{"rendered":"Unser Team"},"content":{"rendered":"<div id=\"cs-content\" class=\"cs-content\"><\/div>\n","protected":false},"excerpt":{"rendered":"<p>Mag. Siegfried Nagl Pr\u00e4sident Antonia Herunter Vize-Pr\u00e4sidentin Art Julius Aurel Gesch\u00e4ftsf\u00fchrer steiermark@oekosozial.at Nicole Velimirovic Vorstandsmitglied Alexander Gr\u00f6bl Vorstandsmitglied DI Dr. Josef Riegler Ehrenpr\u00e4sident<\/p>\n","protected":false},"author":21,"featured_media":0,"parent":31,"menu_order":0,"comment_status":"closed","ping_status":"closed","template":"","meta":{"footnotes":""},"class_list":["post-33","page","type-page","status-publish","hentry","no-post-thumbnail"],"_links":{"self":[{"href":"https:\/\/oekosozial.at\/steiermark\/wp-json\/wp\/v2\/pages\/33","targetHints":{"allow":["GET"]}}],"collection":[{"href":"https:\/\/oekosozial.at\/steiermark\/wp-json\/wp\/v2\/pages"}],"about":[{"href":"https:\/\/oekosozial.at\/steiermark\/wp-json\/wp\/v2\/types\/page"}],"author":[{"embeddable":true,"href":"https:\/\/oekosozial.at\/steiermark\/wp-json\/wp\/v2\/users\/21"}],"replies":[{"embeddable":true,"href":"https:\/\/oekosozial.at\/steiermark\/wp-json\/wp\/v2\/comments?post=33"}],"version-history":[{"count":10,"href":"https:\/\/oekosozial.at\/steiermark\/wp-json\/wp\/v2\/pages\/33\/revisions"}],"predecessor-version":[{"id":322,"href":"https:\/\/oekosozial.at\/steiermark\/wp-json\/wp\/v2\/pages\/33\/revisions\/322"}],"up":[{"embeddable":true,"href":"https:\/\/oekosozial.at\/steiermark\/wp-json\/wp\/v2\/pages\/31"}],"wp:attachment":[{"href":"https:\/\/oekosozial.at\/steiermark\/wp-json\/wp\/v2\/media?parent=33"}],"curies":[{"name":"wp","href":"https:\/\/api.w.org\/{rel}","templated":true}]}}