{"id":24,"date":"2017-03-20T16:15:34","date_gmt":"2017-03-20T15:15:34","guid":{"rendered":"https:\/\/oekosozial.at\/salzburg\/?page_id=24"},"modified":"2025-09-11T08:16:50","modified_gmt":"2025-09-11T06:16:50","slug":"ueber-uns","status":"publish","type":"page","link":"https:\/\/oekosozial.at\/salzburg\/ueber-uns\/","title":{"rendered":"\u00dcber uns"},"content":{"rendered":"<div id=\"cs-content\" class=\"cs-content\"><div id=\"x-section-1\" class=\"x-section\" style=\"margin: 0px;padding: 45px 0px; background-color: transparent;\" ><div id=\"\" class=\"x-container max width\" style=\"margin: 0px auto;padding: 0px;\" ><div  class=\"x-column x-sm x-1-1\" style=\"padding: 0px;\" ><div id=\"\" class=\"x-text\" style=\"\" ><p>Das \u00d6kosoziale Forum Salzburg versteht sich als regionale Kommunikationsplattform f\u00fcr Themen der Nachhaltigkeit. Der Bogen spannt sich von Agrar- und Umweltpolitik bis hin zu wirtschafts- und gesellschaftspolitischen Fragen.<\/p>\n<p>Das \u00d6kosoziale Forum Salzburg setzt sich f\u00fcr die Weiterentwicklung, Vertiefung und Verbreitung des \u00f6kosozialen Gesellschafts- und Wirtschaftsmodells ein. Nachhaltig handeln hei\u00dft f\u00fcr uns, drei Zielbereiche gleichrangig miteinander zu verbinden: wirtschaftlichen Erfolg, sozialen Zusammenhalt und \u00f6kologische Verantwortung.<\/p>\n<p>Der Fokus des Vereins liegt auf regionalpolitischen Handlungsfeldern, um den l\u00e4ndlichen Raum hinsichtlich Lebensqualit\u00e4t und Wettbewerbsf\u00e4higkeit zu st\u00e4rken. Ziel ist es, einen Beitrag zur Bewusstseinsbildung zu leisten und den Austausch \u00fcber die Grenzen von Parteien, Interessengruppen und gesellschaftliche Schichten hinweg zu f\u00f6rdern.<\/p>\n<\/p>\n<p><strong>Das Pr\u00e4sidium: <\/strong><\/p>\n<\/div><\/div><\/div><div id=\"\" class=\"x-container max width\" style=\"margin: 0px auto;padding: 0px;\" ><div  class=\"x-column x-sm x-1-4\" style=\"padding: 0px;\" ><img decoding=\"async\"  class=\"x-img x-img-none\"  src=\"https:\/\/oekosozial.at\/salzburg\/wp-content\/uploads\/sites\/6\/2023\/10\/Doblhofer-scaled.jpg\" ><\/div><div  class=\"x-column x-sm x-1-4\" style=\"padding: 0px;\" ><div id=\"\" class=\"x-text\" style=\"\" ><p><strong>Vorsitzende<\/strong><br \/>\nAnna Doblhofer-Bachleitner<br \/>\n<em><\/em><\/p>\n<p><em>Gesch\u00e4ftsleiterin im Raiffeisenverband Salzburg<\/em><\/p>\n<\/div><\/div><div  class=\"x-column x-sm x-1-4\" style=\"padding: 0px;\" ><img decoding=\"async\"  class=\"x-img x-img-none\"  src=\"https:\/\/oekosozial.at\/salzburg\/wp-content\/uploads\/sites\/6\/2023\/10\/Rupert-scaled.jpg\" ><\/div><div  class=\"x-column x-sm x-1-4\" style=\"padding: 0px;\" ><div id=\"\" class=\"x-text\" style=\"\" ><p><strong>Stellvertreter <\/strong><br \/>\nRupert Quehenberger<\/p>\n<p><em>Pr\u00e4sident der Landwirtschaftskammer Salzburg<\/em><\/p>\n<\/div><\/div><\/div><div id=\"\" class=\"x-container max width\" style=\"margin: 0px auto;padding: 0px;\" ><\/div><\/div><div id=\"x-section-2\" class=\"x-section\" style=\"margin: 0px;padding: 45px 0px; background-color: transparent;\" ><div id=\"\" class=\"x-container max width\" style=\"margin: 0px auto;padding: 0px;\" ><div  class=\"x-column x-sm x-1-4\" style=\"padding: 0px;\" ><img decoding=\"async\"  class=\"x-img x-img-none\"  src=\"https:\/\/oekosozial.at\/salzburg\/wp-content\/uploads\/sites\/6\/2023\/10\/Alex-scaled.jpg\" ><\/div><div  class=\"x-column x-sm x-1-4\" style=\"padding: 0px;\" ><div id=\"\" class=\"x-text\" style=\"\" ><p><strong>Gesch\u00e4ftsf\u00fchrerin<\/strong><br \/>\nAlexandra Voithofer<\/p>\n<p><em>Direktorin des Salzburger Bauernbunds<\/em><\/p>\n<\/div><\/div><div  class=\"x-column x-sm x-1-4\" style=\"padding: 0px;\" >&nbsp;<\/div><div  class=\"x-column x-sm x-1-4\" style=\"padding: 0px;\" ><div id=\"\" class=\"x-text\" style=\"\" ><\/div><\/div><\/div><\/div><div id=\"\" class=\"x-text\" style=\"\" ><p><strong>Der Vorstand:\u00a0 <\/strong><\/p>\n<\/div><div id=\"x-section-3\" class=\"x-section\" style=\"margin: 0px;padding: 45px 0px; background-color: transparent;\" ><div id=\"\" class=\"x-container max width\" style=\"margin: 0px auto;padding: 0px;\" ><div  class=\"x-column x-sm x-1-4\" style=\"padding: 0px;\" ><img decoding=\"async\"  class=\"x-img x-img-none\"  src=\"https:\/\/oekosozial.at\/salzburg\/wp-content\/uploads\/sites\/6\/2024\/01\/Maximilian-Brugger-scaled.jpg\" ><\/div><div  class=\"x-column x-sm x-1-4\" style=\"padding: 0px;\" ><div id=\"\" class=\"x-text\" style=\"\" ><p><strong>Vorstandsmitglied <\/strong>Maximilian Brugger<\/p>\n<p><em>Referent f\u00fcr Bildung, Salzburger Landesregierung<\/em><\/p>\n<\/div><\/div><div  class=\"x-column x-sm x-1-4\" style=\"padding: 0px;\" ><img decoding=\"async\"  class=\"x-img x-img-none\"  src=\"https:\/\/oekosozial.at\/salzburg\/wp-content\/uploads\/sites\/6\/2023\/12\/Theresa-Koenig_-scaled.jpg\" ><\/div><div  class=\"x-column x-sm x-1-4\" style=\"padding: 0px;\" ><div id=\"\" class=\"x-text\" style=\"\" ><p><strong>Vorstandsmitglied<\/strong> <br \/>\nTheresa K\u00f6nig<\/p>\n<p><em>Referentin bei der Landjugend Salzburg<\/em><\/p>\n<\/div><\/div><\/div><\/div><div id=\"x-section-4\" class=\"x-section\" style=\"margin: 0px;padding: 45px 0px; background-color: transparent;\" ><div id=\"\" class=\"x-container max width\" style=\"margin: 0px auto;padding: 0px;\" ><div  class=\"x-column x-sm x-1-4\" style=\"padding: 0px;\" ><img decoding=\"async\"  class=\"x-img x-img-none\"  src=\"https:\/\/oekosozial.at\/salzburg\/wp-content\/uploads\/sites\/6\/2023\/12\/Michael-Mitter_.jpg\" ><\/div><div  class=\"x-column x-sm x-1-4\" style=\"padding: 0px;\" ><div id=\"\" class=\"x-text\" style=\"\" ><p><strong>Vorstandsmitglied<\/strong> <br \/>\nMichael Mitter<\/p>\n<p><em>Landesforstdirektor beim Amt der Salzburger Landesregierung<\/em><\/p>\n<\/div><\/div><div  class=\"x-column x-sm x-1-4\" style=\"padding: 0px;\" ><img decoding=\"async\"  class=\"x-img x-img-none\"  src=\"https:\/\/oekosozial.at\/salzburg\/wp-content\/uploads\/sites\/6\/2023\/12\/Carina_Tracht-1-scaled.jpg\" ><\/div><div  class=\"x-column x-sm x-1-4\" style=\"padding: 0px;\" ><div id=\"\" class=\"x-text\" style=\"\" ><p><strong>Vorstandsmitglied <br \/>\n<\/strong>Carina Reiter <strong><br \/>\n<\/strong><\/p>\n<p><em>Abgeordnete zum Nationalrat<\/em><\/p>\n<\/div><\/div><\/div><\/div><div id=\"x-section-5\" class=\"x-section\" style=\"margin: 0px;padding: 45px 0px; background-color: transparent;\" ><div id=\"\" class=\"x-container max width\" style=\"margin: 0px auto;padding: 0px;\" ><div  class=\"x-column x-sm x-1-4\" style=\"padding: 0px;\" ><img decoding=\"async\"  class=\"x-img x-img-none\"  src=\"https:\/\/oekosozial.at\/salzburg\/wp-content\/uploads\/sites\/6\/2024\/01\/Ulrike-Regner-scaled.jpg\" ><\/div><div  class=\"x-column x-sm x-1-4\" style=\"padding: 0px;\" ><div id=\"\" class=\"x-text\" style=\"\" ><p><strong>Vorstandsmitglied<\/strong> <br \/>\nUlrike Regner<\/p>\n<p><em>Nachhaltigkeitsmanagement im Raiffeisenverband Salzburg<\/em><\/p>\n<\/div><\/div><div  class=\"x-column x-sm x-1-4\" style=\"padding: 0px;\" ><img decoding=\"async\"  class=\"x-img x-img-none\"  src=\"https:\/\/oekosozial.at\/salzburg\/wp-content\/uploads\/sites\/6\/2023\/12\/Stefan-Russegger_-1.jpg\" ><\/div><div  class=\"x-column x-sm x-1-4\" style=\"padding: 0px;\" ><div id=\"\" class=\"x-text\" style=\"\" ><p><strong>Vorstandsmitglied <br \/>\n<\/strong>Stefan Ru\u00dfegger<\/p>\n<p><em>ORG\/IT &amp; Innovation bei Lagerhaus Salzburg <\/em><\/p>\n<p><strong>\u00a0<\/strong><\/p>\n<\/div><\/div><\/div><\/div><div id=\"x-section-6\" class=\"x-section\" style=\"margin: 0px;padding: 45px 0px; background-color: transparent;\" ><div id=\"\" class=\"x-container max width\" style=\"margin: 0px auto;padding: 0px;\" ><div  class=\"x-column x-sm x-1-4\" style=\"padding: 0px;\" ><img decoding=\"async\"  class=\"x-img x-img-none\"  src=\"https:\/\/oekosozial.at\/salzburg\/wp-content\/uploads\/sites\/6\/2023\/12\/Steiner-Andreas_-scaled.jpg\" ><\/div><div  class=\"x-column x-sm x-1-4\" style=\"padding: 0px;\" ><div id=\"\" class=\"x-text\" style=\"\" ><p><strong>Vorstandsmitglied<\/strong> <br \/>\nAndreas Steiner<\/p>\n<p><em>Bautechniker, ehem. Landesobmann der Landjugend Salzburg<\/em><\/p>\n<\/div><\/div><div  class=\"x-column x-sm x-1-4\" style=\"padding: 0px;\" >&nbsp;<\/div><div  class=\"x-column x-sm x-1-4\" style=\"padding: 0px;\" >&nbsp;<\/div><\/div><\/div><\/div>\n","protected":false},"excerpt":{"rendered":"","protected":false},"author":3,"featured_media":0,"parent":0,"menu_order":0,"comment_status":"closed","ping_status":"closed","template":"","meta":{"footnotes":""},"class_list":["post-24","page","type-page","status-publish","hentry","no-post-thumbnail"],"_links":{"self":[{"href":"https:\/\/oekosozial.at\/salzburg\/wp-json\/wp\/v2\/pages\/24","targetHints":{"allow":["GET"]}}],"collection":[{"href":"https:\/\/oekosozial.at\/salzburg\/wp-json\/wp\/v2\/pages"}],"about":[{"href":"https:\/\/oekosozial.at\/salzburg\/wp-json\/wp\/v2\/types\/page"}],"author":[{"embeddable":true,"href":"https:\/\/oekosozial.at\/salzburg\/wp-json\/wp\/v2\/users\/3"}],"replies":[{"embeddable":true,"href":"https:\/\/oekosozial.at\/salzburg\/wp-json\/wp\/v2\/comments?post=24"}],"version-history":[{"count":10,"href":"https:\/\/oekosozial.at\/salzburg\/wp-json\/wp\/v2\/pages\/24\/revisions"}],"predecessor-version":[{"id":347,"href":"https:\/\/oekosozial.at\/salzburg\/wp-json\/wp\/v2\/pages\/24\/revisions\/347"}],"wp:attachment":[{"href":"https:\/\/oekosozial.at\/salzburg\/wp-json\/wp\/v2\/media?parent=24"}],"curies":[{"name":"wp","href":"https:\/\/api.w.org\/{rel}","templated":true}]}}