{"id":7,"date":"2017-01-05T16:00:23","date_gmt":"2017-01-05T15:00:23","guid":{"rendered":"https:\/\/oekosozial.at\/oberoesterreich\/?page_id=7"},"modified":"2019-05-22T14:54:49","modified_gmt":"2019-05-22T12:54:49","slug":"startseite","status":"publish","type":"page","link":"https:\/\/oekosozial.at\/oberoesterreich\/","title":{"rendered":"Startseite"},"content":{"rendered":"<div id=\"cs-content\" class=\"cs-content\"><\/div>\n","protected":false},"excerpt":{"rendered":"<p>&nbsp; 17. November 2025 11. November 2025: \u00d6kosoziales Forum Ober\u00f6sterreich zu Gast bei Bosch Linz: Wasser \u2013 Stoff der Zukunft 16. Oktober 2025 11. November 2025: Wasser: Stoff der Zukunft 16. Oktober 2025 08.10.2025: Buchlesung im Weingarten mit Reinhard Kaiser-M\u00fchlecker Aktuelles 11. November 2025: \u00d6kosoziales Forum Ober\u00f6sterreich zu Gast bei Bosch Linz: Wasser \u2013 Stoff der Zukunft Obmann Hiegelsberger, Dr. &#8230;<\/p>\n","protected":false},"author":1,"featured_media":0,"parent":0,"menu_order":0,"comment_status":"closed","ping_status":"closed","template":"","meta":{"footnotes":""},"class_list":["post-7","page","type-page","status-publish","hentry","no-post-thumbnail"],"_links":{"self":[{"href":"https:\/\/oekosozial.at\/oberoesterreich\/wp-json\/wp\/v2\/pages\/7","targetHints":{"allow":["GET"]}}],"collection":[{"href":"https:\/\/oekosozial.at\/oberoesterreich\/wp-json\/wp\/v2\/pages"}],"about":[{"href":"https:\/\/oekosozial.at\/oberoesterreich\/wp-json\/wp\/v2\/types\/page"}],"author":[{"embeddable":true,"href":"https:\/\/oekosozial.at\/oberoesterreich\/wp-json\/wp\/v2\/users\/1"}],"replies":[{"embeddable":true,"href":"https:\/\/oekosozial.at\/oberoesterreich\/wp-json\/wp\/v2\/comments?post=7"}],"version-history":[{"count":10,"href":"https:\/\/oekosozial.at\/oberoesterreich\/wp-json\/wp\/v2\/pages\/7\/revisions"}],"predecessor-version":[{"id":398,"href":"https:\/\/oekosozial.at\/oberoesterreich\/wp-json\/wp\/v2\/pages\/7\/revisions\/398"}],"wp:attachment":[{"href":"https:\/\/oekosozial.at\/oberoesterreich\/wp-json\/wp\/v2\/media?parent=7"}],"curies":[{"name":"wp","href":"https:\/\/api.w.org\/{rel}","templated":true}]}}