{"id":30,"date":"2017-04-26T11:59:53","date_gmt":"2017-04-26T09:59:53","guid":{"rendered":"https:\/\/oekosozial.at\/oberoesterreich\/?page_id=30"},"modified":"2022-01-27T14:38:54","modified_gmt":"2022-01-27T13:38:54","slug":"ueber-uns","status":"publish","type":"page","link":"https:\/\/oekosozial.at\/oberoesterreich\/ueber-uns\/","title":{"rendered":"\u00dcber uns"},"content":{"rendered":"<div id=\"cs-content\" class=\"cs-content\"><\/div>\n\n\n<figure class=\"wp-block-gallery columns-2 is-cropped wp-block-gallery-1 is-layout-flex wp-block-gallery-is-layout-flex\"><ul class=\"blocks-gallery-grid\"><li class=\"blocks-gallery-item\"><figure><img loading=\"lazy\" decoding=\"async\" width=\"1024\" height=\"683\" src=\"https:\/\/oekosozial.at\/oberoesterreich\/wp-content\/uploads\/sites\/5\/2022\/01\/Max-Hiegelsberger-1024x683.jpg\" alt=\"\" data-id=\"668\" data-full-url=\"https:\/\/oekosozial.at\/oberoesterreich\/wp-content\/uploads\/sites\/5\/2022\/01\/Max-Hiegelsberger-scaled.jpg\" data-link=\"https:\/\/oekosozial.at\/oberoesterreich\/max-hiegelsberger-3\/\" class=\"wp-image-668\" srcset=\"https:\/\/oekosozial.at\/oberoesterreich\/wp-content\/uploads\/sites\/5\/2022\/01\/Max-Hiegelsberger-1024x683.jpg 1024w, https:\/\/oekosozial.at\/oberoesterreich\/wp-content\/uploads\/sites\/5\/2022\/01\/Max-Hiegelsberger-300x200.jpg 300w, https:\/\/oekosozial.at\/oberoesterreich\/wp-content\/uploads\/sites\/5\/2022\/01\/Max-Hiegelsberger-768x512.jpg 768w, https:\/\/oekosozial.at\/oberoesterreich\/wp-content\/uploads\/sites\/5\/2022\/01\/Max-Hiegelsberger-1536x1024.jpg 1536w, https:\/\/oekosozial.at\/oberoesterreich\/wp-content\/uploads\/sites\/5\/2022\/01\/Max-Hiegelsberger-2048x1365.jpg 2048w, https:\/\/oekosozial.at\/oberoesterreich\/wp-content\/uploads\/sites\/5\/2022\/01\/Max-Hiegelsberger-100x67.jpg 100w, https:\/\/oekosozial.at\/oberoesterreich\/wp-content\/uploads\/sites\/5\/2022\/01\/Max-Hiegelsberger-758x505.jpg 758w, https:\/\/oekosozial.at\/oberoesterreich\/wp-content\/uploads\/sites\/5\/2022\/01\/Max-Hiegelsberger-968x645.jpg 968w\" sizes=\"auto, (max-width: 1024px) 100vw, 1024px\" \/><figcaption class=\"blocks-gallery-item__caption\"><strong>Max Hiegelsberger<br>Obmann \u00d6kosoziales Forum O\u00d6<br>Landtagspr\u00e4sident O\u00d6<\/strong><\/figcaption><\/figure><\/li><li class=\"blocks-gallery-item\"><figure><img loading=\"lazy\" decoding=\"async\" width=\"1024\" height=\"683\" src=\"https:\/\/oekosozial.at\/oberoesterreich\/wp-content\/uploads\/sites\/5\/2022\/01\/Anni-Pichler-1024x683.jpg\" alt=\"\" data-id=\"667\" data-full-url=\"https:\/\/oekosozial.at\/oberoesterreich\/wp-content\/uploads\/sites\/5\/2022\/01\/Anni-Pichler-scaled.jpg\" data-link=\"https:\/\/oekosozial.at\/oberoesterreich\/anni-pichler\/\" class=\"wp-image-667\" srcset=\"https:\/\/oekosozial.at\/oberoesterreich\/wp-content\/uploads\/sites\/5\/2022\/01\/Anni-Pichler-1024x683.jpg 1024w, https:\/\/oekosozial.at\/oberoesterreich\/wp-content\/uploads\/sites\/5\/2022\/01\/Anni-Pichler-300x200.jpg 300w, https:\/\/oekosozial.at\/oberoesterreich\/wp-content\/uploads\/sites\/5\/2022\/01\/Anni-Pichler-768x512.jpg 768w, https:\/\/oekosozial.at\/oberoesterreich\/wp-content\/uploads\/sites\/5\/2022\/01\/Anni-Pichler-1536x1024.jpg 1536w, https:\/\/oekosozial.at\/oberoesterreich\/wp-content\/uploads\/sites\/5\/2022\/01\/Anni-Pichler-2048x1365.jpg 2048w, https:\/\/oekosozial.at\/oberoesterreich\/wp-content\/uploads\/sites\/5\/2022\/01\/Anni-Pichler-100x67.jpg 100w, https:\/\/oekosozial.at\/oberoesterreich\/wp-content\/uploads\/sites\/5\/2022\/01\/Anni-Pichler-758x505.jpg 758w, https:\/\/oekosozial.at\/oberoesterreich\/wp-content\/uploads\/sites\/5\/2022\/01\/Anni-Pichler-968x645.jpg 968w\" sizes=\"auto, (max-width: 1024px) 100vw, 1024px\" \/><figcaption class=\"blocks-gallery-item__caption\"><strong>Anni Pichler<br>Gesch\u00e4ftsf\u00fchrerin \u00d6kosoziales Forum O\u00d6<\/strong><\/figcaption><\/figure><\/li><\/ul><\/figure>\n\n\n\n<p><a href=\"https:\/\/oekosozial.at\/oberoesterreich\/der-neue-vorstand\" data-type=\"URL\" target=\"_blank\" rel=\"noreferrer noopener\"><strong>Hier geht&#8217;s zum <\/strong>V<strong>orstand des \u00d6kosozialen Forums O\u00d6<\/strong><\/a><\/p>\n\n\n\n<p><strong><a href=\"https:\/\/oekosozial.at\/oberoesterreich\/beirat-oekosoziales-forum-ooe\/\" data-type=\"URL\" data-id=\"https:\/\/oekosozial.at\/oberoesterreich\/beirat-oekosoziales-forum-ooe\/\" target=\"_blank\" rel=\"noreferrer noopener\">Hier geht&#8217;s zum Beirat des \u00d6kosozialen Forums O\u00d6 <\/a><\/strong><\/p>\n","protected":false},"excerpt":{"rendered":"<p>Hier geht&#8217;s zum Vorstand des \u00d6kosozialen Forums O\u00d6 Hier geht&#8217;s zum Beirat des \u00d6kosozialen Forums O\u00d6<\/p>\n","protected":false},"author":9,"featured_media":0,"parent":0,"menu_order":0,"comment_status":"closed","ping_status":"closed","template":"","meta":{"footnotes":""},"class_list":["post-30","page","type-page","status-publish","hentry","no-post-thumbnail"],"_links":{"self":[{"href":"https:\/\/oekosozial.at\/oberoesterreich\/wp-json\/wp\/v2\/pages\/30","targetHints":{"allow":["GET"]}}],"collection":[{"href":"https:\/\/oekosozial.at\/oberoesterreich\/wp-json\/wp\/v2\/pages"}],"about":[{"href":"https:\/\/oekosozial.at\/oberoesterreich\/wp-json\/wp\/v2\/types\/page"}],"author":[{"embeddable":true,"href":"https:\/\/oekosozial.at\/oberoesterreich\/wp-json\/wp\/v2\/users\/9"}],"replies":[{"embeddable":true,"href":"https:\/\/oekosozial.at\/oberoesterreich\/wp-json\/wp\/v2\/comments?post=30"}],"version-history":[{"count":10,"href":"https:\/\/oekosozial.at\/oberoesterreich\/wp-json\/wp\/v2\/pages\/30\/revisions"}],"predecessor-version":[{"id":695,"href":"https:\/\/oekosozial.at\/oberoesterreich\/wp-json\/wp\/v2\/pages\/30\/revisions\/695"}],"wp:attachment":[{"href":"https:\/\/oekosozial.at\/oberoesterreich\/wp-json\/wp\/v2\/media?parent=30"}],"curies":[{"name":"wp","href":"https:\/\/api.w.org\/{rel}","templated":true}]}}