{"id":200,"date":"2018-06-04T14:33:21","date_gmt":"2018-06-04T12:33:21","guid":{"rendered":"https:\/\/oekosozial.at\/oberoesterreich\/?page_id=200"},"modified":"2018-06-04T14:36:48","modified_gmt":"2018-06-04T12:36:48","slug":"konservierung-verwertung-und-lagerung","status":"publish","type":"page","link":"https:\/\/oekosozial.at\/oberoesterreich\/konservierung-verwertung-und-lagerung\/","title":{"rendered":"Konservierung, Verwertung und Lagerung"},"content":{"rendered":"<h2>Konservierung<img loading=\"lazy\" decoding=\"async\" class=\"size-medium wp-image-201 alignright\" src=\"https:\/\/oekosozial.at\/oberoesterreich\/wp-content\/uploads\/sites\/5\/2018\/06\/pepperoni-2668017_640-300x200.jpg\" alt=\"\" width=\"300\" height=\"200\" srcset=\"https:\/\/oekosozial.at\/oberoesterreich\/wp-content\/uploads\/sites\/5\/2018\/06\/pepperoni-2668017_640-300x200.jpg 300w, https:\/\/oekosozial.at\/oberoesterreich\/wp-content\/uploads\/sites\/5\/2018\/06\/pepperoni-2668017_640-100x67.jpg 100w, https:\/\/oekosozial.at\/oberoesterreich\/wp-content\/uploads\/sites\/5\/2018\/06\/pepperoni-2668017_640.jpg 640w\" sizes=\"auto, (max-width: 300px) 100vw, 300px\" \/><\/h2>\n<p>Beim Konservieren gibt es einiges zu beachten. Um den Verderb von Fr\u00fcchten zu verhindern, k\u00f6nnen Sie diese nat\u00fcrlich einfrieren, aber auch Marmelade, Kompott und Saft daraus machen. Durch Pasteurisieren werden die Lebensmittel haltbar gemacht.<\/p>\n<p>Trocknen ist eine gute M\u00f6glichkeit der Obstkonservierung &#8211; Apfelringe und Bananenchips sind allbekannt.<\/p>\n<p>Durch die Konservierung k\u00f6nnen regionale und saisonale Produkte sinnvoll verarbeitet werden. Weiters eignet sich Gem\u00fcse auch sehr gut zum Tiefk\u00fchlen.<\/p>\n<p>Viele Gem\u00fcsearten, wie zum Beispiel Zucchini, Gurken und Paprika, k\u00f6nnen durch einlegen in Essig haltbar gemacht werden.<\/p>\n<p>Um Kr\u00e4uter zu konservieren, werden diese auch h\u00e4ufig schonend getrocknet oder eingefroren.<\/p>\n<p>Das Tiefk\u00fchlen wird am meisten f\u00fcr Fleischwaren als Konservierungsmethode eingesetzt. Aber auch Brotwaren, manche Milchprodukte und fertige Speisen lassen sich gut einfrieren.<\/p>\n<p>&nbsp;<\/p>\n<p>Tipps zum Auftauen:<\/p>\n<p>&#8211; gro\u00dfe Fleischst\u00fccke langsam im K\u00fchlschrank bei ca. 4\u00b0 C auftauen<\/p>\n<p>&#8211; bei Portionsst\u00fccken reicht ein kurzes Antauen<\/p>\n<p>&#8211; Obst und Gem\u00fcse k\u00f6nnen tiefgefroren zum Kochen verwendet werden<\/p>\n<p>&#8211; aufgetaute Lebensmittel sollten rasch verarbeitet und nicht mehr eingefroren werden<\/p>\n<p>&nbsp;<\/p>\n<h2>Verwertung<img loading=\"lazy\" decoding=\"async\" class=\"size-medium wp-image-203 alignright\" src=\"https:\/\/oekosozial.at\/oberoesterreich\/wp-content\/uploads\/sites\/5\/2018\/06\/jam-2444752_640-300x200.jpg\" alt=\"\" width=\"300\" height=\"200\" srcset=\"https:\/\/oekosozial.at\/oberoesterreich\/wp-content\/uploads\/sites\/5\/2018\/06\/jam-2444752_640-300x200.jpg 300w, https:\/\/oekosozial.at\/oberoesterreich\/wp-content\/uploads\/sites\/5\/2018\/06\/jam-2444752_640-100x67.jpg 100w, https:\/\/oekosozial.at\/oberoesterreich\/wp-content\/uploads\/sites\/5\/2018\/06\/jam-2444752_640.jpg 640w\" sizes=\"auto, (max-width: 300px) 100vw, 300px\" \/><\/h2>\n<p>Viele Personen wissen nicht, was sie mit den Resten vom Mittagessen anfangen sollen und werfen diese achtlos weg. Dies ist jedoch nicht n\u00f6tig, denn mit nur wenig Aufwand lassen sich neue Gerichte zubereiten.<\/p>\n<p>Die Bezeichnung \u201eVerbrauchsdatum\u201c ist f\u00fcr verpackte, sehr leicht verderbliche Lebensmittel vorgesehen. Es nennt den letzten Tag, an dem das Produkt noch verzehrt werden kann. Nach dem angegebenen Datum darf das betreffende Gut nicht mehr verkauft und verwendet werden, denn eine Gesundheitsgef\u00e4hrdung ist dann nicht mehr auszuschlie\u00dfen.<\/p>\n<p>Auch wenn bei Produkten das Mindesthaltbarkeitsdatum (MHD) erreicht wurde, kann die Ware, sofern keine Ver\u00e4nderung an Aussehen, Geruch oder Geschmack festgestellt wurde, problemlos verzehrt bzw. verarbeitet werden.<\/p>\n<p>Aufgepasst werden sollte jedoch bei Lebensmitteln, an denen bereits Schimmel sichtbar ist. Bei solchen ist es wichtig, dass das ganze Produkt entsorgt wird, da sich die Schimmelsporen \u00fcberall im Lebensmittel befinden, diese aber nicht sichtbar sind.<\/p>\n<p>Zudem d\u00fcrfen verdorbene Lebensmittel nicht an Tiere verf\u00fcttert werden.<\/p>\n<p><em>\u00a0<\/em><\/p>\n<h2>Lagerung<\/h2>\n<p>Die richtige Lagerung von Lebensmitteln verhindert ma\u00dfgeblich den Verderb und tr\u00e4gt zur Erhaltung der guten Qualit\u00e4t der Produkte bei.<\/p>\n<p>Der optimale Vorratsraum sollte gut bel\u00fcftet, trocken, hygienisch und \u00fcbersichtlich geordnet sein. Hier gilt das Prinzip \u201eFirst in \u2013 First out\u201c, das bedeutet, dass die Produkte, die zuletzt gekauft wurden, hinter die \u00e4lteren Lebensmittel eingeordnet werden sollten. So gelingt es Ihnen leichter, die Nahrungsmittel, die fr\u00fcher ablaufen, auch zu verwenden, bevor sie verderben. Lebensmittel, die h\u00e4ufig im M\u00fcll landen, sind Brot, Obst und Gem\u00fcse, da diese schnell ungenie\u00dfbar werden.<\/p>\n<p>Eine weitere Tatsache, die viele nicht wissen, ist, dass eine falsche Lagerung auch den N\u00e4hrwert vieler Lebensmittel mindert.<\/p>\n<p>Werden die Lebensmittel nicht luftdicht verpackt, entsteht beim Tiefk\u00fchlen ein Gefrierbrand, welcher dazu f\u00fchrt, dass die Produkte austrocknen.<\/p>\n<p>S\u00fcdfr\u00fcchte werden am besten bei Zimmertemperatur gelagert, damit ihr Aroma nicht verloren geht.<\/p>\n<p>&nbsp;<\/p>\n<h2>Richtige Lagerung von Lebensmittel<img loading=\"lazy\" decoding=\"async\" class=\"size-medium wp-image-206 alignright\" src=\"https:\/\/oekosozial.at\/oberoesterreich\/wp-content\/uploads\/sites\/5\/2018\/06\/kartoffeln-300x198.jpg\" alt=\"\" width=\"300\" height=\"198\" srcset=\"https:\/\/oekosozial.at\/oberoesterreich\/wp-content\/uploads\/sites\/5\/2018\/06\/kartoffeln-300x198.jpg 300w, https:\/\/oekosozial.at\/oberoesterreich\/wp-content\/uploads\/sites\/5\/2018\/06\/kartoffeln-100x66.jpg 100w, https:\/\/oekosozial.at\/oberoesterreich\/wp-content\/uploads\/sites\/5\/2018\/06\/kartoffeln.jpg 640w\" sizes=\"auto, (max-width: 300px) 100vw, 300px\" \/><\/h2>\n<table>\n<tbody>\n<tr>\n<td width=\"226\"><strong>Name des Lebensmittels<\/strong><\/td>\n<td width=\"378\"><strong>Lagerbedingungen<\/strong><\/td>\n<\/tr>\n<tr>\n<td width=\"226\">Apfel<\/td>\n<td width=\"378\">dunkel, k\u00fchl, getrennt von anderem Obst und Gem\u00fcse<\/td>\n<\/tr>\n<tr>\n<td width=\"226\">Bananen<\/td>\n<td width=\"378\">nicht im K\u00fchlschrank<\/td>\n<\/tr>\n<tr>\n<td width=\"226\">Beeren<\/td>\n<td width=\"378\">k\u00fchl, trocken, ungewaschen, tiefgek\u00fchlt<\/td>\n<\/tr>\n<tr>\n<td width=\"226\">Birnen<\/td>\n<td width=\"378\">dunkel, k\u00fchl<\/td>\n<\/tr>\n<tr>\n<td width=\"226\">Erd\u00e4pfel<\/td>\n<td width=\"378\">dunkel, k\u00fchl, im Keller<\/td>\n<\/tr>\n<tr>\n<td width=\"226\">Erdbeeren<\/td>\n<td width=\"378\">k\u00fchl, trocken, ungewaschen<\/td>\n<\/tr>\n<tr>\n<td width=\"226\">Gurken<\/td>\n<td width=\"378\">nicht neben Paprika, Tomaten, Erd\u00e4pfel, Pilzen<\/td>\n<\/tr>\n<tr>\n<td width=\"226\">Karotten<\/td>\n<td width=\"378\">Keller, K\u00fchlschrank<\/td>\n<\/tr>\n<tr>\n<td width=\"226\">Kirschen<\/td>\n<td width=\"378\">mit Stiel im K\u00fchlschrank<\/td>\n<\/tr>\n<tr>\n<td width=\"226\">Knoblauch<\/td>\n<td width=\"378\">k\u00fchl, trocken, dunkel<\/td>\n<\/tr>\n<tr>\n<td width=\"226\">Kohl, Kohlrabi, Kohlsprossen, Kraut<\/td>\n<td width=\"378\">k\u00fchl, dunkel, \u00e4u\u00dfere Bl\u00e4tter entfernen, im K\u00fchlschrank<\/td>\n<\/tr>\n<tr>\n<td width=\"226\">K\u00fcrbis<\/td>\n<td width=\"378\">nicht zu k\u00fchl<\/td>\n<\/tr>\n<tr>\n<td width=\"226\">Lauch<\/td>\n<td width=\"378\">k\u00fchl, keine Minustemperaturen, im Keller<\/td>\n<\/tr>\n<tr>\n<td width=\"226\">Mandarinen, Orangen<\/td>\n<td width=\"378\">k\u00e4lteempfindlich, Raumtemperatur<\/td>\n<\/tr>\n<tr>\n<td width=\"226\">Marillen, Nektarinen, Pfirsiche, Pflaumen, Trauben, Zwetschken<\/td>\n<td width=\"378\">im K\u00fchlschrank, geschlossener Beh\u00e4lter<\/td>\n<\/tr>\n<tr>\n<td width=\"226\">Melonen<\/td>\n<td width=\"378\">Raumtemperatur, geschnitten in den K\u00fchlschrank<\/td>\n<\/tr>\n<tr>\n<td width=\"226\">N\u00fcsse<\/td>\n<td width=\"378\">ungesch\u00e4lt: k\u00fchl, trocken, dunkel<\/p>\n<p>gesch\u00e4lt: luftdicht im K\u00fchlschrank<\/td>\n<\/tr>\n<tr>\n<td width=\"226\">Paprika<\/td>\n<td width=\"378\">nicht im K\u00fchlschrank<\/td>\n<\/tr>\n<tr>\n<td width=\"226\">Pilze<\/td>\n<td width=\"378\">luftdicht, k\u00fchl, im K\u00fchlschrank<\/td>\n<\/tr>\n<tr>\n<td width=\"226\">Salat<\/td>\n<td width=\"378\">im K\u00fchlschrank<\/td>\n<\/tr>\n<tr>\n<td width=\"226\">Tomaten<\/td>\n<td width=\"378\">Raumtemperatur, einfrieren, trocknen<\/td>\n<\/tr>\n<tr>\n<td width=\"226\">Wurzelgem\u00fcse<\/td>\n<td width=\"378\">im K\u00fchlschrank in Frischhaltfolie verpackt<\/td>\n<\/tr>\n<tr>\n<td width=\"226\">Zwiebel<\/td>\n<td width=\"378\">nicht im K\u00fchlschrank, trocken, k\u00fchl, dunkel<\/td>\n<\/tr>\n<\/tbody>\n<\/table>\n<p>&nbsp;<\/p>\n<p><em>\u201eDie M\u00f6glichkeit, Lebensmittel zu konservieren und dadurch die Haltbarkeit zu verl\u00e4ngern, ist nicht nur gut f\u00fcr die Geldtasche, sondern auch f\u00fcr unseren Beitrag zur nachhaltigen Umweltgestaltung.\u201c<\/em><\/p>\n<p>&nbsp;<\/p>\n<p><em>\u201eDie richtige Lagerung von Lebensmitteln ist wesentlich f\u00fcr die Erhaltung der N\u00e4hrwerte und zur M\u00fcllvermeidung.\u201c<\/em><\/p>\n<p><em>\u00a0<\/em><\/p>\n<p><em>\u201eAuch wenn das Mindesthaltbarkeitsdatum abgelaufen ist, sind viele Lebensmittel noch genie\u00dfbar. Es sollten die Produkte in kleinen Mengen auf unangenehmen Geruch und Geschmack getestet werden.\u201c<\/em><\/p>\n<p><em>\u00a0<\/em><\/p>\n<p><em>\u201eIst auf dem Produkt Schimmel zu finden, so soll das ganze Lebensmittel weggeschmissen werden, da die Schimmelsporen bereits das vollst\u00e4ndige Lebensmittel befallen haben.\u201c<\/em><\/p>\n","protected":false},"excerpt":{"rendered":"<p>Konservierung Beim Konservieren gibt es einiges zu beachten. Um den Verderb von Fr\u00fcchten zu verhindern, k\u00f6nnen Sie diese nat\u00fcrlich einfrieren, aber auch Marmelade, Kompott und Saft daraus machen. Durch Pasteurisieren werden die Lebensmittel haltbar gemacht. Trocknen ist eine gute M\u00f6glichkeit der Obstkonservierung &#8211; Apfelringe und Bananenchips sind allbekannt. Durch die Konservierung k\u00f6nnen regionale und saisonale Produkte sinnvoll verarbeitet werden. Weiters &#8230;<\/p>\n","protected":false},"author":9,"featured_media":0,"parent":0,"menu_order":0,"comment_status":"closed","ping_status":"closed","template":"","meta":{"footnotes":""},"class_list":["post-200","page","type-page","status-publish","hentry","no-post-thumbnail"],"_links":{"self":[{"href":"https:\/\/oekosozial.at\/oberoesterreich\/wp-json\/wp\/v2\/pages\/200","targetHints":{"allow":["GET"]}}],"collection":[{"href":"https:\/\/oekosozial.at\/oberoesterreich\/wp-json\/wp\/v2\/pages"}],"about":[{"href":"https:\/\/oekosozial.at\/oberoesterreich\/wp-json\/wp\/v2\/types\/page"}],"author":[{"embeddable":true,"href":"https:\/\/oekosozial.at\/oberoesterreich\/wp-json\/wp\/v2\/users\/9"}],"replies":[{"embeddable":true,"href":"https:\/\/oekosozial.at\/oberoesterreich\/wp-json\/wp\/v2\/comments?post=200"}],"version-history":[{"count":4,"href":"https:\/\/oekosozial.at\/oberoesterreich\/wp-json\/wp\/v2\/pages\/200\/revisions"}],"predecessor-version":[{"id":207,"href":"https:\/\/oekosozial.at\/oberoesterreich\/wp-json\/wp\/v2\/pages\/200\/revisions\/207"}],"wp:attachment":[{"href":"https:\/\/oekosozial.at\/oberoesterreich\/wp-json\/wp\/v2\/media?parent=200"}],"curies":[{"name":"wp","href":"https:\/\/api.w.org\/{rel}","templated":true}]}}