{"id":181,"date":"2018-06-04T12:10:59","date_gmt":"2018-06-04T10:10:59","guid":{"rendered":"https:\/\/oekosozial.at\/oberoesterreich\/?page_id=181"},"modified":"2018-06-04T15:22:44","modified_gmt":"2018-06-04T13:22:44","slug":"regionalitaet-und-saisonalitaet","status":"publish","type":"page","link":"https:\/\/oekosozial.at\/oberoesterreich\/regionalitaet-und-saisonalitaet\/","title":{"rendered":"Regionalit\u00e4t und Saisonalit\u00e4t"},"content":{"rendered":"<p>Stellen Sie sich vor dem Einkaufen die Frage, welche Lebensmittel zur jeweiligen Jahreszeit passen?<img loading=\"lazy\" decoding=\"async\" class=\"alignright wp-image-182 size-medium\" src=\"https:\/\/oekosozial.at\/oberoesterreich\/wp-content\/uploads\/sites\/5\/2018\/06\/gemuese-300x200.jpg\" alt=\"\" width=\"300\" height=\"200\" srcset=\"https:\/\/oekosozial.at\/oberoesterreich\/wp-content\/uploads\/sites\/5\/2018\/06\/gemuese-300x200.jpg 300w, https:\/\/oekosozial.at\/oberoesterreich\/wp-content\/uploads\/sites\/5\/2018\/06\/gemuese-768x511.jpg 768w, https:\/\/oekosozial.at\/oberoesterreich\/wp-content\/uploads\/sites\/5\/2018\/06\/gemuese-1024x682.jpg 1024w, https:\/\/oekosozial.at\/oberoesterreich\/wp-content\/uploads\/sites\/5\/2018\/06\/gemuese-100x67.jpg 100w, https:\/\/oekosozial.at\/oberoesterreich\/wp-content\/uploads\/sites\/5\/2018\/06\/gemuese-758x505.jpg 758w, https:\/\/oekosozial.at\/oberoesterreich\/wp-content\/uploads\/sites\/5\/2018\/06\/gemuese-968x644.jpg 968w, https:\/\/oekosozial.at\/oberoesterreich\/wp-content\/uploads\/sites\/5\/2018\/06\/gemuese.jpg 1280w\" sizes=\"auto, (max-width: 300px) 100vw, 300px\" \/><br \/>\nIn unseren Superm\u00e4rkten gibt es das ganze Jahr \u00fcber ein sehr vielf\u00e4ltiges Angebot. Jedoch sollten Sie bedenken, dass manche Lebensmittel schon eine sehr weite Reise zur\u00fcckgelegt haben, bevor sie bei Ihnen im Einkaufskorb landen.<\/p>\n<p>&nbsp;<\/p>\n<h2>Begriffe\u2026<\/h2>\n<p>Regionalit\u00e4t: Der Begriff verweist auf die Herkunft der Lebensmittel.<\/p>\n<p>Saisonalit\u00e4t: Die Saison im Sinne von Gem\u00fcse und Obst beschreibt den Zeitraum, in dem eine bestimme Obst- oder Gem\u00fcsesorte geerntet werden kann.<\/p>\n<p>&nbsp;<\/p>\n<h2>Import \u2026<\/h2>\n<p>T\u00e4glich werden riesige Mengen an Lebensmitteln importiert. Nicht nur exotische Fr\u00fcchte, wie Bananen oder Ananas, auch heimische Obst- und Gem\u00fcsearten werden aus ausl\u00e4ndischer Produktion angeboten. Besonders im Winter die Menge der importierten Lebensmittel sehr gro\u00df, da in dieser Zeit beinahe kein Obst und Gem\u00fcse aus \u00d6sterreich erh\u00e4ltlich ist. \u00dcberlegen Sie daher, ob Tomaten oder Erdbeeren im Winter wirklich notwendig sind.<\/p>\n<p>2011 wurden mehr als 114.000 Tonnen Bananen z.B. aus Costa Rica, Ecuador oder Peru, in die \u00f6sterreichischen Superm\u00e4rkte gebracht. Mehr als 16.000 Tonnen Ananas sind frisch oder getrocknet nach \u00d6sterreich gekommen und 47.000 Tonnen Tomaten (frisch oder gek\u00fchlt) sind 2011 nach \u00d6sterreich importiert worden. Die Wege, die diese Lebensmittel zur\u00fccklegen, sind enorm.<\/p>\n<p>Kaufen Sie heimische Tomaten im Winter, so kommen diese aus einem beheizten Treibhaus, welches viel Energie verbraucht und somit eine gro\u00dfe Umweltbelastung darstellt.<\/p>\n<p>&nbsp;<\/p>\n<h2>Obst- und Gem\u00fcsesaison in \u00d6sterreich<\/h2>\n<p>Dieser Saisonkalender gew\u00e4hrt einen Einblick in das vielf\u00e4ltige Angebot an \u00f6sterreichischen Obst- und Gem\u00fcsearten und gibt Hinweise, in welcher Jahreszeit diese aus \u00f6sterreichischem Anbau erh\u00e4ltlich sind.<\/p>\n<table>\n<tbody>\n<tr>\n<td width=\"201\">Monat<\/td>\n<td width=\"201\">Obst<\/td>\n<td width=\"201\">Gem\u00fcse<\/td>\n<\/tr>\n<tr>\n<td width=\"201\">J\u00e4nner<\/td>\n<td width=\"201\">\u00c4pfel und Birnen aus Lagerung<\/td>\n<td width=\"201\">Kohlsprossen, Lauch<\/td>\n<\/tr>\n<tr>\n<td width=\"201\">Februar<\/td>\n<td width=\"201\">\u00c4pfel und Birnen aus Lagerung<\/td>\n<td width=\"201\">Kohlsprossen, Lauch, Wei\u00dfkohl<\/td>\n<\/tr>\n<tr>\n<td width=\"201\">M\u00e4rz<\/td>\n<td width=\"201\">\u00c4pfel und Birnen aus Lagerung<\/td>\n<td width=\"201\">Lauch<\/td>\n<\/tr>\n<tr>\n<td width=\"201\">April<\/td>\n<td width=\"201\">Rhabarber<\/td>\n<td width=\"201\">Lauch, Radieschen, Spargel<\/td>\n<\/tr>\n<tr>\n<td width=\"201\">Mai<\/td>\n<td width=\"201\">Erdbeeren, Kirschen, Rhabarber<\/td>\n<td width=\"201\">Erbsen, Karfiol, Kohlrabi, Kraut, Radieschen, Spargel, Zucchini<\/td>\n<\/tr>\n<tr>\n<td width=\"201\">Juni<\/td>\n<td width=\"201\">Erdbeeren, Heidelbeeren, Himbeeren, Kirschen, <a href=\"https:\/\/gesund.co.at\/rhabarber-suesses-gemuese-vielseitig-gesund-27188\/\">Rhabarber<\/a>, Ribisel, Stachelbeeren<\/td>\n<td width=\"201\">Blattsalat, Brokkoli, Karotten, Kohlrabi, Radieschen, Paprika, Spargel, Tomaten, Zucchini<\/td>\n<\/tr>\n<tr>\n<td width=\"201\">Juli<\/td>\n<td width=\"201\">Brombeeren, Fr\u00fch\u00e4pfel, Fr\u00fchbirnen, Heidelbeeren, Himbeeren, Kirschen, Marillen, Nektarinen, Pfirsiche, Ribisel, Stachelbeeren<\/td>\n<td width=\"201\">Blattsalat, Brokkoli, Fisolen, Gurken, Karotten, Kartoffel, Knoblauch, Kohlrabi, Lauch, Radieschen, Spargel,Tomaten Zucchini, Zwiebeln<\/td>\n<\/tr>\n<tr>\n<td width=\"201\">August<\/td>\n<td width=\"201\">\u00c4pfel, Birnen, Brombeeren, Heidelbeeren, Himbeeren Kirschen, Marillen, Nektarinen, Pfirsiche, Ribisel, Stachelbeeren, Zwetschken<\/td>\n<td width=\"201\">Blattsalat, Brokkoli, Fisolen, Gurken, Karotten, Kartoffel, Knoblauch, Kohlrabi, Lauch, Radieschen, Sellerie, Tomaten, Zucchini, Zuckermais, Zwiebeln<\/td>\n<\/tr>\n<tr>\n<td width=\"201\">September<\/td>\n<td width=\"201\">\u00c4pfel, Birnen, Brombeeren, Heidelbeeren, Holunder, Nektarinen, Pfirsiche, Waln\u00fcsse, Weintrauben, Zwetschken<\/td>\n<td width=\"201\">Blattsalat, Brokkoli, Fisolen, Gurken, Karotten, Kartoffel, Kraut, K\u00fcrbis, Lauch, Petersilwurzel, Radieschen, Sellerie, Zucchini, Zuckermais, Zwiebeln<\/td>\n<\/tr>\n<tr>\n<td width=\"201\">Oktober<\/td>\n<td width=\"201\">\u00c4pfel, Birnen, Brombeeren, Holunder, Weintrauben<\/td>\n<td width=\"201\">Brokkoli, Karfiol, Kohlrabi, Kraut, Lauch, Radieschen,<br \/>\nRote R\u00fcben, Rucola<\/td>\n<\/tr>\n<tr>\n<td width=\"201\">November<\/td>\n<td width=\"201\">\u00c4pfel, Birnen, Holunder, Waln\u00fcsse<\/td>\n<td width=\"201\">Kohl, Kohlsprossen, Kraut, K\u00fcrbis, Lauch, Pastinaken, Radieschen, Rote R\u00fcben, Vogerlsalat<\/td>\n<\/tr>\n<tr>\n<td width=\"201\">Dezember<\/td>\n<td width=\"201\">\u00c4pfel und Birnen aus Lagerung<\/td>\n<td width=\"201\">Kohlsprossen, Kraut, Lauch, Pastinaken, Vogerlsalat<\/td>\n<\/tr>\n<\/tbody>\n<\/table>\n<p>&nbsp;<\/p>\n<p><span style=\"font-family: Georgia, Palatino\"><span lang=\"DE-AT\">Durch die kurzen Transportwege zwischen Produktions- und Zielort kann die Ernte zum optimalen Reifezeitpunkt erfolgen und so landen die Lebensmittel mit mehr Inhaltsstoffen auf unseren Tellern. <\/span><span lang=\"DE-AT\">Ein nachhaltiger Lebensmittelkonsum bedeutet nicht Verzicht. Im Gegenteil, es f\u00f6rdert unsere Kreativit\u00e4t beim Kochen.<\/span><\/span><\/p>\n<p><span lang=\"DE-AT\" style=\"font-family: Georgia, Palatino\"><a href=\"https:\/\/www.wir-leben-nachhaltig.at\/ueber-uns\/statements\/\">https:\/\/www.wir-leben-nachhaltig.at\/ueber-uns\/statements\/<\/a><\/span><\/p>\n<p><span lang=\"DE-AT\" style=\"font-family: Georgia, Palatino\">Durch den Einkauf von regionalen Produkten werden einheimische Bauern und Produzenten unterst\u00fctzt und ihr Arbeitsplatz gesichert.<\/span><\/p>\n<h2><\/h2>\n<p>&nbsp;<\/p>\n<h2>Mein kleiner Hobbygarten\u2026<\/h2>\n<p><img loading=\"lazy\" decoding=\"async\" class=\"size-medium wp-image-221 alignright\" src=\"https:\/\/oekosozial.at\/oberoesterreich\/wp-content\/uploads\/sites\/5\/2018\/06\/salat-300x200.jpg\" alt=\"\" width=\"300\" height=\"200\" srcset=\"https:\/\/oekosozial.at\/oberoesterreich\/wp-content\/uploads\/sites\/5\/2018\/06\/salat-300x200.jpg 300w, https:\/\/oekosozial.at\/oberoesterreich\/wp-content\/uploads\/sites\/5\/2018\/06\/salat-100x67.jpg 100w, https:\/\/oekosozial.at\/oberoesterreich\/wp-content\/uploads\/sites\/5\/2018\/06\/salat.jpg 640w\" sizes=\"auto, (max-width: 300px) 100vw, 300px\" \/>Gartenarbeit ist ein tolles Hobby und gleichzeitig werden eigene Lebensmittel produziert. Aber auch ohne Garten ist es m\u00f6glich, Obst und Gem\u00fcse anzubauen und zwar in einem Wohnungsgarten: Einige Kr\u00e4uter, aber auch Gem\u00fcse und Obst k\u00f6nnen im Haus, in der Wohnung sowie am Balkon wachsen:<\/p>\n<p>Kr\u00e4uter: Minze, Basilikum, Petersilie, Dill, Salbei, Oregano, Schnittlauch, Thymian<\/p>\n<p>Gem\u00fcse: Radieschen, Kresse, Rucola, Erbsen, Kartoffeln, Gurken, Tomaten<\/p>\n<p>Obst: Erdbeeren, Himbeeren, Brombeeren<\/p>\n<p>&nbsp;<\/p>\n","protected":false},"excerpt":{"rendered":"<p>Stellen Sie sich vor dem Einkaufen die Frage, welche Lebensmittel zur jeweiligen Jahreszeit passen? In unseren Superm\u00e4rkten gibt es das ganze Jahr \u00fcber ein sehr vielf\u00e4ltiges Angebot. Jedoch sollten Sie bedenken, dass manche Lebensmittel schon eine sehr weite Reise zur\u00fcckgelegt haben, bevor sie bei Ihnen im Einkaufskorb landen. &nbsp; Begriffe\u2026 Regionalit\u00e4t: Der Begriff verweist auf die Herkunft der Lebensmittel. Saisonalit\u00e4t: &#8230;<\/p>\n","protected":false},"author":9,"featured_media":0,"parent":0,"menu_order":0,"comment_status":"closed","ping_status":"closed","template":"","meta":{"footnotes":""},"class_list":["post-181","page","type-page","status-publish","hentry","no-post-thumbnail"],"_links":{"self":[{"href":"https:\/\/oekosozial.at\/oberoesterreich\/wp-json\/wp\/v2\/pages\/181","targetHints":{"allow":["GET"]}}],"collection":[{"href":"https:\/\/oekosozial.at\/oberoesterreich\/wp-json\/wp\/v2\/pages"}],"about":[{"href":"https:\/\/oekosozial.at\/oberoesterreich\/wp-json\/wp\/v2\/types\/page"}],"author":[{"embeddable":true,"href":"https:\/\/oekosozial.at\/oberoesterreich\/wp-json\/wp\/v2\/users\/9"}],"replies":[{"embeddable":true,"href":"https:\/\/oekosozial.at\/oberoesterreich\/wp-json\/wp\/v2\/comments?post=181"}],"version-history":[{"count":10,"href":"https:\/\/oekosozial.at\/oberoesterreich\/wp-json\/wp\/v2\/pages\/181\/revisions"}],"predecessor-version":[{"id":232,"href":"https:\/\/oekosozial.at\/oberoesterreich\/wp-json\/wp\/v2\/pages\/181\/revisions\/232"}],"wp:attachment":[{"href":"https:\/\/oekosozial.at\/oberoesterreich\/wp-json\/wp\/v2\/media?parent=181"}],"curies":[{"name":"wp","href":"https:\/\/api.w.org\/{rel}","templated":true}]}}