{"id":169,"date":"2017-04-11T13:18:36","date_gmt":"2017-04-11T11:18:36","guid":{"rendered":"https:\/\/oekosozial.at\/noe\/?page_id=169"},"modified":"2018-10-27T13:35:46","modified_gmt":"2018-10-27T11:35:46","slug":"impressum","status":"publish","type":"page","link":"https:\/\/oekosozial.at\/noe\/impressum\/","title":{"rendered":"Impressum"},"content":{"rendered":"<p>Medieninhaber:<br \/>\n\u00d6kosoziales Forum Nieder\u00f6sterreich<br \/>\nZVR-Zahl: 307615403<br \/>\nHerrengasse 13, A-1010 Wien<br \/>\nTelefon: +43 (0) 1\/253 63 50-0<br \/>\nE-Mail: info(at)oekosozial.at<\/p>\n<p>Design &amp; Realisation: Joel Foramitti<br \/>\nTechnische Betreuung: <a href=\"https:\/\/www.egm.at\" target=\"_blank\" rel=\"noopener\">Michalek &#8211; WordPress | Fotografie | Layout<\/a>, 1220 Wien<\/p>\n<p>Fotos (wenn nicht anders angegeben): (c) \u00d6kosoziales Forum<br \/>\nDas Bildmaterial (Fotos, Grafiken, Logos&#8230;) ist Eigentum des \u00d6kosozialen Forum Nieder\u00f6sterreich oder wurde dem \u00d6kosozialen Forum Nieder\u00f6sterreich von den jeweiligen Eigent\u00fcmern f\u00fcr diesen Zweck (Darstellung im Rahmen von http:\/\/www.\u00f6kosozial.at\/noe) zur Verf\u00fcgung gestellt und ist nach dem Urheberrechtsgesetz gesch\u00fctzt.<br \/>\nInhalte der Website d\u00fcrfen unter Angabe der Quelle, vorbehaltlich anderslautender Bestimmungen, zu nichtkommerziellen Zwecken ausgedruckt werden. Bei \u00dcbernahme gr\u00f6\u00dferer Mengen an Inhalten auch f\u00fcr nicht-kommerzielle Zwecke ist jedoch eine vorherige Genehmigung durch das \u00d6kosoziales Forum Nieder\u00f6sterreich einzuholen. Die Erstellung und Verbreitung von ver\u00e4nderten, erweiterten, gek\u00fcrzten oder in Fremdsprachen \u00fcbersetzten Inhalten ist nur nach schriftlicher Genehmigung erlaubt. Die Einbindung von Inhalten der Website http:\/\/www.\u00f6kosozial.at in Frames anderer Websites ist untersagt.<br \/>\nIst f\u00fcr die Wiedergabe bestimmter Text- und Multimedia-Daten (Ton, Bilder, Programme usw.) eine vorherige Genehmigung einzuholen, so hebt diese die obenstehende allgemeine Genehmigung auf; auf etwaige Nutzungseinschr\u00e4nkungen wird deutlich hingewiesen.<\/p>\n<p>Haftungsausschluss:<br \/>\nDas \u00d6kosoziale Forum Nieder\u00f6sterreich stellt die Informationen auf dieser Website mit Sorgfalt zusammen. Dennoch k\u00f6nnen wir keinerlei Haftung f\u00fcr die Inhalt \u00fcbernehmen. Irrt\u00fcmer, Unvollst\u00e4ndigkeit und \u00c4nderungen der Website sind nicht ausgeschlossen. Das \u00d6kosoziale Forum \u00fcbernimmt keinerlei Verantwortung f\u00fcr die Inhalte verlinkter Websites. Sollten Sie Probleme mit verlinkten Websites oder Kommentaren haben, insbesondere wenn Sie strafbare, rassistische, sexistische, diskriminierende, pornografische, nationalsozialistische oder beleidigende Inhalte enthalten, so informieren Sie uns bitte per Mail info(at)oekosozial.at.<\/p>\n<p>Schutz personenbezogener Daten:<br \/>\nDas \u00d6kosoziale Forum Nieder\u00f6sterreich achtet die Privatsph\u00e4re der NutzerInnen. Alle Angaben werden entsprechend geltender datenschutzrechtlicher Bestimmungen vertraulich behandelt. Daten werden nicht an Dritte weitergegeben.Das \u00d6kosoziale Forum Nieder\u00f6sterreich sammelt personenbezogene Daten nur, soweit es f\u00fcr die Kommunikation mit den NutzerInnen erforderlich ist. Die Angaben werden nicht f\u00fcr einen damit unvereinbaren Zweck weiterverwendet.<\/p>\n","protected":false},"excerpt":{"rendered":"<p>Medieninhaber: \u00d6kosoziales Forum Nieder\u00f6sterreich ZVR-Zahl: 307615403 Herrengasse 13, A-1010 Wien Telefon: +43 (0) 1\/253 63 50-0 E-Mail: info(at)oekosozial.at Design &amp; Realisation: Joel Foramitti Technische Betreuung: Michalek &#8211; WordPress | Fotografie | Layout, 1220 Wien Fotos (wenn nicht anders angegeben): (c) \u00d6kosoziales Forum Das Bildmaterial (Fotos, Grafiken, Logos&#8230;) ist Eigentum des \u00d6kosozialen Forum Nieder\u00f6sterreich oder wurde dem \u00d6kosozialen Forum Nieder\u00f6sterreich von &#8230;<\/p>\n","protected":false},"author":4,"featured_media":0,"parent":0,"menu_order":0,"comment_status":"closed","ping_status":"closed","template":"","meta":{"footnotes":""},"class_list":["post-169","page","type-page","status-publish","hentry","no-post-thumbnail"],"_links":{"self":[{"href":"https:\/\/oekosozial.at\/noe\/wp-json\/wp\/v2\/pages\/169","targetHints":{"allow":["GET"]}}],"collection":[{"href":"https:\/\/oekosozial.at\/noe\/wp-json\/wp\/v2\/pages"}],"about":[{"href":"https:\/\/oekosozial.at\/noe\/wp-json\/wp\/v2\/types\/page"}],"author":[{"embeddable":true,"href":"https:\/\/oekosozial.at\/noe\/wp-json\/wp\/v2\/users\/4"}],"replies":[{"embeddable":true,"href":"https:\/\/oekosozial.at\/noe\/wp-json\/wp\/v2\/comments?post=169"}],"version-history":[{"count":2,"href":"https:\/\/oekosozial.at\/noe\/wp-json\/wp\/v2\/pages\/169\/revisions"}],"predecessor-version":[{"id":275,"href":"https:\/\/oekosozial.at\/noe\/wp-json\/wp\/v2\/pages\/169\/revisions\/275"}],"wp:attachment":[{"href":"https:\/\/oekosozial.at\/noe\/wp-json\/wp\/v2\/media?parent=169"}],"curies":[{"name":"wp","href":"https:\/\/api.w.org\/{rel}","templated":true}]}}