{"id":49,"date":"2017-03-17T08:34:32","date_gmt":"2017-03-17T07:34:32","guid":{"rendered":"https:\/\/oekosozial.at\/kaernten\/?page_id=49"},"modified":"2017-03-17T17:34:29","modified_gmt":"2017-03-17T16:34:29","slug":"schulterschluss-fuer-kaerntens-landgemeinden","status":"publish","type":"page","link":"https:\/\/oekosozial.at\/kaernten\/schulterschluss-fuer-kaerntens-landgemeinden\/","title":{"rendered":"Schulterschluss f\u00fcr K\u00e4rntens Landgemeinden"},"content":{"rendered":"<p style=\"text-align: right\"><span style=\"font-size: 8pt\"><span class=\"st\">\u00a9 <\/span>Pesentheiner\/LK<\/span><\/p>\n<p style=\"text-align: justify\"><strong><span style=\"font-size: 14pt\">\u00d6kosoziales Forum, Gemeindebund und Landwirtschaftskammer fordern mehr Gerechtigkeit beim Finanzausgleich!<\/span><\/strong><\/p>\n<p style=\"text-align: right\">Klagenfurt, 15. M\u00e4rz 2016<\/p>\n<p style=\"text-align: justify\">Der neue Finanzausgleich ab 2017 mit einem Volumen von rund 90 Milliarden Euro ist ein Schl\u00fcsselprojekt f\u00fcr die Zukunft der l\u00e4ndlichen Gemeinden K\u00e4rntens. Derzeit werden kleinere Gemeinden durch den sogenannten \u201eabgestuften Bev\u00f6lkerungsschl\u00fcssel\u201c gegen\u00fcber St\u00e4dten benachteiligt. Gemeinden mit weniger als 10.000 Einwohnern erhalten durch den Verteilungsmechanismus etwa nur die H\u00e4lfte des Betrages pro B\u00fcrger als Gemeinden mit \u00fcber 50.000 Einwohnern. Ein\/e B\u00fcrger\/B\u00fcrgerin einer kleinen Landgemeinde ist demnach weniger wert als z.B. ein\/e B\u00fcrger\/B\u00fcrgerin der Stadt Klagenfurt.<\/p>\n<p style=\"text-align: justify\">\u201eDiese historische Ungerechtigkeit muss endlich ein Ende haben. Es ist nicht einzusehen warum f\u00fcr Menschen in gr\u00f6\u00dferen Gemeinden mehr Mittel zur Verf\u00fcgung stehen wie in kleinen Gemeinden. Der Finanzbedarf ist unabh\u00e4ngig von der Gemeindegr\u00f6\u00dfe und gerade in strukturschw\u00e4cheren Regionen explodieren die Kosten f\u00fcr Kinderg\u00e4rten, Schulen, Altenbetreuung, Wegenetz sowie Kanal- und Wassernetz.\u201c so Landwirtschaftskammerpr\u00e4sident \u00d6R Ing. Johann M\u00f6\u00dfler.<\/p>\n<p style=\"text-align: justify\">Der Pr\u00e4sident des \u00d6kosozialen Forums \u00d6R Walfried Wutscher betont: \u201eDie l\u00e4ndlichen Gemeinden sind das R\u00fcckgrat eines funktionierenden Sozial- und Wirtschaftsraumes in K\u00e4rnten. Der Tourismus findet ja vor allem am Land statt. Werden die kleinen Landgemeinden ausgehungert, verf\u00e4llt die Infrastruktur, die Menschen ziehen weg und das Tourismusland K\u00e4rnten ist am Ende\u201c.<br \/>\nDass der abgestufte Bev\u00f6lkerungsschl\u00fcssel nicht mehr zeitgem\u00e4\u00df ist, best\u00e4tigt auch der K\u00e4rntner Gemeindebund-Pr\u00e4sident Bgm. Peter Stauber. \u201eHier bedarf es eines zeitgem\u00e4\u00dfen Verteilungsschl\u00fcssels, der sowohl Basisaufgaben, als auch zentral\u00f6rtliche Funktionen abbildet.\u201c Damit ist es jedoch laut Stauber nicht getan. \u201eProblematisch ist das West-Ost-Gef\u00e4lle zwischen den Gemeinden unterschiedlicher Bundesl\u00e4nder. W\u00e4hrend eine Salzburger Gemeinde im Schnitt mehr als 1.000 Euro pro Einwohner erh\u00e4lt, bekommt die durchschnittliche K\u00e4rntner Gemeinde knapp 800 Euro.<\/p>\n<p style=\"text-align: justify\">Diese Ungerechtigkeit muss wie der abgestufte Bev\u00f6lkerungsschl\u00fcssel schrittweise abgebaut werden. Ebenso ist \u00f6sterreichweit ein Fonds f\u00fcr strukturschwache Gemeinden und Abwanderungsgemeinden erforderlich.\u201c<\/p>\n<p style=\"text-align: justify\">Gemeinsam fordern die drei Pr\u00e4sidenten die K\u00e4rntner Landesregierung auf, in den Verhandlungen zum Finanzausgleich die Abschaffung des sogenannten \u201eabgestuften Bev\u00f6lkerungsschl\u00fcssels\u201c und die Einf\u00fchrung eines modernen, gerechten und aufgabenorientierten Finanzausgleichs zu fordern, der die vielf\u00e4ltigen Aufgaben der Gemeinden ber\u00fccksichtigt.<\/p>\n<hr \/>\n<p>R\u00fcckfragehinweis:<\/p>\n<p>DI Mag. Bernhard Rebernig, Gesch\u00e4ftsf\u00fchrer \u00d6kosoziales Forum K\u00e4rnten (<a href=\"mailto:kaernten@oekosozial.at\">kaernten@oekosozial.at<\/a>; 0676\/ 83 555 347)<br \/>\nMag. (FH) Peter Heymich, Landesgesch\u00e4ftsf\u00fchrer K\u00e4rntner Gemeindebund (<a href=\"mailto:peter.heymich@ktn.gde.at\">peter.heymich@ktn.gde.at<\/a>; 0664\/51 23 912)<\/p>\n","protected":false},"excerpt":{"rendered":"<p>\u00a9 Pesentheiner\/LK \u00d6kosoziales Forum, Gemeindebund und Landwirtschaftskammer fordern mehr Gerechtigkeit beim Finanzausgleich! Klagenfurt, 15. M\u00e4rz 2016 Der neue Finanzausgleich ab 2017 mit einem Volumen von rund 90 Milliarden Euro ist ein Schl\u00fcsselprojekt f\u00fcr die Zukunft der l\u00e4ndlichen Gemeinden K\u00e4rntens. Derzeit werden kleinere Gemeinden durch den sogenannten \u201eabgestuften Bev\u00f6lkerungsschl\u00fcssel\u201c gegen\u00fcber St\u00e4dten benachteiligt. Gemeinden mit weniger als 10.000 Einwohnern erhalten durch den &#8230;<\/p>\n","protected":false},"author":15,"featured_media":67,"parent":0,"menu_order":0,"comment_status":"closed","ping_status":"closed","template":"","meta":{"footnotes":""},"class_list":["post-49","page","type-page","status-publish","has-post-thumbnail","hentry"],"_links":{"self":[{"href":"https:\/\/oekosozial.at\/kaernten\/wp-json\/wp\/v2\/pages\/49","targetHints":{"allow":["GET"]}}],"collection":[{"href":"https:\/\/oekosozial.at\/kaernten\/wp-json\/wp\/v2\/pages"}],"about":[{"href":"https:\/\/oekosozial.at\/kaernten\/wp-json\/wp\/v2\/types\/page"}],"author":[{"embeddable":true,"href":"https:\/\/oekosozial.at\/kaernten\/wp-json\/wp\/v2\/users\/15"}],"replies":[{"embeddable":true,"href":"https:\/\/oekosozial.at\/kaernten\/wp-json\/wp\/v2\/comments?post=49"}],"version-history":[{"count":9,"href":"https:\/\/oekosozial.at\/kaernten\/wp-json\/wp\/v2\/pages\/49\/revisions"}],"predecessor-version":[{"id":145,"href":"https:\/\/oekosozial.at\/kaernten\/wp-json\/wp\/v2\/pages\/49\/revisions\/145"}],"wp:featuredmedia":[{"embeddable":true,"href":"https:\/\/oekosozial.at\/kaernten\/wp-json\/wp\/v2\/media\/67"}],"wp:attachment":[{"href":"https:\/\/oekosozial.at\/kaernten\/wp-json\/wp\/v2\/media?parent=49"}],"curies":[{"name":"wp","href":"https:\/\/api.w.org\/{rel}","templated":true}]}}