{"id":40,"date":"2017-03-14T08:58:15","date_gmt":"2017-03-14T07:58:15","guid":{"rendered":"https:\/\/oekosozial.at\/kaernten\/?page_id=40"},"modified":"2022-12-06T10:34:04","modified_gmt":"2022-12-06T09:34:04","slug":"ueber-uns","status":"publish","type":"page","link":"https:\/\/oekosozial.at\/kaernten\/ueber-uns\/","title":{"rendered":"\u00dcber uns"},"content":{"rendered":"<p><span style=\"color: #1a8700\"><strong><span style=\"font-size: 14pt\">Das \u00d6kosoziale Forum K\u00e4rnten<\/span><\/strong><\/span><\/p>\n<p style=\"text-align: justify\">Das \u00d6kosoziale Forum K\u00e4rnten setzt sich f\u00fcr die Weiterentwicklung, Vertiefung und Verbreitung des \u00f6kosozialen Gesellschafts- und Wirtschaftsmodells ein. Der Verein versteht sich als regionale Kommunikationsplattform f\u00fcr Themen der Nachhaltigkeit. Der Bogen spannt sich von Agrar- und Umweltpolitik bis hin zu wirtschaftlichen und gesellschaftlichen Fragen. Unser Fokus liegt auf regionalpolitischen Handlungsfeldern, um den l\u00e4ndlichen Raum und die urbanen Gebiete hinsichtlich Lebensqualit\u00e4t und Wettbewerbsf\u00e4higkeit zu st\u00e4rken.<\/p>\n","protected":false},"excerpt":{"rendered":"<p>Das \u00d6kosoziale Forum K\u00e4rnten Das \u00d6kosoziale Forum K\u00e4rnten setzt sich f\u00fcr die Weiterentwicklung, Vertiefung und Verbreitung des \u00f6kosozialen Gesellschafts- und Wirtschaftsmodells ein. Der Verein versteht sich als regionale Kommunikationsplattform f\u00fcr Themen der Nachhaltigkeit. Der Bogen spannt sich von Agrar- und Umweltpolitik bis hin zu wirtschaftlichen und gesellschaftlichen Fragen. Unser Fokus liegt auf regionalpolitischen Handlungsfeldern, um den l\u00e4ndlichen Raum und die &#8230;<\/p>\n","protected":false},"author":15,"featured_media":575,"parent":0,"menu_order":0,"comment_status":"closed","ping_status":"closed","template":"","meta":{"footnotes":""},"class_list":["post-40","page","type-page","status-publish","has-post-thumbnail","hentry"],"_links":{"self":[{"href":"https:\/\/oekosozial.at\/kaernten\/wp-json\/wp\/v2\/pages\/40","targetHints":{"allow":["GET"]}}],"collection":[{"href":"https:\/\/oekosozial.at\/kaernten\/wp-json\/wp\/v2\/pages"}],"about":[{"href":"https:\/\/oekosozial.at\/kaernten\/wp-json\/wp\/v2\/types\/page"}],"author":[{"embeddable":true,"href":"https:\/\/oekosozial.at\/kaernten\/wp-json\/wp\/v2\/users\/15"}],"replies":[{"embeddable":true,"href":"https:\/\/oekosozial.at\/kaernten\/wp-json\/wp\/v2\/comments?post=40"}],"version-history":[{"count":2,"href":"https:\/\/oekosozial.at\/kaernten\/wp-json\/wp\/v2\/pages\/40\/revisions"}],"predecessor-version":[{"id":133,"href":"https:\/\/oekosozial.at\/kaernten\/wp-json\/wp\/v2\/pages\/40\/revisions\/133"}],"wp:featuredmedia":[{"embeddable":true,"href":"https:\/\/oekosozial.at\/kaernten\/wp-json\/wp\/v2\/media\/575"}],"wp:attachment":[{"href":"https:\/\/oekosozial.at\/kaernten\/wp-json\/wp\/v2\/media?parent=40"}],"curies":[{"name":"wp","href":"https:\/\/api.w.org\/{rel}","templated":true}]}}