{"id":36,"date":"2017-03-14T08:56:10","date_gmt":"2017-03-14T07:56:10","guid":{"rendered":"https:\/\/oekosozial.at\/kaernten\/?page_id=36"},"modified":"2017-03-17T15:53:13","modified_gmt":"2017-03-17T14:53:13","slug":"aktivitaeten","status":"publish","type":"page","link":"https:\/\/oekosozial.at\/kaernten\/aktivitaeten\/","title":{"rendered":"Aktivit\u00e4ten"},"content":{"rendered":"<p style=\"text-align: justify\">Mit unseren Aktivit\u00e4ten wollen wir Alternativen aufzeigen,neue Ans\u00e4tze f\u00fcr K\u00e4rnten entwerfen und den l\u00e4ndlichen Raum sowie die urbanen Gebiete hinsichtlich Lebensqualit\u00e4t und Wettbewerbsf\u00e4higkeit st\u00e4rken.<\/p>\n","protected":false},"excerpt":{"rendered":"<p>Mit unseren Aktivit\u00e4ten wollen wir Alternativen aufzeigen,neue Ans\u00e4tze f\u00fcr K\u00e4rnten entwerfen und den l\u00e4ndlichen Raum sowie die urbanen Gebiete hinsichtlich Lebensqualit\u00e4t und Wettbewerbsf\u00e4higkeit st\u00e4rken.<\/p>\n","protected":false},"author":15,"featured_media":0,"parent":0,"menu_order":0,"comment_status":"closed","ping_status":"closed","template":"","meta":{"footnotes":""},"class_list":["post-36","page","type-page","status-publish","hentry","no-post-thumbnail"],"_links":{"self":[{"href":"https:\/\/oekosozial.at\/kaernten\/wp-json\/wp\/v2\/pages\/36","targetHints":{"allow":["GET"]}}],"collection":[{"href":"https:\/\/oekosozial.at\/kaernten\/wp-json\/wp\/v2\/pages"}],"about":[{"href":"https:\/\/oekosozial.at\/kaernten\/wp-json\/wp\/v2\/types\/page"}],"author":[{"embeddable":true,"href":"https:\/\/oekosozial.at\/kaernten\/wp-json\/wp\/v2\/users\/15"}],"replies":[{"embeddable":true,"href":"https:\/\/oekosozial.at\/kaernten\/wp-json\/wp\/v2\/comments?post=36"}],"version-history":[{"count":4,"href":"https:\/\/oekosozial.at\/kaernten\/wp-json\/wp\/v2\/pages\/36\/revisions"}],"predecessor-version":[{"id":137,"href":"https:\/\/oekosozial.at\/kaernten\/wp-json\/wp\/v2\/pages\/36\/revisions\/137"}],"wp:attachment":[{"href":"https:\/\/oekosozial.at\/kaernten\/wp-json\/wp\/v2\/media?parent=36"}],"curies":[{"name":"wp","href":"https:\/\/api.w.org\/{rel}","templated":true}]}}