{"id":188,"date":"2017-05-05T13:13:31","date_gmt":"2017-05-05T11:13:31","guid":{"rendered":"https:\/\/oekosozial.at\/kaernten\/?page_id=188"},"modified":"2017-05-05T13:13:31","modified_gmt":"2017-05-05T11:13:31","slug":"veranstaltungsreihe-zukunftskino","status":"publish","type":"page","link":"https:\/\/oekosozial.at\/kaernten\/veranstaltungsreihe-zukunftskino\/","title":{"rendered":"Veranstaltungsreihe Zukunftskino"},"content":{"rendered":"<p style=\"text-align: justify\">Zusammen mit dem Rektorat und der \u00d6H der Fachhochschule K\u00e4rnten haben wir ein neues Veranstaltungsformat entwickelt &#8211; das Zukunftskino. Dabei handelt es sich um eine zwei bis drei Mal im Semester an der FH K\u00e4rnten stattfindende Veranstaltung, welche sich mittels Dokumentarfilme den brennendsten Fragen unserer Zeit widmet und dabei die engen Zusammenh\u00e4nge zwischen Wirtschaft, Mensch und Natur in den Fokus r\u00fcckt. Es werden Filme gezeigt, welche prim\u00e4r das Ziel verfolgen das Wissen der Studierenden zu erweitern oder ihnen gar einen Blick \u00fcber den Tellerrand des eigenen Studiums hinaus zu verschaffen. Offene Fragen k\u00f6nnen im Anschluss mit ExpertInnen aus dem jeweiligen Bereich im Rahmen einer Podiumsdiskussion besprochen werden.<\/p>\n","protected":false},"excerpt":{"rendered":"<p>Zusammen mit dem Rektorat und der \u00d6H der Fachhochschule K\u00e4rnten haben wir ein neues Veranstaltungsformat entwickelt &#8211; das Zukunftskino. Dabei handelt es sich um eine zwei bis drei Mal im Semester an der FH K\u00e4rnten stattfindende Veranstaltung, welche sich mittels Dokumentarfilme den brennendsten Fragen unserer Zeit widmet und dabei die engen Zusammenh\u00e4nge zwischen Wirtschaft, Mensch und Natur in den Fokus &#8230;<\/p>\n","protected":false},"author":15,"featured_media":190,"parent":0,"menu_order":0,"comment_status":"closed","ping_status":"closed","template":"","meta":{"footnotes":""},"class_list":["post-188","page","type-page","status-publish","has-post-thumbnail","hentry"],"_links":{"self":[{"href":"https:\/\/oekosozial.at\/kaernten\/wp-json\/wp\/v2\/pages\/188","targetHints":{"allow":["GET"]}}],"collection":[{"href":"https:\/\/oekosozial.at\/kaernten\/wp-json\/wp\/v2\/pages"}],"about":[{"href":"https:\/\/oekosozial.at\/kaernten\/wp-json\/wp\/v2\/types\/page"}],"author":[{"embeddable":true,"href":"https:\/\/oekosozial.at\/kaernten\/wp-json\/wp\/v2\/users\/15"}],"replies":[{"embeddable":true,"href":"https:\/\/oekosozial.at\/kaernten\/wp-json\/wp\/v2\/comments?post=188"}],"version-history":[{"count":3,"href":"https:\/\/oekosozial.at\/kaernten\/wp-json\/wp\/v2\/pages\/188\/revisions"}],"predecessor-version":[{"id":192,"href":"https:\/\/oekosozial.at\/kaernten\/wp-json\/wp\/v2\/pages\/188\/revisions\/192"}],"wp:featuredmedia":[{"embeddable":true,"href":"https:\/\/oekosozial.at\/kaernten\/wp-json\/wp\/v2\/media\/190"}],"wp:attachment":[{"href":"https:\/\/oekosozial.at\/kaernten\/wp-json\/wp\/v2\/media?parent=188"}],"curies":[{"name":"wp","href":"https:\/\/api.w.org\/{rel}","templated":true}]}}