{"id":170,"date":"2017-05-05T11:33:06","date_gmt":"2017-05-05T09:33:06","guid":{"rendered":"https:\/\/oekosozial.at\/kaernten\/?page_id=170"},"modified":"2017-05-05T11:48:36","modified_gmt":"2017-05-05T09:48:36","slug":"1-zukunftskino-tomorrow-die-welt-ist-voller-loesungen","status":"publish","type":"page","link":"https:\/\/oekosozial.at\/kaernten\/1-zukunftskino-tomorrow-die-welt-ist-voller-loesungen\/","title":{"rendered":"1. Zukunftskino &#8222;Tomorrow &#8211; Die Welt ist voller L\u00f6sungen&#8220;"},"content":{"rendered":"<p style=\"text-align: right\">03.05.2017<\/p>\n<p style=\"text-align: center\"><span style=\"font-size: 14pt\"><strong>&#8222;Wir haben nicht gefragt: Wollen wir den Planeten retten? Wir legten einfach los.&#8220;\u00a0<\/strong><\/span><\/p>\n<p style=\"text-align: justify\">Am Mittwoch, den 03.05.2017, starteten wir in Kooperation mit dem Rektorat und der \u00d6H der FH K\u00e4rnten ein neues Veranstaltungsformat namens Zukunftskino, wo mittels Dokumentationen brennende Fragen unserer Zeit angesprochen und dabei die engen Zusammenh\u00e4nge zwischen Wirtschaft, Mensch und Natur in den Fokus ger\u00fcckt werden.<\/p>\n<p style=\"text-align: justify\">F\u00fcr das erste Zukunftskino haben wir uns f\u00fcr den Film &#8222;Tomorrow &#8211; Die Welt ist voller L\u00f6sungen&#8220; entschieden. Dieser erfrischende Dokumentarfilm zeigt nicht nur die Probleme auf, vor denen wir derzeit oder in naher Zukunft stehen, sondern stellt bereits gelebte positive Ans\u00e4tze, um den Lauf der Welt in eine bessere Richtung zu drehen, in den Vordergrund. Dabei wird der Film in f\u00fcnf Kapitel unterteilt: Landwirtschaft, Energie, Wirtschaft, Demokratie und Bildung. Der Bogen wird von Urban Gardening und Permakultur, \u00fcber energieautarke Regionen und das hervorragende M\u00fcllmanagement in San Francisco bis hin zu komlement\u00e4ren W\u00e4hrungen wie den WIR-Dollar und den didaktischen Ans\u00e4tzen der <span class=\"st\">Kirkkojarvi-Schule in Finnland gespannt.<\/span><\/p>\n<p><span style=\"color: #ffffff\">x<\/span><\/p>\n<p style=\"text-align: justify\"><img loading=\"lazy\" decoding=\"async\" class=\"alignnone size-full wp-image-173\" src=\"https:\/\/oekosozial.at\/kaernten\/wp-content\/uploads\/sites\/3\/2017\/05\/18199139_1508757062502031_8436448310751771469_n.jpg\" alt=\"\" width=\"960\" height=\"540\" srcset=\"https:\/\/oekosozial.at\/kaernten\/wp-content\/uploads\/sites\/3\/2017\/05\/18199139_1508757062502031_8436448310751771469_n.jpg 960w, https:\/\/oekosozial.at\/kaernten\/wp-content\/uploads\/sites\/3\/2017\/05\/18199139_1508757062502031_8436448310751771469_n-300x169.jpg 300w, https:\/\/oekosozial.at\/kaernten\/wp-content\/uploads\/sites\/3\/2017\/05\/18199139_1508757062502031_8436448310751771469_n-768x432.jpg 768w, https:\/\/oekosozial.at\/kaernten\/wp-content\/uploads\/sites\/3\/2017\/05\/18199139_1508757062502031_8436448310751771469_n-100x56.jpg 100w, https:\/\/oekosozial.at\/kaernten\/wp-content\/uploads\/sites\/3\/2017\/05\/18199139_1508757062502031_8436448310751771469_n-758x426.jpg 758w\" sizes=\"auto, (max-width: 960px) 100vw, 960px\" \/><\/p>\n<p style=\"text-align: justify\">Der Filmvorf\u00fchrung folgte eine Podiumsdiskussion mit DDI Gerd-Ingo Janitschek, Gesch\u00e4ftsf\u00fchrer von FAMILY OF POWER, und DI Mag. Bernhard Rebernig, Gesch\u00e4ftsf\u00fchrer des \u00d6kosozialen Forum K\u00e4rnten, welche \u00fcber ihren Einsatz, um den Lauf der Welt speziell in K\u00e4rnten in eine bessere Richtung zu drehen, sprachen. Auch das Publikum bekam gen\u00fcgend Raum f\u00fcr Fragen, wodurch der Bogen noch weiter gespannt wurde, von Maschinensteuer und bedingungslosen Grundeinkommen bis hin zu regionalen Lebensmitteln in der \u00f6ffentlichen Verpflegung und e-Carsharing.<\/p>\n<p style=\"text-align: justify\">Wir danken unseren Partnern der Fachhochschule und unserem externen Diskutanten f\u00fcr diese gelungene Auftaktveranstaltung und freuen uns schon auf das n\u00e4chste Zukunftskino!<\/p>\n","protected":false},"excerpt":{"rendered":"<p>03.05.2017 &#8222;Wir haben nicht gefragt: Wollen wir den Planeten retten? Wir legten einfach los.&#8220;\u00a0 Am Mittwoch, den 03.05.2017, starteten wir in Kooperation mit dem Rektorat und der \u00d6H der FH K\u00e4rnten ein neues Veranstaltungsformat namens Zukunftskino, wo mittels Dokumentationen brennende Fragen unserer Zeit angesprochen und dabei die engen Zusammenh\u00e4nge zwischen Wirtschaft, Mensch und Natur in den Fokus ger\u00fcckt werden. F\u00fcr &#8230;<\/p>\n","protected":false},"author":15,"featured_media":177,"parent":0,"menu_order":0,"comment_status":"closed","ping_status":"closed","template":"","meta":{"footnotes":""},"class_list":["post-170","page","type-page","status-publish","has-post-thumbnail","hentry"],"_links":{"self":[{"href":"https:\/\/oekosozial.at\/kaernten\/wp-json\/wp\/v2\/pages\/170","targetHints":{"allow":["GET"]}}],"collection":[{"href":"https:\/\/oekosozial.at\/kaernten\/wp-json\/wp\/v2\/pages"}],"about":[{"href":"https:\/\/oekosozial.at\/kaernten\/wp-json\/wp\/v2\/types\/page"}],"author":[{"embeddable":true,"href":"https:\/\/oekosozial.at\/kaernten\/wp-json\/wp\/v2\/users\/15"}],"replies":[{"embeddable":true,"href":"https:\/\/oekosozial.at\/kaernten\/wp-json\/wp\/v2\/comments?post=170"}],"version-history":[{"count":10,"href":"https:\/\/oekosozial.at\/kaernten\/wp-json\/wp\/v2\/pages\/170\/revisions"}],"predecessor-version":[{"id":187,"href":"https:\/\/oekosozial.at\/kaernten\/wp-json\/wp\/v2\/pages\/170\/revisions\/187"}],"wp:featuredmedia":[{"embeddable":true,"href":"https:\/\/oekosozial.at\/kaernten\/wp-json\/wp\/v2\/media\/177"}],"wp:attachment":[{"href":"https:\/\/oekosozial.at\/kaernten\/wp-json\/wp\/v2\/media?parent=170"}],"curies":[{"name":"wp","href":"https:\/\/api.w.org\/{rel}","templated":true}]}}